{"id":150267,"date":"2021-01-15T11:01:55","date_gmt":"2021-01-15T11:01:55","guid":{"rendered":"https:\/\/codengine3.ch\/?product=import-placeholder-for-203131"},"modified":"2021-01-15T12:54:23","modified_gmt":"2021-01-15T12:54:23","slug":"schitourenparadies-oesterreich","status":"publish","type":"product","link":"https:\/\/pizbube.ch\/en\/shop\/schitourenparadies-oesterreich\/","title":{"rendered":"Schitourenparadies \u00d6sterreich"},"content":{"rendered":"<p>Firn und Pulver, eisige Steilflanken und b\u00e4rige Waldabfahrten, Topziele und<br \/>\nTraumgipfel das Schitouren-Land \u00d6sterreich bietet dem Schitourengeher ein<br \/>\nfaszinierendes Spektrum au\u00dfergew\u00f6hnlicher M\u00f6glichkeiten: von der leichten,<br \/>\nvergn\u00fcglichen Schiwanderung bis zum anspruchsvollen Aktivgenuss auf klassisch-<br \/>\nhochalpinen Touren, gro\u00dfz\u00fcgige Rundtouren und feine Anstiegs-Kombinationen.<br \/>\nKenntnisreich und kompetent stellen G\u00fcnter und Luise Auferbauer 40<br \/>\nTourengebiete vor, die die Sch\u00f6nheit und Einzigartigkeit des<br \/>\nSchitourenparadieses \u00d6sterreich ins rechte Licht r\u00fccken. Dazu kommen viele<br \/>\npraktische Ideen, wie etwa f\u00fcr liftige Touren-Kombinationen mit Bergbahnen.<\/p>","protected":false},"excerpt":{"rendered":"<p>Firn und Pulver, eisige Steilflanken und b\u00e4rige Waldabfahrten, Topziele und Traumgipfel das Schitouren-Land \u00d6sterreich bietet dem Schitourengeher ein faszinierendes Spektrum au\u00dfergew\u00f6hnlicher M\u00f6glichkeiten: von der leichten, vergn\u00fcglichen Schiwanderung bis zum anspruchsvollen Aktivgenuss auf klassisch- hochalpinen Touren, gro\u00dfz\u00fcgige Rundtouren und feine Anstiegs-Kombinationen. Kenntnisreich und kompetent stellen G\u00fcnter und Luise Auferbauer 40 Tourengebiete vor, die die Sch\u00f6nheit und [&#8230;]\n","protected":false},"featured_media":30664,"template":"","meta":[],"product_brand":[],"product_cat":[21540],"product_tag":[],"class_list":{"0":"post-150267","1":"product","2":"type-product","3":"status-publish","4":"has-post-thumbnail","6":"product_cat-fuehrerliteratur-alpin-winter","7":"pa_autor-auferbauer","8":"pa_erscheinungsjahr-22292","9":"pa_region-oesterreich","10":"pa_sprache-de","12":"first","13":"outofstock","14":"taxable","15":"shipping-taxable","16":"purchasable","17":"product-type-simple"},"_links":{"self":[{"href":"https:\/\/pizbube.ch\/en\/wp-json\/wp\/v2\/product\/150267","targetHints":{"allow":["GET"]}}],"collection":[{"href":"https:\/\/pizbube.ch\/en\/wp-json\/wp\/v2\/product"}],"about":[{"href":"https:\/\/pizbube.ch\/en\/wp-json\/wp\/v2\/types\/product"}],"wp:featuredmedia":[{"embeddable":true,"href":"https:\/\/pizbube.ch\/en\/wp-json\/wp\/v2\/media\/30664"}],"wp:attachment":[{"href":"https:\/\/pizbube.ch\/en\/wp-json\/wp\/v2\/media?parent=150267"}],"wp:term":[{"taxonomy":"product_brand","embeddable":true,"href":"https:\/\/pizbube.ch\/en\/wp-json\/wp\/v2\/product_brand?post=150267"},{"taxonomy":"product_cat","embeddable":true,"href":"https:\/\/pizbube.ch\/en\/wp-json\/wp\/v2\/product_cat?post=150267"},{"taxonomy":"product_tag","embeddable":true,"href":"https:\/\/pizbube.ch\/en\/wp-json\/wp\/v2\/product_tag?post=150267"}],"curies":[{"name":"wp","href":"https:\/\/api.w.org\/{rel}","templated":true}]}}