{"id":150269,"date":"2021-01-15T11:01:55","date_gmt":"2021-01-15T11:01:55","guid":{"rendered":"https:\/\/codengine3.ch\/?product=import-placeholder-for-202136"},"modified":"2021-01-15T12:33:43","modified_gmt":"2021-01-15T12:33:43","slug":"skitouren-in-nordtirol","status":"publish","type":"product","link":"https:\/\/pizbube.ch\/en\/shop\/skitouren-in-nordtirol\/","title":{"rendered":"Skitouren in Nordtirol"},"content":{"rendered":"<p>Die 40 sch\u00f6nsten Skitouren und zahlreiche Wegvarianten zwischen Lechtaler und<br \/>\nZillertaler Alpen &#8211; von der einfachen Halbtagestour f\u00fcr Skitourenneulinge bis<br \/>\nzu anspruchsvollen Fr\u00fchjahrsski- und Firngleitertouren f\u00fcr alte Hasen. Angaben<br \/>\nzu Aufstiegs- und Abfahrtszeiten, H\u00f6henunterschied, Schwierigkeit und<br \/>\nLawinenrisiko erleichtern die Tourenauswahl. Alle Routendaten k\u00f6nnen im<br \/>\nInternet heruntergeladen und auf ein GPS- Ger\u00e4t zur pr\u00e4zisen Navigation im<br \/>\nGel\u00e4nde \u00fcberspielt werden.<br \/>\nZahlr. Farbfotos, Karten, Tab. 144 S.<\/p>","protected":false},"excerpt":{"rendered":"<p>Die 40 sch\u00f6nsten Skitouren und zahlreiche Wegvarianten zwischen Lechtaler und Zillertaler Alpen &#8211; von der einfachen Halbtagestour f\u00fcr Skitourenneulinge bis zu anspruchsvollen Fr\u00fchjahrsski- und Firngleitertouren f\u00fcr alte Hasen. Angaben zu Aufstiegs- und Abfahrtszeiten, H\u00f6henunterschied, Schwierigkeit und Lawinenrisiko erleichtern die Tourenauswahl. Alle Routendaten k\u00f6nnen im Internet heruntergeladen und auf ein GPS- Ger\u00e4t zur pr\u00e4zisen Navigation im [&#8230;]\n","protected":false},"featured_media":29526,"template":"","meta":[],"product_brand":[],"product_cat":[21540],"product_tag":[],"class_list":{"0":"post-150269","1":"product","2":"type-product","3":"status-publish","4":"has-post-thumbnail","6":"product_cat-fuehrerliteratur-alpin-winter","7":"pa_autor-garnweider","8":"pa_erscheinungsjahr-21776","9":"pa_region-deutschland","10":"pa_sprache-de","12":"first","13":"instock","14":"taxable","15":"shipping-taxable","16":"purchasable","17":"product-type-simple"},"_links":{"self":[{"href":"https:\/\/pizbube.ch\/en\/wp-json\/wp\/v2\/product\/150269","targetHints":{"allow":["GET"]}}],"collection":[{"href":"https:\/\/pizbube.ch\/en\/wp-json\/wp\/v2\/product"}],"about":[{"href":"https:\/\/pizbube.ch\/en\/wp-json\/wp\/v2\/types\/product"}],"wp:featuredmedia":[{"embeddable":true,"href":"https:\/\/pizbube.ch\/en\/wp-json\/wp\/v2\/media\/29526"}],"wp:attachment":[{"href":"https:\/\/pizbube.ch\/en\/wp-json\/wp\/v2\/media?parent=150269"}],"wp:term":[{"taxonomy":"product_brand","embeddable":true,"href":"https:\/\/pizbube.ch\/en\/wp-json\/wp\/v2\/product_brand?post=150269"},{"taxonomy":"product_cat","embeddable":true,"href":"https:\/\/pizbube.ch\/en\/wp-json\/wp\/v2\/product_cat?post=150269"},{"taxonomy":"product_tag","embeddable":true,"href":"https:\/\/pizbube.ch\/en\/wp-json\/wp\/v2\/product_tag?post=150269"}],"curies":[{"name":"wp","href":"https:\/\/api.w.org\/{rel}","templated":true}]}}