{"id":150273,"date":"2021-01-15T11:01:55","date_gmt":"2021-01-15T11:01:55","guid":{"rendered":"https:\/\/codengine3.ch\/?product=import-placeholder-for-202530"},"modified":"2025-04-01T09:41:09","modified_gmt":"2025-04-01T07:41:09","slug":"hohe-tauern-die-schoensten-skitouren","status":"publish","type":"product","link":"https:\/\/pizbube.ch\/en\/shop\/hohe-tauern-die-schoensten-skitouren\/","title":{"rendered":"Hohe Tauern &#8211; Die sch\u00f6nsten Skitouren"},"content":{"rendered":"<p>Die Hohen Tauern z\u00e4hlen zu den besten Skihochtourenrevieren der Ostalpen.<br \/>\nKlangvolle Namen wie Gro\u00dfvenediger, Gro\u00dfglockner oder Hocharn wecken<br \/>\nirgendwann einmal bei jedem Skitourenfreund Begehrlichkeiten. Die Tourenziele<br \/>\num die K\u00fcrsinger H\u00fctte oder Rudolfsh\u00fctte sind mit Recht beliebt und ber\u00fchmt.<br \/>\n\u00dcber diese gro\u00dfen Ostalpen-Klassiker hinaus bieten aber allein die<br \/>\nTauernt\u00e4ler, wie das Rauriser, Fuscher, Kapruner oder Felber Tal, eine F\u00fclle<br \/>\nvon gro\u00dfartigen Tagestouren, die in der derzeit am Markt befindlichen<br \/>\nSkitouren-Literatur bisher eher vernachl\u00e4ssigt wurden. Diese empfindliche<br \/>\nL\u00fccke schlie\u00dft nun Bergf\u00fchrer und Gebietskenner Thomas Schranz: Er stellt die<br \/>\nsch\u00f6nsten Skitourenziele im Bereich der Venediger- und Granatspitzgruppe, in<br \/>\nder Glockner- und Goldberggruppe vor.<\/p>\n<p>&#8211; Ca. 45 Skitouren: die gro\u00dfen Ziele der Region und viele Geheimtipps<br \/>\n&#8211; Original-Kartenausschnitte mit eingetragenem Routenverlauf<br \/>\n&#8211; alle wichtigen Informationen zur sicheren Tourenauswahl<br \/>\n&#8211; zuverl\u00e4ssige Routenbeschreibung<br \/>\n&#8211; kompetente Tipps f\u00fcr Snowboarder<br \/>\n2. aktualisierte Auflg. 2008<\/p>","protected":false},"excerpt":{"rendered":"<p>Die Hohen Tauern z\u00e4hlen zu den besten Skihochtourenrevieren der Ostalpen. Klangvolle Namen wie Gro\u00dfvenediger, Gro\u00dfglockner oder Hocharn wecken irgendwann einmal bei jedem Skitourenfreund Begehrlichkeiten. Die Tourenziele um die K\u00fcrsinger H\u00fctte oder Rudolfsh\u00fctte sind mit Recht beliebt und ber\u00fchmt. \u00dcber diese gro\u00dfen Ostalpen-Klassiker hinaus bieten aber allein die Tauernt\u00e4ler, wie das Rauriser, Fuscher, Kapruner oder Felber [&#8230;]\n","protected":false},"featured_media":29930,"template":"","meta":[],"product_brand":[],"product_cat":[21540],"product_tag":[],"class_list":{"0":"post-150273","1":"product","2":"type-product","3":"status-publish","4":"has-post-thumbnail","6":"product_cat-fuehrerliteratur-alpin-winter","7":"pa_autor-schranz","8":"pa_erscheinungsjahr-21591","9":"pa_region-oesterreich","10":"pa_sprache-de","12":"first","13":"outofstock","14":"taxable","15":"shipping-taxable","16":"purchasable","17":"product-type-simple"},"_links":{"self":[{"href":"https:\/\/pizbube.ch\/en\/wp-json\/wp\/v2\/product\/150273","targetHints":{"allow":["GET"]}}],"collection":[{"href":"https:\/\/pizbube.ch\/en\/wp-json\/wp\/v2\/product"}],"about":[{"href":"https:\/\/pizbube.ch\/en\/wp-json\/wp\/v2\/types\/product"}],"wp:featuredmedia":[{"embeddable":true,"href":"https:\/\/pizbube.ch\/en\/wp-json\/wp\/v2\/media\/29930"}],"wp:attachment":[{"href":"https:\/\/pizbube.ch\/en\/wp-json\/wp\/v2\/media?parent=150273"}],"wp:term":[{"taxonomy":"product_brand","embeddable":true,"href":"https:\/\/pizbube.ch\/en\/wp-json\/wp\/v2\/product_brand?post=150273"},{"taxonomy":"product_cat","embeddable":true,"href":"https:\/\/pizbube.ch\/en\/wp-json\/wp\/v2\/product_cat?post=150273"},{"taxonomy":"product_tag","embeddable":true,"href":"https:\/\/pizbube.ch\/en\/wp-json\/wp\/v2\/product_tag?post=150273"}],"curies":[{"name":"wp","href":"https:\/\/api.w.org\/{rel}","templated":true}]}}