{"id":150274,"date":"2021-01-15T11:01:56","date_gmt":"2021-01-15T11:01:56","guid":{"rendered":"https:\/\/codengine3.ch\/?product=import-placeholder-for-204506"},"modified":"2021-01-15T14:33:53","modified_gmt":"2021-01-15T14:33:53","slug":"skitourenatlas-salzburg-berchtesgaden","status":"publish","type":"product","link":"https:\/\/pizbube.ch\/en\/shop\/skitourenatlas-salzburg-berchtesgaden\/","title":{"rendered":"Skitourenatlas Salzburg \u2013 Berchtesgaden"},"content":{"rendered":"<p>555 Routen &#8211; Der \u201eSkitourenatlas Salzburg-Berchtesgaden\u201c l\u00f6st im Herbst den<br \/>\nBestseller \u201eSkitouren in und um Salzburg\u201c ab, der in sechs Auflagen erschienen<br \/>\nist. Clemens M. Hutter hat den Text v\u00f6llig \u00fcberarbeitet und vor allem Platz<br \/>\nf\u00fcr 100 Neutouren geschaffen, die der angesehene Ski-Alpinist Thomas Neuhold<br \/>\nals Co-Autor beigesteuert hat.<br \/>\nDas Erfolgsrezept bleibt unver\u00e4ndert: Das Angebot von 555 Routen deckt den<br \/>\nm\u00f6glichen Bedarf von \u201eAnf\u00e4ngern\u201c genauso wie den von anspruchsvollen<br \/>\nHochalpinisten. Ebenso erhalten bleibt das Prinzip, von einem Standort aus<br \/>\nmehrere Alternativen anzubieten, damit je nach Wetter, Lust und Kondition die<br \/>\nWahl getroffen werden kann.<\/p>","protected":false},"excerpt":{"rendered":"<p>555 Routen &#8211; Der \u201eSkitourenatlas Salzburg-Berchtesgaden\u201c l\u00f6st im Herbst den Bestseller \u201eSkitouren in und um Salzburg\u201c ab, der in sechs Auflagen erschienen ist. Clemens M. Hutter hat den Text v\u00f6llig \u00fcberarbeitet und vor allem Platz f\u00fcr 100 Neutouren geschaffen, die der angesehene Ski-Alpinist Thomas Neuhold als Co-Autor beigesteuert hat. Das Erfolgsrezept bleibt unver\u00e4ndert: Das Angebot [&#8230;]\n","protected":false},"featured_media":32505,"template":"","meta":[],"product_brand":[],"product_cat":[21540],"product_tag":[],"class_list":{"0":"post-150274","1":"product","2":"type-product","3":"status-publish","4":"has-post-thumbnail","6":"product_cat-fuehrerliteratur-alpin-winter","7":"pa_autor-hutter-neuhold","8":"pa_erscheinungsjahr-21621","9":"pa_region-oesterreich","10":"pa_sprache-de","12":"first","13":"instock","14":"taxable","15":"shipping-taxable","16":"purchasable","17":"product-type-simple"},"_links":{"self":[{"href":"https:\/\/pizbube.ch\/en\/wp-json\/wp\/v2\/product\/150274","targetHints":{"allow":["GET"]}}],"collection":[{"href":"https:\/\/pizbube.ch\/en\/wp-json\/wp\/v2\/product"}],"about":[{"href":"https:\/\/pizbube.ch\/en\/wp-json\/wp\/v2\/types\/product"}],"wp:featuredmedia":[{"embeddable":true,"href":"https:\/\/pizbube.ch\/en\/wp-json\/wp\/v2\/media\/32505"}],"wp:attachment":[{"href":"https:\/\/pizbube.ch\/en\/wp-json\/wp\/v2\/media?parent=150274"}],"wp:term":[{"taxonomy":"product_brand","embeddable":true,"href":"https:\/\/pizbube.ch\/en\/wp-json\/wp\/v2\/product_brand?post=150274"},{"taxonomy":"product_cat","embeddable":true,"href":"https:\/\/pizbube.ch\/en\/wp-json\/wp\/v2\/product_cat?post=150274"},{"taxonomy":"product_tag","embeddable":true,"href":"https:\/\/pizbube.ch\/en\/wp-json\/wp\/v2\/product_tag?post=150274"}],"curies":[{"name":"wp","href":"https:\/\/api.w.org\/{rel}","templated":true}]}}