{"id":150276,"date":"2021-01-15T11:01:56","date_gmt":"2021-01-15T11:01:56","guid":{"rendered":"https:\/\/codengine3.ch\/?product=import-placeholder-for-208489"},"modified":"2025-03-04T12:24:44","modified_gmt":"2025-03-04T11:24:44","slug":"hohe-tauern-select-125000-freeride-map","status":"publish","type":"product","link":"https:\/\/pizbube.ch\/en\/shop\/hohe-tauern-select-125000-freeride-map\/","title":{"rendered":"Hohe Tauern select 1:25&#8217;000 &#8211; Freeride Map"},"content":{"rendered":"<p>Ankogel, Gastein, Heiligenblut, M\u00f6lltaler Gletscher<\/p>\n<p>Die besten Rides in den heissesten Freeridespots der Alpen \u2013 dies ist die<br \/>\neinfache Formel der Freeride Maps. Die weltweit einzige Karte f\u00fcr Freerider<br \/>\nmacht das Wissen der Locals erstmals frei verf\u00fcgbar. Alle befahrbaren<br \/>\nFreeride-H\u00e4nge, Drops und Couloirs sind in so genannten Freeride-Korridoren in<br \/>\ndrei Schwierigkeitsgraden farblich gekennzeichnet (blau \u2013 fahrtechnisch<br \/>\neinfaches Gel\u00e4nde; gelb \u2013 fortgeschrittenes bis hohes fahrtechnisches K\u00f6nnen<br \/>\nerforderlich; rot \u2013 sehr schwieriges bis extremes Gel\u00e4nde, teilweise<br \/>\nausgesetzt \u2013 nur K\u00f6nnern vorbehalten).<\/p>\n<p>Kurze Anstiege sind durch eine rote Aufstiegslinie gekennzeichnet. Die Karten<br \/>\nim Massstab 1:25 000 (Basis: Kartenmaterial der jeweiligen<br \/>\nLandesvermessungs\u00e4mter wie z.B. Swisstopo) zeigen alle f\u00fcr die Planung und<br \/>\nUmsetzung im Gel\u00e4nde notwendigen Informationen.<\/p>\n<p>Der Kartenausschnitt ist frei gew\u00e4hlt, d.h. mit einer Karte ist das gesamte<br \/>\nGebiet abgedeckt (bisher musste man beispielsweise allein f\u00fcr Andermatt drei<br \/>\nLandeskarten mitnehmen). Die Freeride Maps sind auf reiss- und wasserfestes<br \/>\nPapier gedruckt und sind deshalb nahezu unzerst\u00f6rbar. Auf der Kartenr\u00fcckseite<br \/>\nwerden zus\u00e4tzlich alle Basisinformationen zu Routenplanung, Lawinenpr\u00e4vention<br \/>\nund Rettung in zwei Sprachen pr\u00e4sentiert. Dank dem praktischen Endformat 10 x<br \/>\n15 cm passen die Freeride Maps in jede Jacken- und Hosentasche.<\/p>","protected":false},"excerpt":{"rendered":"<p>Ankogel, Gastein, Heiligenblut, M\u00f6lltaler Gletscher Die besten Rides in den heissesten Freeridespots der Alpen \u2013 dies ist die einfache Formel der Freeride Maps. Die weltweit einzige Karte f\u00fcr Freerider macht das Wissen der Locals erstmals frei verf\u00fcgbar. Alle befahrbaren Freeride-H\u00e4nge, Drops und Couloirs sind in so genannten Freeride-Korridoren in drei Schwierigkeitsgraden farblich gekennzeichnet (blau \u2013 [&#8230;]\n","protected":false},"featured_media":40339,"template":"","meta":[],"product_brand":[],"product_cat":[21543],"product_tag":[],"class_list":{"0":"post-150276","1":"product","2":"type-product","3":"status-publish","4":"has-post-thumbnail","6":"product_cat-landkarten","7":"pa_autor-frm","8":"pa_erscheinungsjahr-21597","9":"pa_region-oesterreich","10":"pa_sprache-de-en","12":"first","13":"outofstock","14":"taxable","15":"shipping-taxable","16":"purchasable","17":"product-type-simple"},"_links":{"self":[{"href":"https:\/\/pizbube.ch\/en\/wp-json\/wp\/v2\/product\/150276","targetHints":{"allow":["GET"]}}],"collection":[{"href":"https:\/\/pizbube.ch\/en\/wp-json\/wp\/v2\/product"}],"about":[{"href":"https:\/\/pizbube.ch\/en\/wp-json\/wp\/v2\/types\/product"}],"wp:featuredmedia":[{"embeddable":true,"href":"https:\/\/pizbube.ch\/en\/wp-json\/wp\/v2\/media\/40339"}],"wp:attachment":[{"href":"https:\/\/pizbube.ch\/en\/wp-json\/wp\/v2\/media?parent=150276"}],"wp:term":[{"taxonomy":"product_brand","embeddable":true,"href":"https:\/\/pizbube.ch\/en\/wp-json\/wp\/v2\/product_brand?post=150276"},{"taxonomy":"product_cat","embeddable":true,"href":"https:\/\/pizbube.ch\/en\/wp-json\/wp\/v2\/product_cat?post=150276"},{"taxonomy":"product_tag","embeddable":true,"href":"https:\/\/pizbube.ch\/en\/wp-json\/wp\/v2\/product_tag?post=150276"}],"curies":[{"name":"wp","href":"https:\/\/api.w.org\/{rel}","templated":true}]}}