{"id":150278,"date":"2021-01-15T11:01:56","date_gmt":"2021-01-15T11:01:56","guid":{"rendered":"https:\/\/codengine3.ch\/?product=import-placeholder-for-200911"},"modified":"2021-01-15T11:02:00","modified_gmt":"2021-01-15T11:02:00","slug":"haut-valais-ski-de-randonnee","status":"publish","type":"product","link":"https:\/\/pizbube.ch\/en\/shop\/haut-valais-ski-de-randonnee\/","title":{"rendered":"Haut Valais Ski de randonn\u00e9e"},"content":{"rendered":"<p>Skitouren vom Furkapass bis ins Val d`Anniviers<br \/>\n121 itin\u00e9raires de ski alpinisme, dont les 4000 de Zermatt  <\/p>\n<p>Du val d&#8217;Anniviers au col de la Furka, sur la rive gauche du Rh\u00f4ne, les Alpes<br \/>\nValaisannes pr\u00e9sentent un chapelet de sommets prestigieux, \u00e0 commencer par les<br \/>\nc\u00e9l\u00e8bres 4000 de Zinal et de Saas Fee, mais aussi des r\u00e9gions plus sauvages ou<br \/>\nplus intimes comme le col du Simplon, le Binntal et la vall\u00e9e de Conches. La<br \/>\ngrande vari\u00e9t\u00e9 des parcours, l&#8217;esth\u00e9tique sublime des paysages, l&#8217;\u00e9tendue des<br \/>\nespaces d&#8217;altitude, permettent de consid\u00e9rer \u00e0 juste titre le Haut Valais<br \/>\ncomme le paradis du skieur de montagne.  <\/p>\n<p>Ce guide pr\u00e9sente 121 itin\u00e9raires, dont 23 sur des sommets de plus de 4000<br \/>\nm\u00e8tres, qui vont de la randonn\u00e9e facile aux fronti\u00e8res du ski extr\u00eame.<br \/>\nNombre d&#8217;itin\u00e9raires propos\u00e9s dans ce guide sont des classiques. Cependant,<br \/>\nparmi les courses d\u00e9crites, plusieurs d&#8217;entre elles sont peu pratiqu\u00e9es,<br \/>\ncertaines restent m\u00eame confidentielles. D&#8217;autre part, si l&#8217;on prend en compte<br \/>\nles descriptions des variantes aux itin\u00e9raires choisies, il s&#8217;agit d&#8217;un<br \/>\nr\u00e9pertoire exhaustif des courses dans le Haut Valais, qui vient d&#8217;\u00eatre remis \u00e0<br \/>\njour, pour la deuxi\u00e8me \u00e9dition de ce guide.  <\/p>\n<p>Comme pour tous les ouvrages de la collection, une fiche technique accompagne<br \/>\nchaque course, ainsi qu&#8217;un croquis sch\u00e9matique avec trac\u00e9 de l&#8217;itin\u00e9raire. Des<br \/>\nphotographies en couleurs compl\u00e8tent ce guide, qui reste la r\u00e9f\u00e9rence dans le<br \/>\ndomaine.<br \/>\n2 i\u00e8me \u00e9dit.  <\/p>","protected":false},"excerpt":{"rendered":"<p>Skitouren vom Furkapass bis ins Val d`Anniviers 121 itin\u00e9raires de ski alpinisme, dont les 4000 de Zermatt Du val d&#8217;Anniviers au col de la Furka, sur la rive gauche du Rh\u00f4ne, les Alpes Valaisannes pr\u00e9sentent un chapelet de sommets prestigieux, \u00e0 commencer par les c\u00e9l\u00e8bres 4000 de Zinal et de Saas Fee, mais aussi des [&#8230;]\n","protected":false},"featured_media":28026,"template":"","meta":[],"product_brand":[],"product_cat":[21540],"product_tag":[],"class_list":{"0":"post-150278","1":"product","2":"type-product","3":"status-publish","4":"has-post-thumbnail","6":"product_cat-fuehrerliteratur-alpin-winter","7":"pa_autor-labande","8":"pa_erscheinungsjahr-21591","9":"pa_region-schweiz","10":"pa_sprache-fr","12":"first","13":"instock","14":"taxable","15":"shipping-taxable","16":"purchasable","17":"product-type-simple"},"_links":{"self":[{"href":"https:\/\/pizbube.ch\/en\/wp-json\/wp\/v2\/product\/150278","targetHints":{"allow":["GET"]}}],"collection":[{"href":"https:\/\/pizbube.ch\/en\/wp-json\/wp\/v2\/product"}],"about":[{"href":"https:\/\/pizbube.ch\/en\/wp-json\/wp\/v2\/types\/product"}],"wp:featuredmedia":[{"embeddable":true,"href":"https:\/\/pizbube.ch\/en\/wp-json\/wp\/v2\/media\/28026"}],"wp:attachment":[{"href":"https:\/\/pizbube.ch\/en\/wp-json\/wp\/v2\/media?parent=150278"}],"wp:term":[{"taxonomy":"product_brand","embeddable":true,"href":"https:\/\/pizbube.ch\/en\/wp-json\/wp\/v2\/product_brand?post=150278"},{"taxonomy":"product_cat","embeddable":true,"href":"https:\/\/pizbube.ch\/en\/wp-json\/wp\/v2\/product_cat?post=150278"},{"taxonomy":"product_tag","embeddable":true,"href":"https:\/\/pizbube.ch\/en\/wp-json\/wp\/v2\/product_tag?post=150278"}],"curies":[{"name":"wp","href":"https:\/\/api.w.org\/{rel}","templated":true}]}}