{"id":150279,"date":"2021-01-15T11:01:56","date_gmt":"2021-01-15T11:01:56","guid":{"rendered":"https:\/\/codengine3.ch\/?product=import-placeholder-for-201682"},"modified":"2024-11-29T10:36:59","modified_gmt":"2024-11-29T09:36:59","slug":"valais-central-ski-de-randonnee","status":"publish","type":"product","link":"https:\/\/pizbube.ch\/en\/shop\/valais-central-ski-de-randonnee\/","title":{"rendered":"Valais central &#8211; Ski de randonn\u00e9e"},"content":{"rendered":"<p>120 itin\u00e9raires de ski-alpinisme dont la Haute Route<\/p>\n<p>Entre le Mont Dolent et la Pointe de Zinal, entre la vall\u00e9e du Rh\u00f4ne et la<br \/>\nfronti\u00e8re italienne, en plus de la c\u00e9l\u00e8bre Haute Route (d\u00e9crite int\u00e9gralement<br \/>\nde Chamonix \u00e0 Zermatt), le Valais central offre d\u2019innombrables possibilit\u00e9s de<br \/>\ncourses \u00e0 ski. Celles-ci sont de tous niveaux, de la randonn\u00e9e d\u2019initiation<br \/>\n(Tour de Bavon) au ski extr\u00eame (face nord du Pigne d\u2019Arolla), avec une<br \/>\npr\u00e9f\u00e9rence pour les courses de difficult\u00e9 moyenne, qui sont recherch\u00e9es par la<br \/>\nplus grande partie des pratiquants.<\/p>\n<p>Parmi ces courses, un certain nombre sont peu fr\u00e9quent\u00e9es, voire in\u00e9dites, car<br \/>\nle skieur de montagne d\u00e9sire de plus en plus s\u2019\u00e9carter des itin\u00e9raires<br \/>\nsurcharg\u00e9s, de m\u00eame qu\u2019il souhaite aujourd\u2019hui ne plus se cantonner dans les<br \/>\npentes douces parfois monotones. Toutes les grandes classiques ainsi que les<br \/>\nsommets principaux sont d\u00e9crits. Quant aux sommets d\u2019altitude inf\u00e9rieure \u00e0<br \/>\n2000 m\u00e8tres, rares au demeurant et de moins de moins enneig\u00e9s, ils ont \u00e9t\u00e9<br \/>\n\u00e9cart\u00e9s.<\/p>\n<p>Chacune des 120 courses est d\u00e9crite par une fiche technique, qui permet au<br \/>\nlecteur de la situer rapidement dans l\u2019espace, le temps et l\u2019\u00e9chelle des<br \/>\ndifficult\u00e9s, et accompagn\u00e9e d\u2019un croquis sch\u00e9matique de l\u2019itin\u00e9raire. Vient<br \/>\nensuite la description pr\u00e9cise de la course.<\/p>\n<p>La cinqui\u00e8me \u00e9dition de ce guide a \u00e9t\u00e9 compl\u00e8tement mise \u00e0 jour.<\/p>","protected":false},"excerpt":{"rendered":"<p>120 itin\u00e9raires de ski-alpinisme dont la Haute Route Entre le Mont Dolent et la Pointe de Zinal, entre la vall\u00e9e du Rh\u00f4ne et la fronti\u00e8re italienne, en plus de la c\u00e9l\u00e8bre Haute Route (d\u00e9crite int\u00e9gralement de Chamonix \u00e0 Zermatt), le Valais central offre d\u2019innombrables possibilit\u00e9s de courses \u00e0 ski. Celles-ci sont de tous niveaux, de [&#8230;]\n","protected":false},"featured_media":169099,"template":"","meta":[],"product_brand":[],"product_cat":[21540],"product_tag":[],"class_list":{"0":"post-150279","1":"product","2":"type-product","3":"status-publish","4":"has-post-thumbnail","6":"product_cat-fuehrerliteratur-alpin-winter","7":"pa_autor-labande-sanga","8":"pa_erscheinungsjahr-21550","9":"pa_region-schweiz","10":"pa_sprache-fr","12":"first","13":"instock","14":"taxable","15":"shipping-taxable","16":"purchasable","17":"product-type-simple"},"_links":{"self":[{"href":"https:\/\/pizbube.ch\/en\/wp-json\/wp\/v2\/product\/150279","targetHints":{"allow":["GET"]}}],"collection":[{"href":"https:\/\/pizbube.ch\/en\/wp-json\/wp\/v2\/product"}],"about":[{"href":"https:\/\/pizbube.ch\/en\/wp-json\/wp\/v2\/types\/product"}],"wp:featuredmedia":[{"embeddable":true,"href":"https:\/\/pizbube.ch\/en\/wp-json\/wp\/v2\/media\/169099"}],"wp:attachment":[{"href":"https:\/\/pizbube.ch\/en\/wp-json\/wp\/v2\/media?parent=150279"}],"wp:term":[{"taxonomy":"product_brand","embeddable":true,"href":"https:\/\/pizbube.ch\/en\/wp-json\/wp\/v2\/product_brand?post=150279"},{"taxonomy":"product_cat","embeddable":true,"href":"https:\/\/pizbube.ch\/en\/wp-json\/wp\/v2\/product_cat?post=150279"},{"taxonomy":"product_tag","embeddable":true,"href":"https:\/\/pizbube.ch\/en\/wp-json\/wp\/v2\/product_tag?post=150279"}],"curies":[{"name":"wp","href":"https:\/\/api.w.org\/{rel}","templated":true}]}}