{"id":150281,"date":"2021-01-15T11:01:56","date_gmt":"2021-01-15T11:01:56","guid":{"rendered":"https:\/\/codengine3.ch\/?product=import-placeholder-for-206988"},"modified":"2023-04-25T15:09:34","modified_gmt":"2023-04-25T13:09:34","slug":"walliser-alpen-skitourenfuehrer","status":"publish","type":"product","link":"https:\/\/pizbube.ch\/en\/shop\/walliser-alpen-skitourenfuehrer\/","title":{"rendered":"Walliser Alpen Skitourenf\u00fchrer"},"content":{"rendered":"<p>53 ausgw\u00e4hlte Skitouren zwischen Furka und Grossem St. Bernhard.<\/p>\n<p>Skitourenparadies Walliser Alpen: 53 meist anspruchsvollere Skitouren, von<br \/>\ntalbasierten Tagestouren bis zu mehrt\u00e4gigen hochalpinen Touren. Mit GPS-Daten.<\/p>\n<p>Der vorliegende Skitourenf\u00fchrer enth\u00e4lt eine Mischung aus einfachen<br \/>\nTagestouren, klassischen Skirouten und herausfordernden mehrt\u00e4gigen<br \/>\nUnternehmungen auf 15 Viertausender.<\/p>\n<p>F\u00fcr die beschriebenen Gipfel zwischen Gross Muttenhorn im Osten und dem Mont<br \/>\nVelan im franz\u00f6sischsprachigem Westen wurden mehrheitlich Anstiege aus eigener<br \/>\nKraft ohne Seilbahnkompromisse ausgew\u00e4hlt. Dabei wurden Beschreibungen von<br \/>\nsowohl im Hochwinter zug\u00e4nglichen Zielen als auch typische Fr\u00fchlings- und<br \/>\nFr\u00fchsommer-Skitouren aufgenommen. Selbstverst\u00e4ndlich sind klassische Ziele wie<br \/>\nMonte Rosa, Bishorn oder Rimpfischhorn ebenso vertreten wie einsame Routen auf<br \/>\nim Winter selten bestiegene Gipfel, zum Beispiel Dom und Fletschhorn.<\/p>\n<p>Alle Touren sind ausf\u00fchrlich und pr\u00e4zise beschrieben, besonderes Augenmerk<br \/>\nwurde auf die leichte Erreichbarkeit mit \u00f6ffentlichen Verkehrsmitteln gelegt.<br \/>\nDie reiche Ausstattung mit Abbildungen, H\u00f6henprofilen, Detail- und<br \/>\n\u00dcbersichtskarten sowie einem alpinen Kurzwortschatz Franz\u00f6sisch macht dieses<br \/>\nBuch zu einer guten Planungsgrundlage und zum praktischen Begleiter auf der<br \/>\nTour.<\/p>\n<p>2. Auflage 2020<\/p>","protected":false},"excerpt":{"rendered":"<p>53 ausgw\u00e4hlte Skitouren zwischen Furka und Grossem St. Bernhard. Skitourenparadies Walliser Alpen: 53 meist anspruchsvollere Skitouren, von talbasierten Tagestouren bis zu mehrt\u00e4gigen hochalpinen Touren. Mit GPS-Daten. Der vorliegende Skitourenf\u00fchrer enth\u00e4lt eine Mischung aus einfachen Tagestouren, klassischen Skirouten und herausfordernden mehrt\u00e4gigen Unternehmungen auf 15 Viertausender. F\u00fcr die beschriebenen Gipfel zwischen Gross Muttenhorn im Osten und dem [&#8230;]\n","protected":false},"featured_media":167350,"template":"","meta":[],"product_brand":[],"product_cat":[21540],"product_tag":[],"class_list":{"0":"post-150281","1":"product","2":"type-product","3":"status-publish","4":"has-post-thumbnail","6":"product_cat-fuehrerliteratur-alpin-winter","8":"first","9":"instock","10":"taxable","11":"shipping-taxable","12":"purchasable","13":"product-type-simple"},"_links":{"self":[{"href":"https:\/\/pizbube.ch\/en\/wp-json\/wp\/v2\/product\/150281","targetHints":{"allow":["GET"]}}],"collection":[{"href":"https:\/\/pizbube.ch\/en\/wp-json\/wp\/v2\/product"}],"about":[{"href":"https:\/\/pizbube.ch\/en\/wp-json\/wp\/v2\/types\/product"}],"wp:featuredmedia":[{"embeddable":true,"href":"https:\/\/pizbube.ch\/en\/wp-json\/wp\/v2\/media\/167350"}],"wp:attachment":[{"href":"https:\/\/pizbube.ch\/en\/wp-json\/wp\/v2\/media?parent=150281"}],"wp:term":[{"taxonomy":"product_brand","embeddable":true,"href":"https:\/\/pizbube.ch\/en\/wp-json\/wp\/v2\/product_brand?post=150281"},{"taxonomy":"product_cat","embeddable":true,"href":"https:\/\/pizbube.ch\/en\/wp-json\/wp\/v2\/product_cat?post=150281"},{"taxonomy":"product_tag","embeddable":true,"href":"https:\/\/pizbube.ch\/en\/wp-json\/wp\/v2\/product_tag?post=150281"}],"curies":[{"name":"wp","href":"https:\/\/api.w.org\/{rel}","templated":true}]}}