{"id":150282,"date":"2021-01-15T11:01:56","date_gmt":"2021-01-15T11:01:56","guid":{"rendered":"https:\/\/codengine3.ch\/?product=import-placeholder-for-202565"},"modified":"2021-01-15T12:37:23","modified_gmt":"2021-01-15T12:37:23","slug":"walliser-alpen-ost-vom-bishorn-zum-blinnenhorn","status":"publish","type":"product","link":"https:\/\/pizbube.ch\/en\/shop\/walliser-alpen-ost-vom-bishorn-zum-blinnenhorn\/","title":{"rendered":"Walliser Alpen Ost &#8211; Vom Bishorn zum Blinnenhorn"},"content":{"rendered":"<p>Von Monte Rosa bis Mischabel &#8211; Die Oberwalliser Alpen lassen so manches<br \/>\nSkitourenherz h\u00f6her schlagen.  <\/p>\n<p>Doch Berge und Gletscher ver\u00e4ndern sich. Touren, welche fr\u00fcher gemieden<br \/>\nwurden, sind heute ein Leckerbissen.<br \/>\nAndere Anstiege sind nicht mehr begehbar. In dieser Neuauflage wird dieser<br \/>\nsich wandelnden Gletscherlandschaft Rechnung getragen.<\/p>\n<p>Daneben trumpft der neue F\u00fchrer mit eindr\u00fccklichen Bergbildern und exakt<br \/>\nbeschriebenen Routen auf. Ein Muss f\u00fcr alle Skitourenfahrerinnen, Snowboarder<br \/>\nund Liebhaber grossartiger Hochgebirgsbfahrten \u2013 entdecken Sie mit uns die<br \/>\nWalliser Alpen!<\/p>\n<p>440 Seiten, 440 Seiten, mit 99 Routenfotos, 6 \u00dcbersichtsk\u00e4rtchen, 9 Farbfotos.<br \/>\n2. \u00fcberarbeitete Auflage 2015<\/p>","protected":false},"excerpt":{"rendered":"<p>Von Monte Rosa bis Mischabel &#8211; Die Oberwalliser Alpen lassen so manches Skitourenherz h\u00f6her schlagen. Doch Berge und Gletscher ver\u00e4ndern sich. Touren, welche fr\u00fcher gemieden wurden, sind heute ein Leckerbissen. Andere Anstiege sind nicht mehr begehbar. In dieser Neuauflage wird dieser sich wandelnden Gletscherlandschaft Rechnung getragen. Daneben trumpft der neue F\u00fchrer mit eindr\u00fccklichen Bergbildern und [&#8230;]\n","protected":false},"featured_media":32790,"template":"","meta":[],"product_brand":[],"product_cat":[21540],"product_tag":[],"class_list":{"0":"post-150282","1":"product","2":"type-product","3":"status-publish","4":"has-post-thumbnail","6":"product_cat-fuehrerliteratur-alpin-winter","7":"pa_autor-feller-mathieu","8":"pa_erscheinungsjahr-21597","9":"pa_region-schweiz","10":"pa_sprache-de","12":"first","13":"instock","14":"taxable","15":"shipping-taxable","16":"purchasable","17":"product-type-simple"},"_links":{"self":[{"href":"https:\/\/pizbube.ch\/en\/wp-json\/wp\/v2\/product\/150282","targetHints":{"allow":["GET"]}}],"collection":[{"href":"https:\/\/pizbube.ch\/en\/wp-json\/wp\/v2\/product"}],"about":[{"href":"https:\/\/pizbube.ch\/en\/wp-json\/wp\/v2\/types\/product"}],"wp:featuredmedia":[{"embeddable":true,"href":"https:\/\/pizbube.ch\/en\/wp-json\/wp\/v2\/media\/32790"}],"wp:attachment":[{"href":"https:\/\/pizbube.ch\/en\/wp-json\/wp\/v2\/media?parent=150282"}],"wp:term":[{"taxonomy":"product_brand","embeddable":true,"href":"https:\/\/pizbube.ch\/en\/wp-json\/wp\/v2\/product_brand?post=150282"},{"taxonomy":"product_cat","embeddable":true,"href":"https:\/\/pizbube.ch\/en\/wp-json\/wp\/v2\/product_cat?post=150282"},{"taxonomy":"product_tag","embeddable":true,"href":"https:\/\/pizbube.ch\/en\/wp-json\/wp\/v2\/product_tag?post=150282"}],"curies":[{"name":"wp","href":"https:\/\/api.w.org\/{rel}","templated":true}]}}