{"id":150286,"date":"2021-01-15T11:01:56","date_gmt":"2021-01-15T11:01:56","guid":{"rendered":"https:\/\/codengine3.ch\/?product=import-placeholder-for-208140"},"modified":"2023-06-08T10:46:49","modified_gmt":"2023-06-08T08:46:49","slug":"freeride-guide-davos-klosters","status":"publish","type":"product","link":"https:\/\/pizbube.ch\/en\/shop\/freeride-guide-davos-klosters\/","title":{"rendered":"Freeride Guide Davos Klosters"},"content":{"rendered":"<p>Der Freeride Guide Davos Klosters umfasst total 48 Variantenvorschl\u00e4ge aus den<br \/>\nSkigebieten Persenn, Jakobshorn, Pischa, Rinerhorn und Madrisa. Der Guide<br \/>\nbeschreibt die Variantenabfahrten systematisch und beurteilt sie nach den<br \/>\nKriterien wie Schwierigkeitsgrad, Zeitbedarf, Hangexposition, Steilheit,<br \/>\nH\u00f6henunterschied, Zeitbedarf f\u00fcr allf\u00e4llige Aufstiege, Positives, Negatives,<br \/>\nGefahrenhinweise, Hinweise auf Wildschutzgebiete und Wissenswertes.<\/p>\n<p>Der empfohlene Routenverlauf kann dabei auf topographischen \u00dcbersichtskarten<br \/>\nim Massstab 1:50 000 sowie teilweise auch auf Fotos nachgeschlagen werden.<br \/>\nWeiter beinhaltet das Buch eine Checkliste zur Tourenvorbereitung sowie ein<br \/>\nKapitel \u00fcber Lawinen und Wildschutz. Der Freeride Guide Davos Klosters hat 168<br \/>\nSeiten und 106 Abbildungen.<\/p>","protected":false},"excerpt":{"rendered":"<ul>\n<li><strong><a href=\"https:\/\/pizbube.ch\/wp-content\/uploads\/attachments\/a_028\/C79CD47003B1FC53DB5F8B0C83AB42AB.pdf\" target=\"_blank\" rel=\"noopener\">PDF: Beispielseiten Freeride Guide Davos Pr\u00e4ttigau.pdf<\/a><\/strong><\/li>\n<\/ul>","protected":false},"featured_media":39460,"template":"","meta":[],"product_brand":[],"product_cat":[21540],"product_tag":[],"class_list":{"0":"post-150286","1":"product","2":"type-product","3":"status-publish","4":"has-post-thumbnail","6":"product_cat-fuehrerliteratur-alpin-winter","7":"pa_autor-frei-berli-fischer","8":"pa_erscheinungsjahr-21550","9":"pa_region-schweiz","10":"pa_sprache-de-en-2","12":"first","13":"instock","14":"taxable","15":"shipping-taxable","16":"purchasable","17":"product-type-simple"},"_links":{"self":[{"href":"https:\/\/pizbube.ch\/en\/wp-json\/wp\/v2\/product\/150286","targetHints":{"allow":["GET"]}}],"collection":[{"href":"https:\/\/pizbube.ch\/en\/wp-json\/wp\/v2\/product"}],"about":[{"href":"https:\/\/pizbube.ch\/en\/wp-json\/wp\/v2\/types\/product"}],"wp:featuredmedia":[{"embeddable":true,"href":"https:\/\/pizbube.ch\/en\/wp-json\/wp\/v2\/media\/39460"}],"wp:attachment":[{"href":"https:\/\/pizbube.ch\/en\/wp-json\/wp\/v2\/media?parent=150286"}],"wp:term":[{"taxonomy":"product_brand","embeddable":true,"href":"https:\/\/pizbube.ch\/en\/wp-json\/wp\/v2\/product_brand?post=150286"},{"taxonomy":"product_cat","embeddable":true,"href":"https:\/\/pizbube.ch\/en\/wp-json\/wp\/v2\/product_cat?post=150286"},{"taxonomy":"product_tag","embeddable":true,"href":"https:\/\/pizbube.ch\/en\/wp-json\/wp\/v2\/product_tag?post=150286"}],"curies":[{"name":"wp","href":"https:\/\/api.w.org\/{rel}","templated":true}]}}