{"id":150288,"date":"2021-01-15T11:01:56","date_gmt":"2021-01-15T11:01:56","guid":{"rendered":"https:\/\/codengine3.ch\/?product=import-placeholder-for-204107"},"modified":"2022-08-30T10:56:17","modified_gmt":"2022-08-30T08:56:17","slug":"glace-et-mixte-en-cascade-brianconnais-argentierois-embrunais","status":"publish","type":"product","link":"https:\/\/pizbube.ch\/en\/shop\/glace-et-mixte-en-cascade-brianconnais-argentierois-embrunais\/","title":{"rendered":"Glace et mixte en cascade&#8230; Brian\u00e7onnais Argenti\u00e9rois Embrunais"},"content":{"rendered":"<p>Mehr als 500 Routen haben die Autoren zusammengetragen, vom Zehn-Meter-<br \/>\nEinsteiger-Fall bis zu 500-Meter-H\u00e4mmern im sechsten Eisgrad. Alle Routen,<br \/>\nZug\u00e4nge, Abstiege und Besonderheiten werden verbal beschrieben, dazu gibt&#8217;s<br \/>\nteils S\/W-Wandfotos mit eingezeichneten Linien, teils Topos, teils beides.<br \/>\nAu\u00dferdem sind die meisten F\u00e4lle auf topographischen Kartenausschnitten<br \/>\neingezeichnet.<\/p>\n<p>Le nouveau topo regroupant les quelques 350 cascades de glace du Brian\u00e7onnais,<br \/>\nde l&#8217;Argenti\u00e9rois et de l&#8217;Embrunais baptis\u00e9 Glace en cascade &#8230; devrait faire<br \/>\nson apparition dans les bacs (\u00e0 glace \u00e9videmment !) d\u00e9but novembre. Outre les<br \/>\ngrands classiques (Fournel, Freissini\u00e8res &#8230;) remis \u00e0 jour, six nouveaux<br \/>\nsecteurs : Cervi\u00e8res, Val d&#8217;Escreins, Vall\u00e9e de Couleau, Vall\u00e9e du Rabioux,<br \/>\nVall\u00e9e de Cr\u00e9voux et la vall\u00e9e des Orres font irruption dans cette nouvelle<br \/>\n\u00e9dition. C&#8217;est au total plus d&#8217;une centaine de cascades nouvelles, glace et<br \/>\ndry tooling confondus, qui sont pr\u00e9sent\u00e9es au travers d&#8217;une quarantaine de<br \/>\nphotos et autant de sch\u00e9mas 238 p.<\/p>","protected":false},"excerpt":{"rendered":"<p>Mehr als 500 Routen haben die Autoren zusammengetragen, vom Zehn-Meter- Einsteiger-Fall bis zu 500-Meter-H\u00e4mmern im sechsten Eisgrad. Alle Routen, Zug\u00e4nge, Abstiege und Besonderheiten werden verbal beschrieben, dazu gibt&#8217;s teils S\/W-Wandfotos mit eingezeichneten Linien, teils Topos, teils beides. Au\u00dferdem sind die meisten F\u00e4lle auf topographischen Kartenausschnitten eingezeichnet. Le nouveau topo regroupant les quelques 350 cascades de [&#8230;]\n","protected":false},"featured_media":31860,"template":"","meta":[],"product_brand":[],"product_cat":[21540],"product_tag":[],"class_list":{"0":"post-150288","1":"product","2":"type-product","3":"status-publish","4":"has-post-thumbnail","6":"product_cat-fuehrerliteratur-alpin-winter","7":"pa_autor-fine-turin","8":"pa_erscheinungsjahr-21776","9":"pa_region-frankreich","10":"pa_sprache-fr","12":"first","13":"outofstock","14":"taxable","15":"shipping-taxable","16":"purchasable","17":"product-type-simple"},"_links":{"self":[{"href":"https:\/\/pizbube.ch\/en\/wp-json\/wp\/v2\/product\/150288","targetHints":{"allow":["GET"]}}],"collection":[{"href":"https:\/\/pizbube.ch\/en\/wp-json\/wp\/v2\/product"}],"about":[{"href":"https:\/\/pizbube.ch\/en\/wp-json\/wp\/v2\/types\/product"}],"wp:featuredmedia":[{"embeddable":true,"href":"https:\/\/pizbube.ch\/en\/wp-json\/wp\/v2\/media\/31860"}],"wp:attachment":[{"href":"https:\/\/pizbube.ch\/en\/wp-json\/wp\/v2\/media?parent=150288"}],"wp:term":[{"taxonomy":"product_brand","embeddable":true,"href":"https:\/\/pizbube.ch\/en\/wp-json\/wp\/v2\/product_brand?post=150288"},{"taxonomy":"product_cat","embeddable":true,"href":"https:\/\/pizbube.ch\/en\/wp-json\/wp\/v2\/product_cat?post=150288"},{"taxonomy":"product_tag","embeddable":true,"href":"https:\/\/pizbube.ch\/en\/wp-json\/wp\/v2\/product_tag?post=150288"}],"curies":[{"name":"wp","href":"https:\/\/api.w.org\/{rel}","templated":true}]}}