{"id":150289,"date":"2021-01-15T11:01:56","date_gmt":"2021-01-15T11:01:56","guid":{"rendered":"https:\/\/codengine3.ch\/?product=import-placeholder-for-200914"},"modified":"2021-01-15T11:02:01","modified_gmt":"2021-01-15T11:02:01","slug":"cascades-de-glace-de-largentierois-et-du-brianconnais","status":"publish","type":"product","link":"https:\/\/pizbube.ch\/en\/shop\/cascades-de-glace-de-largentierois-et-du-brianconnais\/","title":{"rendered":"Cascades de glace de l`Argenti\u00e9rois et du Brian\u00e7onnais"},"content":{"rendered":"<p>Eisfallf\u00fchrer \u00fcber die Gebiete rund um Briancon  <\/p>","protected":false},"excerpt":{"rendered":"<p>Eisfallf\u00fchrer \u00fcber die Gebiete rund um Briancon<\/p>","protected":false},"featured_media":28033,"template":"","meta":[],"product_brand":[],"product_cat":[21540],"product_tag":[],"class_list":{"0":"post-150289","1":"product","2":"type-product","3":"status-publish","4":"has-post-thumbnail","6":"product_cat-fuehrerliteratur-alpin-winter","7":"pa_autor-balestra","8":"pa_erscheinungsjahr-22151","9":"pa_region-frankreich","10":"pa_sprache-fr","12":"first","13":"instock","14":"taxable","15":"shipping-taxable","16":"purchasable","17":"product-type-simple"},"_links":{"self":[{"href":"https:\/\/pizbube.ch\/en\/wp-json\/wp\/v2\/product\/150289","targetHints":{"allow":["GET"]}}],"collection":[{"href":"https:\/\/pizbube.ch\/en\/wp-json\/wp\/v2\/product"}],"about":[{"href":"https:\/\/pizbube.ch\/en\/wp-json\/wp\/v2\/types\/product"}],"wp:featuredmedia":[{"embeddable":true,"href":"https:\/\/pizbube.ch\/en\/wp-json\/wp\/v2\/media\/28033"}],"wp:attachment":[{"href":"https:\/\/pizbube.ch\/en\/wp-json\/wp\/v2\/media?parent=150289"}],"wp:term":[{"taxonomy":"product_brand","embeddable":true,"href":"https:\/\/pizbube.ch\/en\/wp-json\/wp\/v2\/product_brand?post=150289"},{"taxonomy":"product_cat","embeddable":true,"href":"https:\/\/pizbube.ch\/en\/wp-json\/wp\/v2\/product_cat?post=150289"},{"taxonomy":"product_tag","embeddable":true,"href":"https:\/\/pizbube.ch\/en\/wp-json\/wp\/v2\/product_tag?post=150289"}],"curies":[{"name":"wp","href":"https:\/\/api.w.org\/{rel}","templated":true}]}}