{"id":150290,"date":"2021-01-15T11:01:56","date_gmt":"2021-01-15T11:01:56","guid":{"rendered":"https:\/\/codengine3.ch\/?product=import-placeholder-for-203526"},"modified":"2021-01-15T14:24:08","modified_gmt":"2021-01-15T14:24:08","slug":"guide-des-cascades-de-glaces-en-suisse-romande","status":"publish","type":"product","link":"https:\/\/pizbube.ch\/en\/shop\/guide-des-cascades-de-glaces-en-suisse-romande\/","title":{"rendered":"Guide des Cascades de glaces en Suisse Romande"},"content":{"rendered":"<p>Glaci\u00e9ristes&#8230; \u00e0 vos piolets! Voici la toute derni\u00e8re nouveaut\u00e9 en mati\u00e8re de<br \/>\ncascades. Le topo quasi exhaustif de Rodzinski pr\u00e9sente la plupart des<br \/>\nstructures se formant en Suisse Romande:<br \/>\nMoutier, La Chaux-de-Fonds, M\u00f4tiers, Cortebert; Vallorbe, Les Bouverets, Le<br \/>\nSal\u00e8ve, Les Avants, Le S\u00f6pey, Les Diablerets, Ch\u00e2teau d&#8216; Oex, Val d&#8216; Illiez,<br \/>\nSt. Maurice, Gorges du Trient et du Durnant Val Ferret, Grand St. Bernard, Val<br \/>\nde Bagnes, Vall\u00e9e du Rh\u00f4ne, Sanetsch, Montana, Val d&#8217;H\u00e9rens, Val d&#8216; Anniviers,<br \/>\nZinal<br \/>\nRiche de ses 272 pages et comprenant de nombreuses illustrations<br \/>\nphotographiques. Phototopoguidebook  <\/p>","protected":false},"excerpt":{"rendered":"<p>Glaci\u00e9ristes&#8230; \u00e0 vos piolets! Voici la toute derni\u00e8re nouveaut\u00e9 en mati\u00e8re de cascades. Le topo quasi exhaustif de Rodzinski pr\u00e9sente la plupart des structures se formant en Suisse Romande: Moutier, La Chaux-de-Fonds, M\u00f4tiers, Cortebert; Vallorbe, Les Bouverets, Le Sal\u00e8ve, Les Avants, Le S\u00f6pey, Les Diablerets, Ch\u00e2teau d&#8216; Oex, Val d&#8216; Illiez, St. Maurice, Gorges du [&#8230;]\n","protected":false},"featured_media":31156,"template":"","meta":[],"product_brand":[],"product_cat":[21540],"product_tag":[],"class_list":{"0":"post-150290","1":"product","2":"type-product","3":"status-publish","4":"has-post-thumbnail","6":"product_cat-fuehrerliteratur-alpin-winter","7":"pa_autor-rodzinski","8":"pa_erscheinungsjahr-21920","9":"pa_region-schweiz","10":"pa_sprache-fr","12":"first","13":"outofstock","14":"taxable","15":"shipping-taxable","16":"purchasable","17":"product-type-simple"},"_links":{"self":[{"href":"https:\/\/pizbube.ch\/en\/wp-json\/wp\/v2\/product\/150290","targetHints":{"allow":["GET"]}}],"collection":[{"href":"https:\/\/pizbube.ch\/en\/wp-json\/wp\/v2\/product"}],"about":[{"href":"https:\/\/pizbube.ch\/en\/wp-json\/wp\/v2\/types\/product"}],"wp:featuredmedia":[{"embeddable":true,"href":"https:\/\/pizbube.ch\/en\/wp-json\/wp\/v2\/media\/31156"}],"wp:attachment":[{"href":"https:\/\/pizbube.ch\/en\/wp-json\/wp\/v2\/media?parent=150290"}],"wp:term":[{"taxonomy":"product_brand","embeddable":true,"href":"https:\/\/pizbube.ch\/en\/wp-json\/wp\/v2\/product_brand?post=150290"},{"taxonomy":"product_cat","embeddable":true,"href":"https:\/\/pizbube.ch\/en\/wp-json\/wp\/v2\/product_cat?post=150290"},{"taxonomy":"product_tag","embeddable":true,"href":"https:\/\/pizbube.ch\/en\/wp-json\/wp\/v2\/product_tag?post=150290"}],"curies":[{"name":"wp","href":"https:\/\/api.w.org\/{rel}","templated":true}]}}