{"id":150291,"date":"2021-01-15T11:01:57","date_gmt":"2021-01-15T11:01:57","guid":{"rendered":"https:\/\/codengine3.ch\/?product=import-placeholder-for-200915"},"modified":"2021-01-15T11:02:02","modified_gmt":"2021-01-15T11:02:02","slug":"rando-raquettes","status":"publish","type":"product","link":"https:\/\/pizbube.ch\/en\/shop\/rando-raquettes\/","title":{"rendered":"Rando-Raquettes"},"content":{"rendered":"<p>90 itin\u00e9raires de tout niveaux:<br \/>\nPays du Mont-Blanc (France-Italie-Suisse), Plateau des Gli\u00e8res, Chablais,<br \/>\nGrand-Saint-Bernard  <\/p>\n<p>Schneeschuhf\u00fchrer Portes du Soleil- Grd. Bernard- Chamonix- Val d&#8216; Aosta-<br \/>\nVallorcine- Alpes Vaudoises; 90 Touren f\u00fcr jedes Niveau. 238 S.,<br \/>\nKartenskizzen.  <\/p>\n<p>La troisi\u00e8me \u00e9dition de ce topo-guide Rando-Raquettes, qui pr\u00e9sente des<br \/>\nparcours de tous niveaux, a \u00e9t\u00e9 totalement r\u00e9\u00e9crite. L\u00b4auteur pr\u00e9sente des<br \/>\nitin\u00e9raires qui permettent de d\u00e9couvrir, pour la pupart, des panoramas<br \/>\n\u00e9blouissants et qui appartiennent \u00e0 quatre principaux secteurs d\u00b4altitude:<br \/>\n&#8211; Le secteur du Pays du Mont-Blanc (37 itin\u00e9raires) propose toute une palette<br \/>\nde parcours majestueux dans les trois pays frontaliers qui enserrent ce haut<br \/>\nmassif glaciaire.<br \/>\n&#8211; Le secteur du Plateau des Gli\u00e8res(11 itin\u00e9raires) offre la possibilit\u00e9 de<br \/>\nd\u00e9couvrir un espace naturel pr\u00e9serv\u00e9 dans un environnement plus doux.<br \/>\n&#8211; Le secteur Chablais (40 itin\u00e9raires), \u00e0 cheval sur la France et la Suisse,<br \/>\nest riche d\u00b4un patrimoine culturel, architectural et pastoral unique en son<br \/>\ngenre.<br \/>\n&#8211; Le secteur du Grand-Saint-Bernard (12 itin\u00e9raires) permet d\u00b4effectuer des<br \/>\nrandonn\u00e9es d\u00b4altitude aux belv\u00e9d\u00e8res incomparables sur les Combins, le V\u00e9lan<br \/>\net l\u00b4Envers du Mont-Blanc.<br \/>\nPour plus de confort et de facilit\u00e9 dans la recherche de l\u00b4itin\u00e9raire, les<br \/>\ncoordonn\u00e9es GPS de tous les parcours d\u00e9crits ici ont \u00e9t\u00e9 pr\u00e9cis\u00e9es en marge du<br \/>\ncroquis de chaque course.<br \/>\nDidier Cassany est natif de Thonon-les-Bains, dans le Chablais. Professionnel<br \/>\nde la montagne depuis 1983, il \u00e9crit ses premiers topo-guides de randonn\u00e9e \u00e0<br \/>\nraquettes \u00e0 partir de 1996. R\u00e9sidant dans la vall\u00e9e d\u00b4Abondance depuis plus de<br \/>\nvingt ans, il collabore r\u00e9guli\u00e8rement \u00e0 la revue du Club Alpin Suisse Les<br \/>\nAlpes.<\/p>","protected":false},"excerpt":{"rendered":"<p>90 itin\u00e9raires de tout niveaux: Pays du Mont-Blanc (France-Italie-Suisse), Plateau des Gli\u00e8res, Chablais, Grand-Saint-Bernard Schneeschuhf\u00fchrer Portes du Soleil- Grd. Bernard- Chamonix- Val d&#8216; Aosta- Vallorcine- Alpes Vaudoises; 90 Touren f\u00fcr jedes Niveau. 238 S., Kartenskizzen. La troisi\u00e8me \u00e9dition de ce topo-guide Rando-Raquettes, qui pr\u00e9sente des parcours de tous niveaux, a \u00e9t\u00e9 totalement r\u00e9\u00e9crite. L\u00b4auteur pr\u00e9sente [&#8230;]\n","protected":false},"featured_media":28034,"template":"","meta":[],"product_brand":[],"product_cat":[21540],"product_tag":[],"class_list":{"0":"post-150291","1":"product","2":"type-product","3":"status-publish","4":"has-post-thumbnail","6":"product_cat-fuehrerliteratur-alpin-winter","7":"pa_autor-cassany","8":"pa_erscheinungsjahr-21693","9":"pa_region-schweiz","10":"pa_sprache-fr","12":"first","13":"instock","14":"taxable","15":"shipping-taxable","16":"purchasable","17":"product-type-simple"},"_links":{"self":[{"href":"https:\/\/pizbube.ch\/en\/wp-json\/wp\/v2\/product\/150291","targetHints":{"allow":["GET"]}}],"collection":[{"href":"https:\/\/pizbube.ch\/en\/wp-json\/wp\/v2\/product"}],"about":[{"href":"https:\/\/pizbube.ch\/en\/wp-json\/wp\/v2\/types\/product"}],"wp:featuredmedia":[{"embeddable":true,"href":"https:\/\/pizbube.ch\/en\/wp-json\/wp\/v2\/media\/28034"}],"wp:attachment":[{"href":"https:\/\/pizbube.ch\/en\/wp-json\/wp\/v2\/media?parent=150291"}],"wp:term":[{"taxonomy":"product_brand","embeddable":true,"href":"https:\/\/pizbube.ch\/en\/wp-json\/wp\/v2\/product_brand?post=150291"},{"taxonomy":"product_cat","embeddable":true,"href":"https:\/\/pizbube.ch\/en\/wp-json\/wp\/v2\/product_cat?post=150291"},{"taxonomy":"product_tag","embeddable":true,"href":"https:\/\/pizbube.ch\/en\/wp-json\/wp\/v2\/product_tag?post=150291"}],"curies":[{"name":"wp","href":"https:\/\/api.w.org\/{rel}","templated":true}]}}