{"id":150292,"date":"2021-01-15T11:01:57","date_gmt":"2021-01-15T11:01:57","guid":{"rendered":"https:\/\/codengine3.ch\/?product=import-placeholder-for-204384"},"modified":"2021-01-15T14:32:41","modified_gmt":"2021-01-15T14:32:41","slug":"52-balades-a-raquettes-dans-les-alpes-maritimes","status":"publish","type":"product","link":"https:\/\/pizbube.ch\/en\/shop\/52-balades-a-raquettes-dans-les-alpes-maritimes\/","title":{"rendered":"52 balades \u00e0 raquettes Dans les Alpes-Maritimes"},"content":{"rendered":"<p>Verdon, Tin\u00e9e, V\u00e9subie, Roya;  <\/p>\n<p>52 balades \u00e0 raquettes 128 p.  <\/p>","protected":false},"excerpt":{"rendered":"<p>Verdon, Tin\u00e9e, V\u00e9subie, Roya; 52 balades \u00e0 raquettes 128 p.<\/p>","protected":false},"featured_media":32239,"template":"","meta":[],"product_brand":[],"product_cat":[21540],"product_tag":[],"class_list":{"0":"post-150292","1":"product","2":"type-product","3":"status-publish","4":"has-post-thumbnail","6":"product_cat-fuehrerliteratur-alpin-winter","7":"pa_autor-bricola","8":"pa_erscheinungsjahr-21763","9":"pa_region-frankreich","10":"pa_sprache-fr","12":"first","13":"instock","14":"taxable","15":"shipping-taxable","16":"purchasable","17":"product-type-simple"},"_links":{"self":[{"href":"https:\/\/pizbube.ch\/en\/wp-json\/wp\/v2\/product\/150292","targetHints":{"allow":["GET"]}}],"collection":[{"href":"https:\/\/pizbube.ch\/en\/wp-json\/wp\/v2\/product"}],"about":[{"href":"https:\/\/pizbube.ch\/en\/wp-json\/wp\/v2\/types\/product"}],"wp:featuredmedia":[{"embeddable":true,"href":"https:\/\/pizbube.ch\/en\/wp-json\/wp\/v2\/media\/32239"}],"wp:attachment":[{"href":"https:\/\/pizbube.ch\/en\/wp-json\/wp\/v2\/media?parent=150292"}],"wp:term":[{"taxonomy":"product_brand","embeddable":true,"href":"https:\/\/pizbube.ch\/en\/wp-json\/wp\/v2\/product_brand?post=150292"},{"taxonomy":"product_cat","embeddable":true,"href":"https:\/\/pizbube.ch\/en\/wp-json\/wp\/v2\/product_cat?post=150292"},{"taxonomy":"product_tag","embeddable":true,"href":"https:\/\/pizbube.ch\/en\/wp-json\/wp\/v2\/product_tag?post=150292"}],"curies":[{"name":"wp","href":"https:\/\/api.w.org\/{rel}","templated":true}]}}