{"id":150293,"date":"2021-01-15T11:01:57","date_gmt":"2021-01-15T11:01:57","guid":{"rendered":"https:\/\/codengine3.ch\/?product=import-placeholder-for-202252"},"modified":"2021-01-15T12:34:43","modified_gmt":"2021-01-15T12:34:43","slug":"raquette-a-neige-l-isere","status":"publish","type":"product","link":"https:\/\/pizbube.ch\/en\/shop\/raquette-a-neige-l-isere\/","title":{"rendered":"Raquette \u00e0 neige L&#8216; Is\u00e8re"},"content":{"rendered":"<p>Guide de randonn\u00e9e \u00e0 raquette: Chartreuse, Vercors, Tri\u00e8ves, Belledonne,<br \/>\nOisans, Pays de la Mure, D\u00e9voluy<\/p>","protected":false},"excerpt":{"rendered":"<p>Guide de randonn\u00e9e \u00e0 raquette: Chartreuse, Vercors, Tri\u00e8ves, Belledonne, Oisans, Pays de la Mure, D\u00e9voluy<\/p>","protected":false},"featured_media":45070,"template":"","meta":[],"product_brand":[],"product_cat":[21540],"product_tag":[],"class_list":{"0":"post-150293","1":"product","2":"type-product","3":"status-publish","4":"has-post-thumbnail","6":"product_cat-fuehrerliteratur-alpin-winter","7":"pa_autor-pardon","8":"pa_erscheinungsjahr-22060","9":"pa_region-frankreich","10":"pa_sprache-fr","12":"first","13":"instock","14":"taxable","15":"shipping-taxable","16":"purchasable","17":"product-type-simple"},"_links":{"self":[{"href":"https:\/\/pizbube.ch\/en\/wp-json\/wp\/v2\/product\/150293","targetHints":{"allow":["GET"]}}],"collection":[{"href":"https:\/\/pizbube.ch\/en\/wp-json\/wp\/v2\/product"}],"about":[{"href":"https:\/\/pizbube.ch\/en\/wp-json\/wp\/v2\/types\/product"}],"wp:featuredmedia":[{"embeddable":true,"href":"https:\/\/pizbube.ch\/en\/wp-json\/wp\/v2\/media\/45070"}],"wp:attachment":[{"href":"https:\/\/pizbube.ch\/en\/wp-json\/wp\/v2\/media?parent=150293"}],"wp:term":[{"taxonomy":"product_brand","embeddable":true,"href":"https:\/\/pizbube.ch\/en\/wp-json\/wp\/v2\/product_brand?post=150293"},{"taxonomy":"product_cat","embeddable":true,"href":"https:\/\/pizbube.ch\/en\/wp-json\/wp\/v2\/product_cat?post=150293"},{"taxonomy":"product_tag","embeddable":true,"href":"https:\/\/pizbube.ch\/en\/wp-json\/wp\/v2\/product_tag?post=150293"}],"curies":[{"name":"wp","href":"https:\/\/api.w.org\/{rel}","templated":true}]}}