{"id":150294,"date":"2021-01-15T11:01:57","date_gmt":"2021-01-15T11:01:57","guid":{"rendered":"https:\/\/codengine3.ch\/?product=import-placeholder-for-205553"},"modified":"2021-01-15T14:42:07","modified_gmt":"2021-01-15T14:42:07","slug":"courses-en-raquettes-bas-valais","status":"publish","type":"product","link":"https:\/\/pizbube.ch\/en\/shop\/courses-en-raquettes-bas-valais\/","title":{"rendered":"Courses en raquettes Bas-Valais"},"content":{"rendered":"<p>De Monthey jusqu`\u00e0 Zinal.  <\/p>\n<p>Ce nouveau topoguide vous pr\u00e9sente 74 randonn\u00e9es d`altitude en raquettes \u00e0<br \/>\nneige \u00e0 travers le Valais, dont une trentaine ont \u00e9t\u00e9 sp\u00e9cialement<br \/>\ns\u00e9lectionn\u00e9es pour les adeptes du snowboard.  <\/p>\n<p>Zahlr. farb., s\/w. Fotos, Abb., Karten. 240 S.<\/p>","protected":false},"excerpt":{"rendered":"<p>De Monthey jusqu`\u00e0 Zinal. Ce nouveau topoguide vous pr\u00e9sente 74 randonn\u00e9es d`altitude en raquettes \u00e0 neige \u00e0 travers le Valais, dont une trentaine ont \u00e9t\u00e9 sp\u00e9cialement s\u00e9lectionn\u00e9es pour les adeptes du snowboard. Zahlr. farb., s\/w. Fotos, Abb., Karten. 240 S.<\/p>","protected":false},"featured_media":34303,"template":"","meta":[],"product_brand":[],"product_cat":[21540],"product_tag":[],"class_list":{"0":"post-150294","1":"product","2":"type-product","3":"status-publish","4":"has-post-thumbnail","6":"product_cat-fuehrerliteratur-alpin-winter","7":"pa_autor-cassany","8":"pa_erscheinungsjahr-21693","9":"pa_region-schweiz","10":"pa_sprache-fr","12":"first","13":"instock","14":"taxable","15":"shipping-taxable","16":"purchasable","17":"product-type-simple"},"_links":{"self":[{"href":"https:\/\/pizbube.ch\/en\/wp-json\/wp\/v2\/product\/150294","targetHints":{"allow":["GET"]}}],"collection":[{"href":"https:\/\/pizbube.ch\/en\/wp-json\/wp\/v2\/product"}],"about":[{"href":"https:\/\/pizbube.ch\/en\/wp-json\/wp\/v2\/types\/product"}],"wp:featuredmedia":[{"embeddable":true,"href":"https:\/\/pizbube.ch\/en\/wp-json\/wp\/v2\/media\/34303"}],"wp:attachment":[{"href":"https:\/\/pizbube.ch\/en\/wp-json\/wp\/v2\/media?parent=150294"}],"wp:term":[{"taxonomy":"product_brand","embeddable":true,"href":"https:\/\/pizbube.ch\/en\/wp-json\/wp\/v2\/product_brand?post=150294"},{"taxonomy":"product_cat","embeddable":true,"href":"https:\/\/pizbube.ch\/en\/wp-json\/wp\/v2\/product_cat?post=150294"},{"taxonomy":"product_tag","embeddable":true,"href":"https:\/\/pizbube.ch\/en\/wp-json\/wp\/v2\/product_tag?post=150294"}],"curies":[{"name":"wp","href":"https:\/\/api.w.org\/{rel}","templated":true}]}}