{"id":150295,"date":"2021-01-15T11:01:57","date_gmt":"2021-01-15T11:01:57","guid":{"rendered":"https:\/\/codengine3.ch\/?product=import-placeholder-for-204309"},"modified":"2021-01-15T14:31:54","modified_gmt":"2021-01-15T14:31:54","slug":"mont-blanc-raquettes","status":"publish","type":"product","link":"https:\/\/pizbube.ch\/en\/shop\/mont-blanc-raquettes\/","title":{"rendered":"MONT-BLANC RAQUETTES"},"content":{"rendered":"<p>S\u00e9lection des balades en raquettes au d\u00e9part des vall\u00e9es de Chamonix,<br \/>\nVallorcine, les Contamines, du Val d&#8217;Aoste, du Valais, ainsi que de certaines<br \/>\nstations proches,<br \/>\ncomme les Carroz d&#8217;Ar\u00e2ches, Flaine, Meg\u00e8ve, Praz-sur-Arly, Combloux, Cordon,<br \/>\nSallanches&#8230;<\/p>","protected":false},"excerpt":{"rendered":"<p>S\u00e9lection des balades en raquettes au d\u00e9part des vall\u00e9es de Chamonix, Vallorcine, les Contamines, du Val d&#8217;Aoste, du Valais, ainsi que de certaines stations proches, comme les Carroz d&#8217;Ar\u00e2ches, Flaine, Meg\u00e8ve, Praz-sur-Arly, Combloux, Cordon, Sallanches&#8230;<\/p>","protected":false},"featured_media":32140,"template":"","meta":[],"product_brand":[],"product_cat":[21540],"product_tag":[],"class_list":{"0":"post-150295","1":"product","2":"type-product","3":"status-publish","4":"has-post-thumbnail","6":"product_cat-fuehrerliteratur-alpin-winter","7":"pa_autor-labarbe","8":"pa_erscheinungsjahr-21842","9":"pa_region-frankreich","10":"pa_sprache-fr","12":"first","13":"instock","14":"taxable","15":"shipping-taxable","16":"purchasable","17":"product-type-simple"},"_links":{"self":[{"href":"https:\/\/pizbube.ch\/en\/wp-json\/wp\/v2\/product\/150295","targetHints":{"allow":["GET"]}}],"collection":[{"href":"https:\/\/pizbube.ch\/en\/wp-json\/wp\/v2\/product"}],"about":[{"href":"https:\/\/pizbube.ch\/en\/wp-json\/wp\/v2\/types\/product"}],"wp:featuredmedia":[{"embeddable":true,"href":"https:\/\/pizbube.ch\/en\/wp-json\/wp\/v2\/media\/32140"}],"wp:attachment":[{"href":"https:\/\/pizbube.ch\/en\/wp-json\/wp\/v2\/media?parent=150295"}],"wp:term":[{"taxonomy":"product_brand","embeddable":true,"href":"https:\/\/pizbube.ch\/en\/wp-json\/wp\/v2\/product_brand?post=150295"},{"taxonomy":"product_cat","embeddable":true,"href":"https:\/\/pizbube.ch\/en\/wp-json\/wp\/v2\/product_cat?post=150295"},{"taxonomy":"product_tag","embeddable":true,"href":"https:\/\/pizbube.ch\/en\/wp-json\/wp\/v2\/product_tag?post=150295"}],"curies":[{"name":"wp","href":"https:\/\/api.w.org\/{rel}","templated":true}]}}