{"id":150296,"date":"2021-01-15T11:01:57","date_gmt":"2021-01-15T11:01:57","guid":{"rendered":"https:\/\/codengine3.ch\/?product=import-placeholder-for-205972"},"modified":"2021-01-15T14:45:20","modified_gmt":"2021-01-15T14:45:20","slug":"raquette-a-neige-en-haute-savoie","status":"publish","type":"product","link":"https:\/\/pizbube.ch\/en\/shop\/raquette-a-neige-en-haute-savoie\/","title":{"rendered":"Raquette \u00e0 neige en Haute-Savoie"},"content":{"rendered":"<p>Les plus belles randonn\u00e9es  <\/p>\n<p>Entre lac L\u00e9man et Mont-Blanc, mais aussi au coeur des Aravis, sur les<br \/>\nplateaux des Bornes, en Faucigny ou aux confins du val d&#8217;Arly, la Haute-Savoie<br \/>\nse pr\u00eate particuli\u00e8rement bien \u00e0 cette activit\u00e9 avec ses for\u00eats, ses alpages,<br \/>\nses lignes de cr\u00eates ourl\u00e9es de corniches, ses sommets belv\u00e9d\u00e8res ou ses<br \/>\ncombes oubli\u00e9es? Les quarante itin\u00e9raires d\u00e9crits offrent la mani\u00e8re la plus<br \/>\nsimple et la plus originale de d\u00e9couvrir cette montagne immacul\u00e9e. La plupart<br \/>\nsont accessibles \u00e0 tous, et, si quelques-uns permettent d&#8217;aller plus loin, ils<br \/>\nont tous \u00e9t\u00e9 choisis pour leur beaut\u00e9 et leur int\u00e9r\u00eat par l&#8217;un de leurs<br \/>\nmeilleurs connaisseurs, qui fut \u00e9galement un grand promoteur de la raquette en<br \/>\nFrance, une activit\u00e9 qu&#8217;il dit &#8218;faite pour aller ailleurs autrement.&#8216;<\/p>","protected":false},"excerpt":{"rendered":"<p>Les plus belles randonn\u00e9es Entre lac L\u00e9man et Mont-Blanc, mais aussi au coeur des Aravis, sur les plateaux des Bornes, en Faucigny ou aux confins du val d&#8217;Arly, la Haute-Savoie se pr\u00eate particuli\u00e8rement bien \u00e0 cette activit\u00e9 avec ses for\u00eats, ses alpages, ses lignes de cr\u00eates ourl\u00e9es de corniches, ses sommets belv\u00e9d\u00e8res ou ses combes [&#8230;]\n","protected":false},"featured_media":34837,"template":"","meta":[],"product_brand":[],"product_cat":[21540],"product_tag":[],"class_list":{"0":"post-150296","1":"product","2":"type-product","3":"status-publish","4":"has-post-thumbnail","6":"product_cat-fuehrerliteratur-alpin-winter","7":"pa_autor-lamory","8":"pa_erscheinungsjahr-21693","9":"pa_region-frankreich","10":"pa_sprache-fr","12":"first","13":"instock","14":"taxable","15":"shipping-taxable","16":"purchasable","17":"product-type-simple"},"_links":{"self":[{"href":"https:\/\/pizbube.ch\/en\/wp-json\/wp\/v2\/product\/150296","targetHints":{"allow":["GET"]}}],"collection":[{"href":"https:\/\/pizbube.ch\/en\/wp-json\/wp\/v2\/product"}],"about":[{"href":"https:\/\/pizbube.ch\/en\/wp-json\/wp\/v2\/types\/product"}],"wp:featuredmedia":[{"embeddable":true,"href":"https:\/\/pizbube.ch\/en\/wp-json\/wp\/v2\/media\/34837"}],"wp:attachment":[{"href":"https:\/\/pizbube.ch\/en\/wp-json\/wp\/v2\/media?parent=150296"}],"wp:term":[{"taxonomy":"product_brand","embeddable":true,"href":"https:\/\/pizbube.ch\/en\/wp-json\/wp\/v2\/product_brand?post=150296"},{"taxonomy":"product_cat","embeddable":true,"href":"https:\/\/pizbube.ch\/en\/wp-json\/wp\/v2\/product_cat?post=150296"},{"taxonomy":"product_tag","embeddable":true,"href":"https:\/\/pizbube.ch\/en\/wp-json\/wp\/v2\/product_tag?post=150296"}],"curies":[{"name":"wp","href":"https:\/\/api.w.org\/{rel}","templated":true}]}}