{"id":150297,"date":"2021-01-15T11:01:57","date_gmt":"2021-01-15T11:01:57","guid":{"rendered":"https:\/\/codengine3.ch\/?product=import-placeholder-for-203545"},"modified":"2021-01-15T14:24:20","modified_gmt":"2021-01-15T14:24:20","slug":"schneeschuhtouren-westschweiz","status":"publish","type":"product","link":"https:\/\/pizbube.ch\/en\/shop\/schneeschuhtouren-westschweiz\/","title":{"rendered":"Schneeschuhtouren Westschweiz"},"content":{"rendered":"<p>Der Schneeschuhtourenf\u00fchrer zu den Waadtl\u00e4nder, Freiburger und Berner Alpen in<br \/>\ndritter Auflage erweitert um neun Touren. Durchwegs farbig illustriert. GPS<br \/>\nKoordinaten zu jeder Tour. Jede Route auf Naturvertr\u00e4glichkeit gecheckt.<\/p>\n<p>Wer immer in der vielf\u00e4ltigen Gegend zwischen Genfer- und Thunersee Berge und<br \/>\nH\u00fcgel mit Schneeschuhen erkunden will, findet hier eine reiche Auswahl. 85<br \/>\ndetailliert beschriebene und mit komplettem Infoservice versehene<br \/>\nTourenvorschl\u00e4ge enthalten f\u00fcr jeden Geschmack etwas. F\u00fcndig wird, wer bloss<br \/>\nden friedlichen Bummel sucht &#8211; und ebenso, wer den anspruchsvollen Gang will.<\/p>\n<p>3., erw. Auflg.; 236 Seiten, ca. 170 Farbfotos, ca. 18 Illustrationen, ca. 71<br \/>\nKartenausschnitte<\/p>","protected":false},"excerpt":{"rendered":"<p>Der Schneeschuhtourenf\u00fchrer zu den Waadtl\u00e4nder, Freiburger und Berner Alpen in dritter Auflage erweitert um neun Touren. Durchwegs farbig illustriert. GPS Koordinaten zu jeder Tour. Jede Route auf Naturvertr\u00e4glichkeit gecheckt. Wer immer in der vielf\u00e4ltigen Gegend zwischen Genfer- und Thunersee Berge und H\u00fcgel mit Schneeschuhen erkunden will, findet hier eine reiche Auswahl. 85 detailliert beschriebene und [&#8230;]\n","protected":false},"featured_media":27199,"template":"","meta":[],"product_brand":[],"product_cat":[21540],"product_tag":[],"class_list":{"0":"post-150297","1":"product","2":"type-product","3":"status-publish","4":"has-post-thumbnail","6":"product_cat-fuehrerliteratur-alpin-winter","7":"pa_autor-ackermann-wandfluh","8":"pa_erscheinungsjahr-21550","9":"pa_region-schweiz","10":"pa_sprache-de","12":"first","13":"instock","14":"taxable","15":"shipping-taxable","16":"purchasable","17":"product-type-simple"},"_links":{"self":[{"href":"https:\/\/pizbube.ch\/en\/wp-json\/wp\/v2\/product\/150297","targetHints":{"allow":["GET"]}}],"collection":[{"href":"https:\/\/pizbube.ch\/en\/wp-json\/wp\/v2\/product"}],"about":[{"href":"https:\/\/pizbube.ch\/en\/wp-json\/wp\/v2\/types\/product"}],"wp:featuredmedia":[{"embeddable":true,"href":"https:\/\/pizbube.ch\/en\/wp-json\/wp\/v2\/media\/27199"}],"wp:attachment":[{"href":"https:\/\/pizbube.ch\/en\/wp-json\/wp\/v2\/media?parent=150297"}],"wp:term":[{"taxonomy":"product_brand","embeddable":true,"href":"https:\/\/pizbube.ch\/en\/wp-json\/wp\/v2\/product_brand?post=150297"},{"taxonomy":"product_cat","embeddable":true,"href":"https:\/\/pizbube.ch\/en\/wp-json\/wp\/v2\/product_cat?post=150297"},{"taxonomy":"product_tag","embeddable":true,"href":"https:\/\/pizbube.ch\/en\/wp-json\/wp\/v2\/product_tag?post=150297"}],"curies":[{"name":"wp","href":"https:\/\/api.w.org\/{rel}","templated":true}]}}