{"id":150298,"date":"2021-01-15T11:01:57","date_gmt":"2021-01-15T11:01:57","guid":{"rendered":"https:\/\/codengine3.ch\/?product=import-placeholder-for-204362"},"modified":"2021-01-15T14:32:23","modified_gmt":"2021-01-15T14:32:23","slug":"courses-en-raquettes-1-de-montreux-au-lac-de-thoune","status":"publish","type":"product","link":"https:\/\/pizbube.ch\/en\/shop\/courses-en-raquettes-1-de-montreux-au-lac-de-thoune\/","title":{"rendered":"Courses en raquettes 1 &#8211; De Montreux au Lac de Thoune"},"content":{"rendered":"<p>Premier guide suisse syst\u00e9matique de courses en raquettes. Plus de 60<br \/>\nitin\u00e9raires simples ou plus exigeants dans les Alpes vaudoises, fribourgeoises<br \/>\net bernoises. Richement illustr\u00e9. Grande nou-veaut\u00e9: le guide indique pour<br \/>\nchaque course les coordonn\u00e9es GPS. De plus, chaque itin\u00e9raire a \u00e9t\u00e9 contr\u00f4l\u00e9<br \/>\nen fonction de son impact \u00e9cologique. 200 p.<\/p>","protected":false},"excerpt":{"rendered":"<p>Premier guide suisse syst\u00e9matique de courses en raquettes. Plus de 60 itin\u00e9raires simples ou plus exigeants dans les Alpes vaudoises, fribourgeoises et bernoises. Richement illustr\u00e9. Grande nou-veaut\u00e9: le guide indique pour chaque course les coordonn\u00e9es GPS. De plus, chaque itin\u00e9raire a \u00e9t\u00e9 contr\u00f4l\u00e9 en fonction de son impact \u00e9cologique. 200 p.<\/p>","protected":false},"featured_media":32205,"template":"","meta":[],"product_brand":[],"product_cat":[21540],"product_tag":[],"class_list":{"0":"post-150298","1":"product","2":"type-product","3":"status-publish","4":"has-post-thumbnail","6":"product_cat-fuehrerliteratur-alpin-winter","7":"pa_autor-ackermann-wandfluh","8":"pa_erscheinungsjahr-21842","9":"pa_region-schweiz","10":"pa_sprache-fr","12":"first","13":"instock","14":"taxable","15":"shipping-taxable","16":"purchasable","17":"product-type-simple"},"_links":{"self":[{"href":"https:\/\/pizbube.ch\/en\/wp-json\/wp\/v2\/product\/150298","targetHints":{"allow":["GET"]}}],"collection":[{"href":"https:\/\/pizbube.ch\/en\/wp-json\/wp\/v2\/product"}],"about":[{"href":"https:\/\/pizbube.ch\/en\/wp-json\/wp\/v2\/types\/product"}],"wp:featuredmedia":[{"embeddable":true,"href":"https:\/\/pizbube.ch\/en\/wp-json\/wp\/v2\/media\/32205"}],"wp:attachment":[{"href":"https:\/\/pizbube.ch\/en\/wp-json\/wp\/v2\/media?parent=150298"}],"wp:term":[{"taxonomy":"product_brand","embeddable":true,"href":"https:\/\/pizbube.ch\/en\/wp-json\/wp\/v2\/product_brand?post=150298"},{"taxonomy":"product_cat","embeddable":true,"href":"https:\/\/pizbube.ch\/en\/wp-json\/wp\/v2\/product_cat?post=150298"},{"taxonomy":"product_tag","embeddable":true,"href":"https:\/\/pizbube.ch\/en\/wp-json\/wp\/v2\/product_tag?post=150298"}],"curies":[{"name":"wp","href":"https:\/\/api.w.org\/{rel}","templated":true}]}}