{"id":150299,"date":"2021-01-15T11:01:57","date_gmt":"2021-01-15T11:01:57","guid":{"rendered":"https:\/\/codengine3.ch\/?product=import-placeholder-for-205000"},"modified":"2021-01-15T14:37:57","modified_gmt":"2021-01-15T14:37:57","slug":"raquette-a-neige-alpes-du-sud","status":"publish","type":"product","link":"https:\/\/pizbube.ch\/en\/shop\/raquette-a-neige-alpes-du-sud\/","title":{"rendered":"RAQUETTE A NEIGE ALPES DU SUD"},"content":{"rendered":"<p>Ces derni\u00e8res ann\u00e9es, la pratique de la raquette a beaucoup \u00e9volu\u00e9 gr\u00e2ce<br \/>\nnotamment au mat\u00e9riel plus performant et plus facile d&#8217;utilisation, mais aussi<br \/>\n\u00e0 une meilleure connaissance de l&#8217;activit\u00e9. Les randonneurs sp\u00e9cialistes ou<br \/>\noccasionnels sont de plus en plus nombreux \u00e0 \u00eatre attir\u00e9s par la montagne<br \/>\nhivernale. Pour r\u00e9pondre \u00e0 leurs attentes, les auteurs de cette collection<br \/>\nproposent chacun dans leur secteur une s\u00e9lection &#8218;d&#8217;itin\u00e9raires choisis&#8216; parmi<br \/>\nles plus int\u00e9rressants ainsi que de nombreuses suggestions de parcours bis.<br \/>\nDes informations techniques, des descriptifs pr\u00e9cis, des cartes illustr\u00e9es en<br \/>\nrelief et des conseils avis\u00e9s.  <\/p>","protected":false},"excerpt":{"rendered":"<p>Ces derni\u00e8res ann\u00e9es, la pratique de la raquette a beaucoup \u00e9volu\u00e9 gr\u00e2ce notamment au mat\u00e9riel plus performant et plus facile d&#8217;utilisation, mais aussi \u00e0 une meilleure connaissance de l&#8217;activit\u00e9. Les randonneurs sp\u00e9cialistes ou occasionnels sont de plus en plus nombreux \u00e0 \u00eatre attir\u00e9s par la montagne hivernale. Pour r\u00e9pondre \u00e0 leurs attentes, les auteurs de [&#8230;]\n","protected":false},"featured_media":33574,"template":"","meta":[],"product_brand":[],"product_cat":[21540],"product_tag":[],"class_list":{"0":"post-150299","1":"product","2":"type-product","3":"status-publish","4":"has-post-thumbnail","6":"product_cat-fuehrerliteratur-alpin-winter","7":"pa_autor-dao","8":"pa_erscheinungsjahr-22150","9":"pa_region-frankreich","10":"pa_sprache-fr","12":"first","13":"instock","14":"taxable","15":"shipping-taxable","16":"purchasable","17":"product-type-simple"},"_links":{"self":[{"href":"https:\/\/pizbube.ch\/en\/wp-json\/wp\/v2\/product\/150299","targetHints":{"allow":["GET"]}}],"collection":[{"href":"https:\/\/pizbube.ch\/en\/wp-json\/wp\/v2\/product"}],"about":[{"href":"https:\/\/pizbube.ch\/en\/wp-json\/wp\/v2\/types\/product"}],"wp:featuredmedia":[{"embeddable":true,"href":"https:\/\/pizbube.ch\/en\/wp-json\/wp\/v2\/media\/33574"}],"wp:attachment":[{"href":"https:\/\/pizbube.ch\/en\/wp-json\/wp\/v2\/media?parent=150299"}],"wp:term":[{"taxonomy":"product_brand","embeddable":true,"href":"https:\/\/pizbube.ch\/en\/wp-json\/wp\/v2\/product_brand?post=150299"},{"taxonomy":"product_cat","embeddable":true,"href":"https:\/\/pizbube.ch\/en\/wp-json\/wp\/v2\/product_cat?post=150299"},{"taxonomy":"product_tag","embeddable":true,"href":"https:\/\/pizbube.ch\/en\/wp-json\/wp\/v2\/product_tag?post=150299"}],"curies":[{"name":"wp","href":"https:\/\/api.w.org\/{rel}","templated":true}]}}