{"id":150300,"date":"2021-01-15T11:01:57","date_gmt":"2021-01-15T11:01:57","guid":{"rendered":"https:\/\/codengine3.ch\/?product=import-placeholder-for-205114"},"modified":"2026-03-12T09:00:25","modified_gmt":"2026-03-12T08:00:25","slug":"schneeschuh-tourenfuehrer-zentralschweiz-vom-brienzer-zum-zuerichsee","status":"publish","type":"product","link":"https:\/\/pizbube.ch\/en\/shop\/schneeschuh-tourenfuehrer-zentralschweiz-vom-brienzer-zum-zuerichsee\/","title":{"rendered":"Schneeschuhtouren Zentralschweiz &#8211; Entlebuch \/ Vierwaldst\u00e4ttersee \/ Sch\u00e4chental \/ Schwyz \/ Einsiedeln"},"content":{"rendered":"<p>Der Schneeschuhtourenf\u00fcher \u00abZentralschweiz\u00bb des Schweizer Alpen-Club SAC beschreibt \u00fcber 50 attraktive Routen plus zahlreiche Varianten vom Entlebuch bis ins W\u00e4gital. Die meisten Touren befinden sich in den mittleren Schwierigkeitsgraden von WT2 bis WT3. Anhand der detaillierten Angaben (\u00dcbersichtskarte, Schwierigkeit, Zeit, H\u00f6henmeter, Distanz, \u00d6V-Haltestellen) f\u00e4llt die Auswahl der passenden Tour leicht. Sei es eine Einsteigertour, eine sportliche Herausforderung oder weitwandern von Tal zu Tal.<\/p>\n<p>Um den genauen Routenverlauf online zu studieren, ist via QR-Code der Zugriff auf das SAC-Tourenportal mit seinen swisstopo-Karten m\u00f6glich.<br \/>\nDas Layout pr\u00e4sentiert sich modern, frisch und \u00fcbersichtlich \u2013 das ideale Schneeschuhtourenbuch zum St\u00f6bern, Entdecken und Planen.<\/p>\n<p>5. Auflage 2023<\/p>","protected":false},"excerpt":{"rendered":"<p>Der Schneeschuhtourenf\u00fcher \u00abZentralschweiz\u00bb des Schweizer Alpen-Club SAC beschreibt \u00fcber 50 attraktive Routen plus zahlreiche Varianten vom Entlebuch bis ins W\u00e4gital. Die meisten Touren befinden sich in den mittleren Schwierigkeitsgraden von WT2 bis WT3. Anhand der detaillierten Angaben (\u00dcbersichtskarte, Schwierigkeit, Zeit, H\u00f6henmeter, Distanz, \u00d6V-Haltestellen) f\u00e4llt die Auswahl der passenden Tour leicht. Sei es eine Einsteigertour, eine [&#8230;]\n","protected":false},"featured_media":170513,"template":"","meta":[],"product_brand":[],"product_cat":[21540],"product_tag":[],"class_list":{"0":"post-150300","1":"product","2":"type-product","3":"status-publish","4":"has-post-thumbnail","6":"product_cat-fuehrerliteratur-alpin-winter","7":"pa_autor-coulin","8":"pa_erscheinungsjahr-27129","9":"pa_region-schweiz","10":"pa_sprache-de","12":"first","13":"instock","14":"taxable","15":"shipping-taxable","16":"purchasable","17":"product-type-simple"},"_links":{"self":[{"href":"https:\/\/pizbube.ch\/en\/wp-json\/wp\/v2\/product\/150300","targetHints":{"allow":["GET"]}}],"collection":[{"href":"https:\/\/pizbube.ch\/en\/wp-json\/wp\/v2\/product"}],"about":[{"href":"https:\/\/pizbube.ch\/en\/wp-json\/wp\/v2\/types\/product"}],"wp:featuredmedia":[{"embeddable":true,"href":"https:\/\/pizbube.ch\/en\/wp-json\/wp\/v2\/media\/170513"}],"wp:attachment":[{"href":"https:\/\/pizbube.ch\/en\/wp-json\/wp\/v2\/media?parent=150300"}],"wp:term":[{"taxonomy":"product_brand","embeddable":true,"href":"https:\/\/pizbube.ch\/en\/wp-json\/wp\/v2\/product_brand?post=150300"},{"taxonomy":"product_cat","embeddable":true,"href":"https:\/\/pizbube.ch\/en\/wp-json\/wp\/v2\/product_cat?post=150300"},{"taxonomy":"product_tag","embeddable":true,"href":"https:\/\/pizbube.ch\/en\/wp-json\/wp\/v2\/product_tag?post=150300"}],"curies":[{"name":"wp","href":"https:\/\/api.w.org\/{rel}","templated":true}]}}