{"id":150306,"date":"2021-01-15T11:01:57","date_gmt":"2021-01-15T11:01:57","guid":{"rendered":"https:\/\/codengine3.ch\/?product=import-placeholder-for-202738"},"modified":"2021-01-15T12:38:55","modified_gmt":"2021-01-15T12:38:55","slug":"ben-nevis-neige-glace-et-mixte","status":"publish","type":"product","link":"https:\/\/pizbube.ch\/en\/shop\/ben-nevis-neige-glace-et-mixte\/","title":{"rendered":"Ben Nevis Neige Glace et Mixte"},"content":{"rendered":"<p>Les plus belles voies:<br \/>\n224 pages<br \/>\n180 photos avec trac\u00e9s d&#8217;itin\u00e9raires<br \/>\n160 voies neige, glace et mixte \u00e0 d\u00e9couvrir&#8230;  <\/p>\n<p>un ouvrage de r\u00e9f\u00e9rence, pour qui veut pratiquer la glace \u00e9cossaise, \u00e9crit par<br \/>\nun des grands sp\u00e9cialistes fran\u00e7ais, malheureusement trop t\u00f4t disparu.<\/p>","protected":false},"excerpt":{"rendered":"<p>Les plus belles voies: 224 pages 180 photos avec trac\u00e9s d&#8217;itin\u00e9raires 160 voies neige, glace et mixte \u00e0 d\u00e9couvrir&#8230; un ouvrage de r\u00e9f\u00e9rence, pour qui veut pratiquer la glace \u00e9cossaise, \u00e9crit par un des grands sp\u00e9cialistes fran\u00e7ais, malheureusement trop t\u00f4t disparu.<\/p>","protected":false},"featured_media":30181,"template":"","meta":[],"product_brand":[],"product_cat":[21540],"product_tag":[],"class_list":{"0":"post-150306","1":"product","2":"type-product","3":"status-publish","4":"has-post-thumbnail","6":"product_cat-fuehrerliteratur-alpin-winter","7":"pa_autor-perroux","8":"pa_erscheinungsjahr-22144","9":"pa_region-grossbritannien-scottland","10":"pa_sprache-fr","12":"first","13":"instock","14":"taxable","15":"shipping-taxable","16":"purchasable","17":"product-type-simple"},"_links":{"self":[{"href":"https:\/\/pizbube.ch\/en\/wp-json\/wp\/v2\/product\/150306","targetHints":{"allow":["GET"]}}],"collection":[{"href":"https:\/\/pizbube.ch\/en\/wp-json\/wp\/v2\/product"}],"about":[{"href":"https:\/\/pizbube.ch\/en\/wp-json\/wp\/v2\/types\/product"}],"wp:featuredmedia":[{"embeddable":true,"href":"https:\/\/pizbube.ch\/en\/wp-json\/wp\/v2\/media\/30181"}],"wp:attachment":[{"href":"https:\/\/pizbube.ch\/en\/wp-json\/wp\/v2\/media?parent=150306"}],"wp:term":[{"taxonomy":"product_brand","embeddable":true,"href":"https:\/\/pizbube.ch\/en\/wp-json\/wp\/v2\/product_brand?post=150306"},{"taxonomy":"product_cat","embeddable":true,"href":"https:\/\/pizbube.ch\/en\/wp-json\/wp\/v2\/product_cat?post=150306"},{"taxonomy":"product_tag","embeddable":true,"href":"https:\/\/pizbube.ch\/en\/wp-json\/wp\/v2\/product_tag?post=150306"}],"curies":[{"name":"wp","href":"https:\/\/api.w.org\/{rel}","templated":true}]}}