{"id":150311,"date":"2021-01-15T11:01:58","date_gmt":"2021-01-15T11:01:58","guid":{"rendered":"https:\/\/codengine3.ch\/?product=import-placeholder-for-200923"},"modified":"2023-01-20T17:31:54","modified_gmt":"2023-01-20T16:31:54","slug":"walliser-alpen-vom-col-de-balme-zum-nufenenpass","status":"publish","type":"product","link":"https:\/\/pizbube.ch\/en\/shop\/walliser-alpen-vom-col-de-balme-zum-nufenenpass\/","title":{"rendered":"Walliser Alpen &#8211; Vom Col de Balme zum Nufenenpass"},"content":{"rendered":"<p>SAC Auswahlf\u00fchrer Walliser Alpen:<br \/>\nVom Col de Balme zum Nufenenpass<\/p>\n<p>Hochtouren im Wallis! Das ist eine Welt f\u00fcr sich: das einmalige Westalpen-<br \/>\nGef\u00fchl, Bergsteigen und Klettern inmitten der m\u00e4chtigen Gletscherberge der<br \/>\nPenninischen Gebirgsfalte, mit ihren Protagonisten Mont Dolent, Mont V\u00e9lan,<br \/>\nGrand Combin, Dent Blanche, Dent d\u2019H\u00e9rens, Matterhorn, Obergabelhorn,<br \/>\nWeisshorn, Liskamm, Monte Rosa, Strahlhorn, Mischabel, Weissmies, Monte Leone,<br \/>\nScherbadung und Blinnenhorn.<\/p>\n<p>Dieser Auswahlf\u00fchrer weist den Weg zu den attraktivsten Routen des s\u00fcdlichen<br \/>\nWallis, dabei ber\u00fccksichtigen die Autoren die eingetretenen klimatisch<br \/>\nbedingten Ver\u00e4nderungen.<br \/>\nCa. 600 Seiten, mit Routenfotos, 4. komplett neue Auflage<\/p>\n<p>&nbsp;<\/p>","protected":false},"excerpt":{"rendered":"<p>SAC Auswahlf\u00fchrer Walliser Alpen: Vom Col de Balme zum Nufenenpass Hochtouren im Wallis! Das ist eine Welt f\u00fcr sich: das einmalige Westalpen- Gef\u00fchl, Bergsteigen und Klettern inmitten der m\u00e4chtigen Gletscherberge der Penninischen Gebirgsfalte, mit ihren Protagonisten Mont Dolent, Mont V\u00e9lan, Grand Combin, Dent Blanche, Dent d\u2019H\u00e9rens, Matterhorn, Obergabelhorn, Weisshorn, Liskamm, Monte Rosa, Strahlhorn, Mischabel, Weissmies, [&#8230;]\n","protected":false},"featured_media":165747,"template":"","meta":[],"product_brand":[],"product_cat":[21544],"product_tag":[],"class_list":{"0":"post-150311","1":"product","2":"type-product","3":"status-publish","4":"has-post-thumbnail","6":"product_cat-fuehrerliteratur-alpin-sommer","7":"pa_autor-biner-banzhaf","8":"pa_erscheinungsjahr-21597","9":"pa_region-schweiz","10":"pa_sprache-de","12":"first","13":"instock","14":"taxable","15":"shipping-taxable","16":"purchasable","17":"product-type-simple"},"_links":{"self":[{"href":"https:\/\/pizbube.ch\/en\/wp-json\/wp\/v2\/product\/150311","targetHints":{"allow":["GET"]}}],"collection":[{"href":"https:\/\/pizbube.ch\/en\/wp-json\/wp\/v2\/product"}],"about":[{"href":"https:\/\/pizbube.ch\/en\/wp-json\/wp\/v2\/types\/product"}],"wp:featuredmedia":[{"embeddable":true,"href":"https:\/\/pizbube.ch\/en\/wp-json\/wp\/v2\/media\/165747"}],"wp:attachment":[{"href":"https:\/\/pizbube.ch\/en\/wp-json\/wp\/v2\/media?parent=150311"}],"wp:term":[{"taxonomy":"product_brand","embeddable":true,"href":"https:\/\/pizbube.ch\/en\/wp-json\/wp\/v2\/product_brand?post=150311"},{"taxonomy":"product_cat","embeddable":true,"href":"https:\/\/pizbube.ch\/en\/wp-json\/wp\/v2\/product_cat?post=150311"},{"taxonomy":"product_tag","embeddable":true,"href":"https:\/\/pizbube.ch\/en\/wp-json\/wp\/v2\/product_tag?post=150311"}],"curies":[{"name":"wp","href":"https:\/\/api.w.org\/{rel}","templated":true}]}}