{"id":150312,"date":"2021-01-15T11:01:58","date_gmt":"2021-01-15T11:01:58","guid":{"rendered":"https:\/\/codengine3.ch\/?product=import-placeholder-for-203010"},"modified":"2024-08-24T09:08:32","modified_gmt":"2024-08-24T07:08:32","slug":"du-col-des-montets-au-lac-leman","status":"publish","type":"product","link":"https:\/\/pizbube.ch\/en\/shop\/du-col-des-montets-au-lac-leman\/","title":{"rendered":"Du Col des Montets au Lac L\u00e9man"},"content":{"rendered":"<p>Randonn\u00e9es, escalade et alpinisme<\/p>\n<p>Ce guide a d\u00e9j\u00e0 une longue histoire. La derni\u00e8re \u00e9dition a paru en 1979 sous<br \/>\nle titre Pr\u00e9alpes franco-suisse, sous la plume de Pierre Bossus.<\/p>\n<p>Balcon sur le lac L\u00e9man et sur le Mont Blanc, la cha\u00eene franco- suisse est<br \/>\n\u00e9galement un trait d\u00b9union entre la Haute-Savoie et le Valais!<\/p>\n<p>Les randonneurs, alpinistes et grimpeurs des deux c\u00f4t\u00e9s de la fronti\u00e8re<br \/>\ndisposent maintenant d\u00b9un ouvrage d\u00b9actualit\u00e9 qui, rien que par sa lecture,<br \/>\n\u00e9veille le plaisir anticip\u00e9 de l\u00b9aventure dans la nature.<\/p>\n<p>2003, en fran\u00e7ais, 640 pages, 117 illustrations, 8 photos couleur<\/p>","protected":false},"excerpt":{"rendered":"<p>Randonn\u00e9es, escalade et alpinisme Ce guide a d\u00e9j\u00e0 une longue histoire. La derni\u00e8re \u00e9dition a paru en 1979 sous le titre Pr\u00e9alpes franco-suisse, sous la plume de Pierre Bossus. Balcon sur le lac L\u00e9man et sur le Mont Blanc, la cha\u00eene franco- suisse est \u00e9galement un trait d\u00b9union entre la Haute-Savoie et le Valais! Les [&#8230;]\n","protected":false},"featured_media":157707,"template":"","meta":[],"product_brand":[],"product_cat":[21544],"product_tag":[],"class_list":{"0":"post-150312","1":"product","2":"type-product","3":"status-publish","4":"has-post-thumbnail","6":"product_cat-fuehrerliteratur-alpin-sommer","7":"pa_autor-meier","8":"pa_erscheinungsjahr-22292","9":"pa_region-schweiz","10":"pa_sprache-fr","12":"first","13":"onbackorder","14":"taxable","15":"shipping-taxable","16":"purchasable","17":"product-type-simple"},"_links":{"self":[{"href":"https:\/\/pizbube.ch\/en\/wp-json\/wp\/v2\/product\/150312","targetHints":{"allow":["GET"]}}],"collection":[{"href":"https:\/\/pizbube.ch\/en\/wp-json\/wp\/v2\/product"}],"about":[{"href":"https:\/\/pizbube.ch\/en\/wp-json\/wp\/v2\/types\/product"}],"wp:featuredmedia":[{"embeddable":true,"href":"https:\/\/pizbube.ch\/en\/wp-json\/wp\/v2\/media\/157707"}],"wp:attachment":[{"href":"https:\/\/pizbube.ch\/en\/wp-json\/wp\/v2\/media?parent=150312"}],"wp:term":[{"taxonomy":"product_brand","embeddable":true,"href":"https:\/\/pizbube.ch\/en\/wp-json\/wp\/v2\/product_brand?post=150312"},{"taxonomy":"product_cat","embeddable":true,"href":"https:\/\/pizbube.ch\/en\/wp-json\/wp\/v2\/product_cat?post=150312"},{"taxonomy":"product_tag","embeddable":true,"href":"https:\/\/pizbube.ch\/en\/wp-json\/wp\/v2\/product_tag?post=150312"}],"curies":[{"name":"wp","href":"https:\/\/api.w.org\/{rel}","templated":true}]}}