{"id":150313,"date":"2021-01-15T11:01:58","date_gmt":"2021-01-15T11:01:58","guid":{"rendered":"https:\/\/codengine3.ch\/?product=import-placeholder-for-200919"},"modified":"2021-01-15T11:02:06","modified_gmt":"2021-01-15T11:02:06","slug":"walliser-alpen-2-vom-gr-st-bernhard-zum-col-collon","status":"publish","type":"product","link":"https:\/\/pizbube.ch\/en\/shop\/walliser-alpen-2-vom-gr-st-bernhard-zum-col-collon\/","title":{"rendered":"Walliser Alpen 2 &#8211; Vom Gr.St.Bernhard zum Col Collon"},"content":{"rendered":"<p>SAC Clubf\u00fchrer (Grd. St. Bernhard- Col Collon); Routenbeschreibungen:<br \/>\nGruppe des Mont V\u00e9lan<br \/>\nSonadon-Gruppe<br \/>\nGruppe der Combins<br \/>\nGrenzkette Mont Gel\u00e9 &#8211; Aouille Tseuque<br \/>\nGruppe Col d`Otemma &#8211; La Singla &#8211; L`Ev\u00eaque &#8211; Mont Collon<br \/>\nGruppe Les Portons &#8211; Pigne d`Arolla &#8211; Mont Blanc de Cheilon &#8211; La Ruinette<br \/>\nGruppe Le Pleureur &#8211; Mont Fort &#8211; Pierre Avoi<br \/>\nKette der Aiguilles Rouges d`Arolla &#8211; Pointe de Vouasson<\/p>","protected":false},"excerpt":{"rendered":"<p>SAC Clubf\u00fchrer (Grd. St. Bernhard- Col Collon); Routenbeschreibungen: Gruppe des Mont V\u00e9lan Sonadon-Gruppe Gruppe der Combins Grenzkette Mont Gel\u00e9 &#8211; Aouille Tseuque Gruppe Col d`Otemma &#8211; La Singla &#8211; L`Ev\u00eaque &#8211; Mont Collon Gruppe Les Portons &#8211; Pigne d`Arolla &#8211; Mont Blanc de Cheilon &#8211; La Ruinette Gruppe Le Pleureur &#8211; Mont Fort &#8211; Pierre [&#8230;]\n","protected":false},"featured_media":28040,"template":"","meta":[],"product_brand":[],"product_cat":[21544],"product_tag":[],"class_list":{"0":"post-150313","1":"product","2":"type-product","3":"status-publish","4":"has-post-thumbnail","6":"product_cat-fuehrerliteratur-alpin-sommer","7":"pa_autor-brandt","8":"pa_erscheinungsjahr-22150","9":"pa_region-schweiz","10":"pa_sprache-de","12":"first","13":"outofstock","14":"taxable","15":"shipping-taxable","16":"purchasable","17":"product-type-simple"},"_links":{"self":[{"href":"https:\/\/pizbube.ch\/en\/wp-json\/wp\/v2\/product\/150313","targetHints":{"allow":["GET"]}}],"collection":[{"href":"https:\/\/pizbube.ch\/en\/wp-json\/wp\/v2\/product"}],"about":[{"href":"https:\/\/pizbube.ch\/en\/wp-json\/wp\/v2\/types\/product"}],"wp:featuredmedia":[{"embeddable":true,"href":"https:\/\/pizbube.ch\/en\/wp-json\/wp\/v2\/media\/28040"}],"wp:attachment":[{"href":"https:\/\/pizbube.ch\/en\/wp-json\/wp\/v2\/media?parent=150313"}],"wp:term":[{"taxonomy":"product_brand","embeddable":true,"href":"https:\/\/pizbube.ch\/en\/wp-json\/wp\/v2\/product_brand?post=150313"},{"taxonomy":"product_cat","embeddable":true,"href":"https:\/\/pizbube.ch\/en\/wp-json\/wp\/v2\/product_cat?post=150313"},{"taxonomy":"product_tag","embeddable":true,"href":"https:\/\/pizbube.ch\/en\/wp-json\/wp\/v2\/product_tag?post=150313"}],"curies":[{"name":"wp","href":"https:\/\/api.w.org\/{rel}","templated":true}]}}