{"id":150314,"date":"2021-01-15T11:01:58","date_gmt":"2021-01-15T11:01:58","guid":{"rendered":"https:\/\/codengine3.ch\/?product=import-placeholder-for-207762"},"modified":"2023-04-12T09:18:23","modified_gmt":"2023-04-12T07:18:23","slug":"mont-dolent-grand-combin-pigne-darolla","status":"publish","type":"product","link":"https:\/\/pizbube.ch\/en\/shop\/mont-dolent-grand-combin-pigne-darolla\/","title":{"rendered":"Mont Dolent \/ Grand Combin \/ Pigne d&#8217;Arolla"},"content":{"rendered":"<p>Vom Col de Balme zum Col Collon; Auswahlf\u00fchrer<\/p>\n<p>Dieser Hochtourenf\u00fchrer ist dem Unterwallis gewidmet. Er enth\u00e4lt die sicheren<br \/>\nund lohnenden Routen auf eine betr\u00e4chtliche Anzahl grossartiger Berge, die \u2013<br \/>\nNEAT sei Dank \u2013 f\u00fcr die Bewohner der Alpennordseite viel n\u00e4her ger\u00fcckt sind.<br \/>\nEr beginnt mit den wuchtigen Ausl\u00e4ufern des Mont Blanc und endet bei den<br \/>\nGletscherbergen bei Arolla. Nebst den detaillierten technischen Beschreibungen<br \/>\nder Touren gibt dieser Alpinf\u00fchrer auch Auskunft \u00fcber die Bedeutung und<br \/>\nHerkunft vieler Bergnamen.<\/p>\n<p>Die Autoren haben die klimatischen Ver\u00e4nderungen der j\u00fcngsten Zeit einbezogen.<br \/>\nZudem verstehen sie die Berge als Kulturraum, weshalb sie mit zahlreichen<br \/>\nhistorischen und naturwissenschaftlichen Aufs\u00e4tzen die Neugier der<br \/>\nBergsteigerinnen und Bergsteiger auf verschiedene Themen wecken m\u00f6chten.<\/p>","protected":false},"excerpt":{"rendered":"<p>Vom Col de Balme zum Col Collon; Auswahlf\u00fchrer Dieser Hochtourenf\u00fchrer ist dem Unterwallis gewidmet. Er enth\u00e4lt die sicheren und lohnenden Routen auf eine betr\u00e4chtliche Anzahl grossartiger Berge, die \u2013 NEAT sei Dank \u2013 f\u00fcr die Bewohner der Alpennordseite viel n\u00e4her ger\u00fcckt sind. Er beginnt mit den wuchtigen Ausl\u00e4ufern des Mont Blanc und endet bei den [&#8230;]\n","protected":false},"featured_media":38373,"template":"","meta":[],"product_brand":[],"product_cat":[21544],"product_tag":[],"class_list":{"0":"post-150314","1":"product","2":"type-product","3":"status-publish","4":"has-post-thumbnail","6":"product_cat-fuehrerliteratur-alpin-sommer","7":"pa_autor-banzhaf-fournier-roduit","8":"pa_erscheinungsjahr-21550","9":"pa_region-schweiz","10":"pa_sprache-de","12":"first","13":"instock","14":"taxable","15":"shipping-taxable","16":"purchasable","17":"product-type-simple"},"_links":{"self":[{"href":"https:\/\/pizbube.ch\/en\/wp-json\/wp\/v2\/product\/150314","targetHints":{"allow":["GET"]}}],"collection":[{"href":"https:\/\/pizbube.ch\/en\/wp-json\/wp\/v2\/product"}],"about":[{"href":"https:\/\/pizbube.ch\/en\/wp-json\/wp\/v2\/types\/product"}],"wp:featuredmedia":[{"embeddable":true,"href":"https:\/\/pizbube.ch\/en\/wp-json\/wp\/v2\/media\/38373"}],"wp:attachment":[{"href":"https:\/\/pizbube.ch\/en\/wp-json\/wp\/v2\/media?parent=150314"}],"wp:term":[{"taxonomy":"product_brand","embeddable":true,"href":"https:\/\/pizbube.ch\/en\/wp-json\/wp\/v2\/product_brand?post=150314"},{"taxonomy":"product_cat","embeddable":true,"href":"https:\/\/pizbube.ch\/en\/wp-json\/wp\/v2\/product_cat?post=150314"},{"taxonomy":"product_tag","embeddable":true,"href":"https:\/\/pizbube.ch\/en\/wp-json\/wp\/v2\/product_tag?post=150314"}],"curies":[{"name":"wp","href":"https:\/\/api.w.org\/{rel}","templated":true}]}}