{"id":150315,"date":"2021-01-15T11:02:03","date_gmt":"2021-01-15T11:02:03","guid":{"rendered":"https:\/\/codengine3.ch\/?product=import-placeholder-for-200920"},"modified":"2021-01-15T11:02:07","modified_gmt":"2021-01-15T11:02:07","slug":"matterhorn-dent-blanche-weisshorn-vom-col-collon-bis-theodulpass","status":"publish","type":"product","link":"https:\/\/pizbube.ch\/en\/shop\/matterhorn-dent-blanche-weisshorn-vom-col-collon-bis-theodulpass\/","title":{"rendered":"Matterhorn\/Dent Blanche\/Weisshorn &#8211; Vom Col Collon bis Theodulpass"},"content":{"rendered":"<p>SAC CLubf\u00fchrer (Col Collon- Theodulpass);<br \/>\n(Nachfolger von Walliser Alpen 3)  <\/p>\n<p>Dieser v\u00f6llig neu gestaltete Band `Alpine Touren` soll den Appetit f\u00fcr die<br \/>\ngrossen Walliser Berge anregen: Matterhorn, Weisshorn, Dent Blanche und alle<br \/>\nihre Nachbarn. Er beschreibt die sicheren und lohnenden Routen zwischen Col<br \/>\nCollon und Theodulpass. Dabei werden die klimatischen Ver\u00e4nderungen der<br \/>\nj\u00fcngsten Vergangenheit ber\u00fccksichtigt. Gleichzeitig \u00f6ffnen die Autoren ein<br \/>\nFenster zum reizvollen Kulturraum Wallis &#8211; Aostatal.  <\/p>\n<p>Routenbeschreibungen:<br \/>\nBouquetins- und Dents-de-Perroc Gruppe<br \/>\nDent-Blanche Gruppe<br \/>\nGrand-Cornier Gruppe<br \/>\nGabelh\u00f6rner- und Zinalrothorn Gruppe<br \/>\nWeisshorn Gruppe<br \/>\nDiablons- und Bella-Tola Gruppe<br \/>\nBarrh\u00f6rner- und Augstbordhorn Gruppe<br \/>\nDent-d`H\u00e9rens und Matterhorn Gruppe  <\/p>","protected":false},"excerpt":{"rendered":"<p>SAC CLubf\u00fchrer (Col Collon- Theodulpass); (Nachfolger von Walliser Alpen 3) Dieser v\u00f6llig neu gestaltete Band `Alpine Touren` soll den Appetit f\u00fcr die grossen Walliser Berge anregen: Matterhorn, Weisshorn, Dent Blanche und alle ihre Nachbarn. Er beschreibt die sicheren und lohnenden Routen zwischen Col Collon und Theodulpass. Dabei werden die klimatischen Ver\u00e4nderungen der j\u00fcngsten Vergangenheit ber\u00fccksichtigt. [&#8230;]\n","protected":false},"featured_media":28042,"template":"","meta":[],"product_brand":[],"product_cat":[21544],"product_tag":[],"class_list":{"0":"post-150315","1":"product","2":"type-product","3":"status-publish","4":"has-post-thumbnail","6":"product_cat-fuehrerliteratur-alpin-sommer","7":"pa_autor-banzhaf-biner-theler","8":"pa_erscheinungsjahr-21830","9":"pa_region-schweiz","10":"pa_sprache-de","12":"first","13":"instock","14":"taxable","15":"shipping-taxable","16":"purchasable","17":"product-type-simple"},"_links":{"self":[{"href":"https:\/\/pizbube.ch\/en\/wp-json\/wp\/v2\/product\/150315","targetHints":{"allow":["GET"]}}],"collection":[{"href":"https:\/\/pizbube.ch\/en\/wp-json\/wp\/v2\/product"}],"about":[{"href":"https:\/\/pizbube.ch\/en\/wp-json\/wp\/v2\/types\/product"}],"wp:featuredmedia":[{"embeddable":true,"href":"https:\/\/pizbube.ch\/en\/wp-json\/wp\/v2\/media\/28042"}],"wp:attachment":[{"href":"https:\/\/pizbube.ch\/en\/wp-json\/wp\/v2\/media?parent=150315"}],"wp:term":[{"taxonomy":"product_brand","embeddable":true,"href":"https:\/\/pizbube.ch\/en\/wp-json\/wp\/v2\/product_brand?post=150315"},{"taxonomy":"product_cat","embeddable":true,"href":"https:\/\/pizbube.ch\/en\/wp-json\/wp\/v2\/product_cat?post=150315"},{"taxonomy":"product_tag","embeddable":true,"href":"https:\/\/pizbube.ch\/en\/wp-json\/wp\/v2\/product_tag?post=150315"}],"curies":[{"name":"wp","href":"https:\/\/api.w.org\/{rel}","templated":true}]}}