{"id":150316,"date":"2021-01-15T11:02:03","date_gmt":"2021-01-15T11:02:03","guid":{"rendered":"https:\/\/codengine3.ch\/?product=import-placeholder-for-207190"},"modified":"2021-01-15T14:55:59","modified_gmt":"2021-01-15T14:55:59","slug":"cervin-dent-blanche-weisshorn","status":"publish","type":"product","link":"https:\/\/pizbube.ch\/en\/shop\/cervin-dent-blanche-weisshorn\/","title":{"rendered":"Cervin \/ Dent Blanche \/ Weisshorn"},"content":{"rendered":"<p>Du Col Collon au Theodulpass<br \/>\nAlpinisme \/ Guide du CAS \/ SAC  <\/p>\n<p>Ce nouveau topoguide d`alpinisme, compl\u00e8tement remani\u00e9, se veut une invitation<br \/>\n\u00e0 gravir les g\u00e9ants valaisans: Cervin, Dent Blanche, Weisshorn et tous leurs<br \/>\nvoisins. Il d\u00e9crit les itin\u00e9raires s\u00fbrs les plus int\u00e9ressants entre le Col<br \/>\nCollon et le Theodulpass. Il tient compte des modifications topographiques<br \/>\ndues aux changements climatiques de ces derni\u00e8res ann\u00e9es. Ses auteurs nous<br \/>\ndonnent \u00e9galement un aper\u00e7u de l`univers culturel attrayant du Valais et de la<br \/>\nVall\u00e9e d`Aoste.  <\/p>\n<p>664 pages, 14 photos en couleurs, 10 photos noir et blanc, 63 topos, 64<br \/>\nillustrations  <\/p>","protected":false},"excerpt":{"rendered":"<p>Du Col Collon au Theodulpass Alpinisme \/ Guide du CAS \/ SAC Ce nouveau topoguide d`alpinisme, compl\u00e8tement remani\u00e9, se veut une invitation \u00e0 gravir les g\u00e9ants valaisans: Cervin, Dent Blanche, Weisshorn et tous leurs voisins. Il d\u00e9crit les itin\u00e9raires s\u00fbrs les plus int\u00e9ressants entre le Col Collon et le Theodulpass. Il tient compte des modifications [&#8230;]\n","protected":false},"featured_media":36825,"template":"","meta":[],"product_brand":[],"product_cat":[21544],"product_tag":[],"class_list":{"0":"post-150316","1":"product","2":"type-product","3":"status-publish","4":"has-post-thumbnail","6":"product_cat-fuehrerliteratur-alpin-sommer","7":"pa_autor-banzhaf-biner-theler","8":"pa_erscheinungsjahr-21621","9":"pa_region-schweiz","10":"pa_sprache-fr","12":"first","13":"instock","14":"taxable","15":"shipping-taxable","16":"purchasable","17":"product-type-simple"},"_links":{"self":[{"href":"https:\/\/pizbube.ch\/en\/wp-json\/wp\/v2\/product\/150316","targetHints":{"allow":["GET"]}}],"collection":[{"href":"https:\/\/pizbube.ch\/en\/wp-json\/wp\/v2\/product"}],"about":[{"href":"https:\/\/pizbube.ch\/en\/wp-json\/wp\/v2\/types\/product"}],"wp:featuredmedia":[{"embeddable":true,"href":"https:\/\/pizbube.ch\/en\/wp-json\/wp\/v2\/media\/36825"}],"wp:attachment":[{"href":"https:\/\/pizbube.ch\/en\/wp-json\/wp\/v2\/media?parent=150316"}],"wp:term":[{"taxonomy":"product_brand","embeddable":true,"href":"https:\/\/pizbube.ch\/en\/wp-json\/wp\/v2\/product_brand?post=150316"},{"taxonomy":"product_cat","embeddable":true,"href":"https:\/\/pizbube.ch\/en\/wp-json\/wp\/v2\/product_cat?post=150316"},{"taxonomy":"product_tag","embeddable":true,"href":"https:\/\/pizbube.ch\/en\/wp-json\/wp\/v2\/product_tag?post=150316"}],"curies":[{"name":"wp","href":"https:\/\/api.w.org\/{rel}","templated":true}]}}