{"id":150317,"date":"2021-01-15T11:02:03","date_gmt":"2021-01-15T11:02:03","guid":{"rendered":"https:\/\/codengine3.ch\/?product=import-placeholder-for-206556"},"modified":"2025-07-29T17:04:53","modified_gmt":"2025-07-29T15:04:53","slug":"weisshorn-der-diamant-des-wallis","status":"publish","type":"product","link":"https:\/\/pizbube.ch\/en\/shop\/weisshorn-der-diamant-des-wallis\/","title":{"rendered":"Weisshorn \u2013 Der Diamant des Wallis"},"content":{"rendered":"<p>Weisshorn, Der Diamant des Wallis &#8211; Bergmonografie<\/p>\n<p>Eine perfekte Pyramide aus Firn und Fels, mit drei grossen Graten und drei<br \/>\nwuchtigen W\u00e4nden. Vor 150 Jahren standen erstmals drei Alpinisten auf seinem<br \/>\nschmalen Gipfel \u2013 nur ein Grund, diesem Diamanten des Wallis endlich eine<br \/>\nMonografie zu widmen.<\/p>\n<p>Traumberg! Diesen schon ziemlich abgekletterten Titel darf ein Berg der<br \/>\nSchweiz noch immer f\u00fcr sich beanspruchen &#8211; das Weisshorn im Wallis. Es vereint<br \/>\nauf unverkennbare Art Gr\u00f6sse und Grandezza. Kein Wunder, dass die Menschen zu<br \/>\nihm aufschauen und dass nicht wenige davon tr\u00e4umen, ihn zu besteigen. Kein<br \/>\nleichtes Unterfangen, denn das Weisshorn geh\u00f6rt zu den schwierigsten<br \/>\nViertausendern der Alpen. Und so bleibt die 4506 Meter hohe Zitadelle f\u00fcr<br \/>\nviele Alpinisten ein Traum. Doch schon allein die Ann\u00e4herung an dieses<br \/>\neinzigartige Horn ist traumhaft und lohnend: beim Wandern unter seinen W\u00e4nden<br \/>\nso gut wie beim Bl\u00e4ttern in seinem Buch. Es erscheint zum 150. Jahrestag der<br \/>\nErstbesteigung durch den britischen Physiker John Tyndall mit den Bergf\u00fchrern<br \/>\nJohann Joseph Bennen und Ulrich Wenger \u00fcber den Ostgrat.Wir lesen den<br \/>\nOriginalbericht von Tyndall, der \u00fcbrigens als Erster erkl\u00e4rte, warum der<br \/>\nHimmel blau ist.<\/p>\n<p>Wir machen in einem Portr\u00e4t von Emil Zopfi Bekanntschaft mit dem<br \/>\ncharismatischen Geoffrey Winthrop Young, der acht Mal auf seinen Lieblingsberg<br \/>\nstieg, darunter auf vier neuen Routen und einmal fast mit einem Bein. Wir<br \/>\nlernen aber auch Youngs F\u00fchrer kennen, zum Beispiel Franz Lochmatter, der am<br \/>\nOstgrat abst\u00fcrzte. Auch f\u00fcr andere ber\u00fchmte Alpinisten wurde das Weisshorn zur<br \/>\nGrabst\u00e4tte &#8211; ihr Schicksal ber\u00fchrt uns noch heute. Und wenn Eisstr\u00f6me und<br \/>\nFelshalden ins Rutschen kommen, wird das Weisshorn erst recht zum<br \/>\nAlptraumberg. Sphinx Weisshorn! Zwei junge Schweizer Alpinisten berichten von<br \/>\nihrer kernigen \u00dcberschreitung im Sommer 2010. \u00dcber ein Horn, das<br \/>\nSchriftsteller und Plakatgestalter immer wieder angestachelt hat. H\u00fcben und<br \/>\ndr\u00fcben: Das Weisshorn erhebt sich genau \u00fcber dem R\u00f6stigraben, der deutsch-<br \/>\nfranz\u00f6sischen Sprachgrenze der Schweiz. In diesem Sinne: Auf geht&#8217;s zum<br \/>\nsch\u00f6nsten und h\u00f6chsten aller 75 Monts blancs hierzulande.<\/p>\n<p>176 Seiten, 195 Abb. ein- und vierfarbig<\/p>","protected":false},"excerpt":{"rendered":"<p>Weisshorn, Der Diamant des Wallis &#8211; Bergmonografie Eine perfekte Pyramide aus Firn und Fels, mit drei grossen Graten und drei wuchtigen W\u00e4nden. Vor 150 Jahren standen erstmals drei Alpinisten auf seinem schmalen Gipfel \u2013 nur ein Grund, diesem Diamanten des Wallis endlich eine Monografie zu widmen. Traumberg! Diesen schon ziemlich abgekletterten Titel darf ein Berg [&#8230;]\n","protected":false},"featured_media":170988,"template":"","meta":[],"product_brand":[],"product_cat":[21542],"product_tag":[],"class_list":{"0":"post-150317","1":"product","2":"type-product","3":"status-publish","4":"has-post-thumbnail","6":"product_cat-sachbuecher-dokumentationen","7":"pa_autor-anker-volken","8":"pa_erscheinungsjahr-21610","9":"pa_region-schweiz","10":"pa_sprache-de","12":"first","13":"onbackorder","14":"taxable","15":"shipping-taxable","16":"purchasable","17":"product-type-simple"},"_links":{"self":[{"href":"https:\/\/pizbube.ch\/en\/wp-json\/wp\/v2\/product\/150317","targetHints":{"allow":["GET"]}}],"collection":[{"href":"https:\/\/pizbube.ch\/en\/wp-json\/wp\/v2\/product"}],"about":[{"href":"https:\/\/pizbube.ch\/en\/wp-json\/wp\/v2\/types\/product"}],"wp:featuredmedia":[{"embeddable":true,"href":"https:\/\/pizbube.ch\/en\/wp-json\/wp\/v2\/media\/170988"}],"wp:attachment":[{"href":"https:\/\/pizbube.ch\/en\/wp-json\/wp\/v2\/media?parent=150317"}],"wp:term":[{"taxonomy":"product_brand","embeddable":true,"href":"https:\/\/pizbube.ch\/en\/wp-json\/wp\/v2\/product_brand?post=150317"},{"taxonomy":"product_cat","embeddable":true,"href":"https:\/\/pizbube.ch\/en\/wp-json\/wp\/v2\/product_cat?post=150317"},{"taxonomy":"product_tag","embeddable":true,"href":"https:\/\/pizbube.ch\/en\/wp-json\/wp\/v2\/product_tag?post=150317"}],"curies":[{"name":"wp","href":"https:\/\/api.w.org\/{rel}","templated":true}]}}