{"id":150319,"date":"2021-01-15T11:02:03","date_gmt":"2021-01-15T11:02:03","guid":{"rendered":"https:\/\/codengine3.ch\/?product=import-placeholder-for-205707"},"modified":"2021-01-15T14:43:19","modified_gmt":"2021-01-15T14:43:19","slug":"alpinfuehrer-walliser-alpen-4-5","status":"publish","type":"product","link":"https:\/\/pizbube.ch\/en\/shop\/alpinfuehrer-walliser-alpen-4-5\/","title":{"rendered":"Alpinf\u00fchrer Walliser Alpen 4\/5"},"content":{"rendered":"<p>Vom Theodulpass zum Simplon.  <\/p>\n<p>Die Walliser Alpen! Dieses vergletscherte Westalpenmassiv bietet dem<br \/>\nAlpinisten eine unvergleichliche Reihe von Viertausendern, von klassichen<br \/>\nHochtouren und Kletterein. Dieser v\u00f6llig neu gestaltete Alpinf\u00fchrer beschreibt<br \/>\ndie sicheren und lohnenden Routen zwischen Theodulpass und Simplon.<\/p>\n<p>Dabei werden die klimatischen ver\u00e4nderungen der j\u00fcngsten Vergangenheit<br \/>\nber\u00fccksichtigt. Gleichseitig \u00f6ffnet dieses Buch ein Fenster zum Kulturraum<br \/>\nWallis-Piemont-Aostatal.<br \/>\nFarb., s\/w. Abb. 649 S.  <\/p>","protected":false},"excerpt":{"rendered":"<p>Vom Theodulpass zum Simplon. Die Walliser Alpen! Dieses vergletscherte Westalpenmassiv bietet dem Alpinisten eine unvergleichliche Reihe von Viertausendern, von klassichen Hochtouren und Kletterein. Dieser v\u00f6llig neu gestaltete Alpinf\u00fchrer beschreibt die sicheren und lohnenden Routen zwischen Theodulpass und Simplon. Dabei werden die klimatischen ver\u00e4nderungen der j\u00fcngsten Vergangenheit ber\u00fccksichtigt. Gleichseitig \u00f6ffnet dieses Buch ein Fenster zum Kulturraum [&#8230;]\n","protected":false},"featured_media":34518,"template":"","meta":[],"product_brand":[],"product_cat":[21544],"product_tag":[],"class_list":{"0":"post-150319","1":"product","2":"type-product","3":"status-publish","4":"has-post-thumbnail","6":"product_cat-fuehrerliteratur-alpin-sommer","7":"pa_autor-banzhaf-biner-burger","8":"pa_erscheinungsjahr-21693","9":"pa_region-schweiz","10":"pa_sprache-de","12":"first","13":"instock","14":"taxable","15":"shipping-taxable","16":"purchasable","17":"product-type-simple"},"_links":{"self":[{"href":"https:\/\/pizbube.ch\/en\/wp-json\/wp\/v2\/product\/150319","targetHints":{"allow":["GET"]}}],"collection":[{"href":"https:\/\/pizbube.ch\/en\/wp-json\/wp\/v2\/product"}],"about":[{"href":"https:\/\/pizbube.ch\/en\/wp-json\/wp\/v2\/types\/product"}],"wp:featuredmedia":[{"embeddable":true,"href":"https:\/\/pizbube.ch\/en\/wp-json\/wp\/v2\/media\/34518"}],"wp:attachment":[{"href":"https:\/\/pizbube.ch\/en\/wp-json\/wp\/v2\/media?parent=150319"}],"wp:term":[{"taxonomy":"product_brand","embeddable":true,"href":"https:\/\/pizbube.ch\/en\/wp-json\/wp\/v2\/product_brand?post=150319"},{"taxonomy":"product_cat","embeddable":true,"href":"https:\/\/pizbube.ch\/en\/wp-json\/wp\/v2\/product_cat?post=150319"},{"taxonomy":"product_tag","embeddable":true,"href":"https:\/\/pizbube.ch\/en\/wp-json\/wp\/v2\/product_tag?post=150319"}],"curies":[{"name":"wp","href":"https:\/\/api.w.org\/{rel}","templated":true}]}}