{"id":150320,"date":"2021-01-15T11:02:03","date_gmt":"2021-01-15T11:02:03","guid":{"rendered":"https:\/\/codengine3.ch\/?product=import-placeholder-for-207615"},"modified":"2021-01-15T16:05:12","modified_gmt":"2021-01-15T16:05:12","slug":"zermatt-gornergrat-125000-blatt-2515","status":"publish","type":"product","link":"https:\/\/pizbube.ch\/en\/shop\/zermatt-gornergrat-125000-blatt-2515\/","title":{"rendered":"Zermatt-Gornergrat 1:25`000 &#8211; Blatt 2515"},"content":{"rendered":"<p>Zusammensetzungen 1:25`000,<br \/>\nBlatt 2515;<br \/>\nvon touristisch bedeutenden Gebieten (damit man nicht mehrere einzelne Bl\u00e4tter<br \/>\nbraucht&#8230;):<\/p>\n<p>&#8211; Die genauste und informativste topographische Karte der Schweiz f\u00fcr<br \/>\nWanderer, Alpinisten, Planer, Individualisten und Entdecker.<br \/>\n&#8211; Vollst\u00e4ndiges, differenziertes Bahn-, Strassen- und Wegnetz.<br \/>\n&#8211; Detaillierte Siedlungs-, Gew\u00e4sser-, Vegetations- und Gel\u00e4ndedarstellung.<br \/>\n&#8211; Vollst\u00e4ndigste Beschriftung der vorhandenen Objekte.<br \/>\n&#8211; Die ganze Schweiz und das angrenzende Ausland<\/p>","protected":false},"excerpt":{"rendered":"<p>Zusammensetzungen 1:25`000, Blatt 2515; von touristisch bedeutenden Gebieten (damit man nicht mehrere einzelne Bl\u00e4tter braucht&#8230;): &#8211; Die genauste und informativste topographische Karte der Schweiz f\u00fcr Wanderer, Alpinisten, Planer, Individualisten und Entdecker. &#8211; Vollst\u00e4ndiges, differenziertes Bahn-, Strassen- und Wegnetz. &#8211; Detaillierte Siedlungs-, Gew\u00e4sser-, Vegetations- und Gel\u00e4ndedarstellung. &#8211; Vollst\u00e4ndigste Beschriftung der vorhandenen Objekte. &#8211; Die ganze Schweiz [&#8230;]\n","protected":false},"featured_media":37965,"template":"","meta":[],"product_brand":[],"product_cat":[21543],"product_tag":[],"class_list":{"0":"post-150320","1":"product","2":"type-product","3":"status-publish","4":"has-post-thumbnail","6":"product_cat-landkarten","7":"pa_autor-swisstopo","8":"pa_erscheinungsjahr-21568","9":"pa_region-schweiz","10":"pa_sprache-de","12":"first","13":"instock","14":"taxable","15":"shipping-taxable","16":"purchasable","17":"product-type-simple"},"_links":{"self":[{"href":"https:\/\/pizbube.ch\/en\/wp-json\/wp\/v2\/product\/150320","targetHints":{"allow":["GET"]}}],"collection":[{"href":"https:\/\/pizbube.ch\/en\/wp-json\/wp\/v2\/product"}],"about":[{"href":"https:\/\/pizbube.ch\/en\/wp-json\/wp\/v2\/types\/product"}],"wp:featuredmedia":[{"embeddable":true,"href":"https:\/\/pizbube.ch\/en\/wp-json\/wp\/v2\/media\/37965"}],"wp:attachment":[{"href":"https:\/\/pizbube.ch\/en\/wp-json\/wp\/v2\/media?parent=150320"}],"wp:term":[{"taxonomy":"product_brand","embeddable":true,"href":"https:\/\/pizbube.ch\/en\/wp-json\/wp\/v2\/product_brand?post=150320"},{"taxonomy":"product_cat","embeddable":true,"href":"https:\/\/pizbube.ch\/en\/wp-json\/wp\/v2\/product_cat?post=150320"},{"taxonomy":"product_tag","embeddable":true,"href":"https:\/\/pizbube.ch\/en\/wp-json\/wp\/v2\/product_tag?post=150320"}],"curies":[{"name":"wp","href":"https:\/\/api.w.org\/{rel}","templated":true}]}}