{"id":150324,"date":"2021-01-15T11:02:03","date_gmt":"2021-01-15T11:02:03","guid":{"rendered":"https:\/\/codengine3.ch\/?product=import-placeholder-for-206540"},"modified":"2021-01-15T14:49:42","modified_gmt":"2021-01-15T14:49:42","slug":"simplon-binntal-nufenen","status":"publish","type":"product","link":"https:\/\/pizbube.ch\/en\/shop\/simplon-binntal-nufenen\/","title":{"rendered":"Simplon \/ Binntal \/ Nufenen"},"content":{"rendered":"<p>Vom Monte Leone-Massiv zum Blinnrnhorn.<br \/>\nAlpine Touren, Walliser Alpen<br \/>\n(Nachfolger von Walliser Alpen 6)  <\/p>\n<p>Neuauflage eines Klassikers, der die herrlich alpine Landschaft zwischen<br \/>\nSimplongebiet und dem Gotthard-Massiv in Wort und Bild beschreibt. Abseits vom<br \/>\ngrossen Rummel gibt es hier von der einfachen Genusstour bis zur<br \/>\nanspruchsvollen Route alle M\u00f6glichkeiten. \u00dcberarbeitet wurde das Buch von<br \/>\nRoger Mathieu. Der Bergf\u00fchrer und H\u00fcttenwart der Mittlenbergh\u00fctte ist in der<br \/>\nRegion zu Hause.  <\/p>\n<p>Neu enth\u00e4lt der F\u00fchrer einen umfangreichen Trekking-Teil mit farbigen Bildern.<br \/>\nAls Erg\u00e4nzung zu den gedruckten Informationen finden Sie viele weitere<br \/>\nn\u00fctzliche Angaben wie GPS-Daten, Fahrpl\u00e4ne und Unterk\u00fcnfte.  <\/p>\n<p>Ca. 660 Seiten, mit einem umfangreichen, farbig-bebilderten Trekking-Teil  <\/p>","protected":false},"excerpt":{"rendered":"<p>Vom Monte Leone-Massiv zum Blinnrnhorn. Alpine Touren, Walliser Alpen (Nachfolger von Walliser Alpen 6) Neuauflage eines Klassikers, der die herrlich alpine Landschaft zwischen Simplongebiet und dem Gotthard-Massiv in Wort und Bild beschreibt. Abseits vom grossen Rummel gibt es hier von der einfachen Genusstour bis zur anspruchsvollen Route alle M\u00f6glichkeiten. \u00dcberarbeitet wurde das Buch von Roger [&#8230;]\n","protected":false},"featured_media":35601,"template":"","meta":[],"product_brand":[],"product_cat":[21544],"product_tag":[],"class_list":{"0":"post-150324","1":"product","2":"type-product","3":"status-publish","4":"has-post-thumbnail","6":"product_cat-fuehrerliteratur-alpin-sommer","7":"pa_autor-mathieu","8":"pa_erscheinungsjahr-21610","9":"pa_region-schweiz","10":"pa_sprache-de","12":"first","13":"instock","14":"taxable","15":"shipping-taxable","16":"purchasable","17":"product-type-simple"},"_links":{"self":[{"href":"https:\/\/pizbube.ch\/en\/wp-json\/wp\/v2\/product\/150324","targetHints":{"allow":["GET"]}}],"collection":[{"href":"https:\/\/pizbube.ch\/en\/wp-json\/wp\/v2\/product"}],"about":[{"href":"https:\/\/pizbube.ch\/en\/wp-json\/wp\/v2\/types\/product"}],"wp:featuredmedia":[{"embeddable":true,"href":"https:\/\/pizbube.ch\/en\/wp-json\/wp\/v2\/media\/35601"}],"wp:attachment":[{"href":"https:\/\/pizbube.ch\/en\/wp-json\/wp\/v2\/media?parent=150324"}],"wp:term":[{"taxonomy":"product_brand","embeddable":true,"href":"https:\/\/pizbube.ch\/en\/wp-json\/wp\/v2\/product_brand?post=150324"},{"taxonomy":"product_cat","embeddable":true,"href":"https:\/\/pizbube.ch\/en\/wp-json\/wp\/v2\/product_cat?post=150324"},{"taxonomy":"product_tag","embeddable":true,"href":"https:\/\/pizbube.ch\/en\/wp-json\/wp\/v2\/product_tag?post=150324"}],"curies":[{"name":"wp","href":"https:\/\/api.w.org\/{rel}","templated":true}]}}