{"id":150325,"date":"2021-01-15T11:02:03","date_gmt":"2021-01-15T11:02:03","guid":{"rendered":"https:\/\/codengine3.ch\/?product=import-placeholder-for-201407"},"modified":"2021-01-15T12:01:21","modified_gmt":"2021-01-15T12:01:21","slug":"hochtouren-im-wallis-cd-rom","status":"publish","type":"product","link":"https:\/\/pizbube.ch\/en\/shop\/hochtouren-im-wallis-cd-rom\/","title":{"rendered":"Hochtouren im Wallis (CD Rom)"},"content":{"rendered":"<p>Auswahlf\u00fchrer vom Trient zum Nufenenpass: S\u00e4mtliche sechs B\u00e4nde der beliebten<br \/>\nSAC-Clubf\u00fchrer Walliser Alpen sind auf dieser CD in \u00fcberarbeiteter Form<br \/>\nvereint. (Basiert auf dem Auswahlf\u00fchrer Hochtouren im Wallis von von Hermann<br \/>\nBiner, Ausgabe 2002)<br \/>\nDie CD-ROM beschreibt mehr als 400 Routen s\u00fcdlich der Rohne\/Rotten, u.a. zu<br \/>\nallen Gipfeln \u00fcber 4000m. Neben ausf\u00fchrlichen Routenbeschreibungen des<br \/>\nbekannten Bergf\u00fchrers Hermann Biner enth\u00e4lt die CD-ROM zahlreiche Fotos und<br \/>\nAusschnitte der Landeskarten 1:50&#8217;000 und 1:100&#8217;000 mit selektierbaren<br \/>\nRoutenverl\u00e4ufen.<br \/>\nSystemanforderungen:<br \/>\nPC mit Windows 98se<br \/>\nProzessor Pentium mit 133 MHz<br \/>\n10MB freier Arbeitsspeicher<br \/>\nFreier Speicherplatz auf Festplatte: 120MB<br \/>\nAufl\u00f6sung Grafik: Min. 800&#215;600 Pixel \/ 256 Farben.<br \/>\nDrucker mit min. 300dpi Aufl\u00f6sung<br \/>\nCD-ROM-Laufwerk f\u00fcr die Installation der Software<\/p>","protected":false},"excerpt":{"rendered":"<p>Auswahlf\u00fchrer vom Trient zum Nufenenpass: S\u00e4mtliche sechs B\u00e4nde der beliebten SAC-Clubf\u00fchrer Walliser Alpen sind auf dieser CD in \u00fcberarbeiteter Form vereint. (Basiert auf dem Auswahlf\u00fchrer Hochtouren im Wallis von von Hermann Biner, Ausgabe 2002) Die CD-ROM beschreibt mehr als 400 Routen s\u00fcdlich der Rohne\/Rotten, u.a. zu allen Gipfeln \u00fcber 4000m. Neben ausf\u00fchrlichen Routenbeschreibungen des bekannten [&#8230;]\n","protected":false},"featured_media":28747,"template":"","meta":[],"product_brand":[],"product_cat":[21628],"product_tag":[],"class_list":{"0":"post-150325","1":"product","2":"type-product","3":"status-publish","4":"has-post-thumbnail","6":"product_cat-video-dvd-multimedia","7":"pa_autor-biner-oberli","8":"pa_erscheinungsjahr-21763","9":"pa_region-alpin-sommer","10":"pa_sprache-de","12":"first","13":"instock","14":"taxable","15":"shipping-taxable","16":"purchasable","17":"product-type-simple"},"_links":{"self":[{"href":"https:\/\/pizbube.ch\/en\/wp-json\/wp\/v2\/product\/150325","targetHints":{"allow":["GET"]}}],"collection":[{"href":"https:\/\/pizbube.ch\/en\/wp-json\/wp\/v2\/product"}],"about":[{"href":"https:\/\/pizbube.ch\/en\/wp-json\/wp\/v2\/types\/product"}],"wp:featuredmedia":[{"embeddable":true,"href":"https:\/\/pizbube.ch\/en\/wp-json\/wp\/v2\/media\/28747"}],"wp:attachment":[{"href":"https:\/\/pizbube.ch\/en\/wp-json\/wp\/v2\/media?parent=150325"}],"wp:term":[{"taxonomy":"product_brand","embeddable":true,"href":"https:\/\/pizbube.ch\/en\/wp-json\/wp\/v2\/product_brand?post=150325"},{"taxonomy":"product_cat","embeddable":true,"href":"https:\/\/pizbube.ch\/en\/wp-json\/wp\/v2\/product_cat?post=150325"},{"taxonomy":"product_tag","embeddable":true,"href":"https:\/\/pizbube.ch\/en\/wp-json\/wp\/v2\/product_tag?post=150325"}],"curies":[{"name":"wp","href":"https:\/\/api.w.org\/{rel}","templated":true}]}}