{"id":150327,"date":"2021-01-15T11:02:04","date_gmt":"2021-01-15T11:02:04","guid":{"rendered":"https:\/\/codengine3.ch\/?product=import-placeholder-for-204244"},"modified":"2022-04-22T09:21:24","modified_gmt":"2022-04-22T07:21:24","slug":"guide-du-valais-du-trient-au-nufenen","status":"publish","type":"product","link":"https:\/\/pizbube.ch\/en\/shop\/guide-du-valais-du-trient-au-nufenen\/","title":{"rendered":"Guide du Valais &#8211; Du Col de Balme au Nufenen"},"content":{"rendered":"<div class=\"m-introduction__copy c-rich-text\">\n<p>S\u00e9lection d\u2019itin\u00e9raires des couses de haute montagne Alpes valaisannes.<\/p>\n<p>Des courses de haute montagne dans un monde \u00e0 part, le Valais ! Les Alpes occidentales offrent des sensations uniques, au c\u0153ur des grands glaciers et des sommets majestueux qui les entourent : le Mont Dolent, le Mont V\u00e9lan, le Grand Combin, la Dent Blanche, la Dent d\u2019H\u00e9rens, le Cervin, l\u2019Obergabelhorn, le Weisshorn, le Liskamm, le Mont Rose, le Strahlhorn, les Mischabel, le Weissmies, le Monte Leone, le Scherbadung et le Blinnenhorn. Ce guide contient une s\u00e9lection des itin\u00e9raires les plus attractifs du sud du Valais.<\/p>\n<\/div>\n<p><span dir=\"ltr\" role=\"presentation\">3<\/span> <span dir=\"ltr\" role=\"presentation\">e<\/span> <span dir=\"ltr\" role=\"presentation\">\u00e9dition enti\u00e8rement revue 2017<br \/>\n<\/span><\/p>","protected":false},"excerpt":{"rendered":"<p>S\u00e9lection d\u2019itin\u00e9raires des couses de haute montagne Alpes valaisannes. Des courses de haute montagne dans un monde \u00e0 part, le Valais ! Les Alpes occidentales offrent des sensations uniques, au c\u0153ur des grands glaciers et des sommets majestueux qui les entourent : le Mont Dolent, le Mont V\u00e9lan, le Grand Combin, la Dent Blanche, la [&#8230;]\n","protected":false},"featured_media":161575,"template":"","meta":[],"product_brand":[],"product_cat":[21544],"product_tag":[],"class_list":{"0":"post-150327","1":"product","2":"type-product","3":"status-publish","4":"has-post-thumbnail","6":"product_cat-fuehrerliteratur-alpin-sommer","7":"pa_autor-biner","8":"pa_erscheinungsjahr-21574","9":"pa_region-schweiz","10":"pa_sprache-fr","12":"first","13":"instock","14":"taxable","15":"shipping-taxable","16":"purchasable","17":"product-type-simple"},"_links":{"self":[{"href":"https:\/\/pizbube.ch\/en\/wp-json\/wp\/v2\/product\/150327","targetHints":{"allow":["GET"]}}],"collection":[{"href":"https:\/\/pizbube.ch\/en\/wp-json\/wp\/v2\/product"}],"about":[{"href":"https:\/\/pizbube.ch\/en\/wp-json\/wp\/v2\/types\/product"}],"wp:featuredmedia":[{"embeddable":true,"href":"https:\/\/pizbube.ch\/en\/wp-json\/wp\/v2\/media\/161575"}],"wp:attachment":[{"href":"https:\/\/pizbube.ch\/en\/wp-json\/wp\/v2\/media?parent=150327"}],"wp:term":[{"taxonomy":"product_brand","embeddable":true,"href":"https:\/\/pizbube.ch\/en\/wp-json\/wp\/v2\/product_brand?post=150327"},{"taxonomy":"product_cat","embeddable":true,"href":"https:\/\/pizbube.ch\/en\/wp-json\/wp\/v2\/product_cat?post=150327"},{"taxonomy":"product_tag","embeddable":true,"href":"https:\/\/pizbube.ch\/en\/wp-json\/wp\/v2\/product_tag?post=150327"}],"curies":[{"name":"wp","href":"https:\/\/api.w.org\/{rel}","templated":true}]}}