{"id":150328,"date":"2021-01-15T11:02:04","date_gmt":"2021-01-15T11:02:04","guid":{"rendered":"https:\/\/codengine3.ch\/?product=import-placeholder-for-205744"},"modified":"2024-08-15T08:49:26","modified_gmt":"2024-08-15T06:49:26","slug":"hochtouren-westalpen-90-fels-und-eistouren-zwischen-toedi-und-grand-combin","status":"publish","type":"product","link":"https:\/\/pizbube.ch\/en\/shop\/hochtouren-westalpen-90-fels-und-eistouren-zwischen-toedi-und-grand-combin\/","title":{"rendered":"Hochtouren Westalpen Band 1 &#8211; Schweiz\/Italien: Zwischen T\u00f6di und Grand Combin. 90 Fels- und Eistouren"},"content":{"rendered":"<p><span class=\"value\">Kein anderes Gebiet in Europa bietet Hochalpinisten mehr M\u00f6glichkeiten als die Westalpen. Steile W\u00e4nde, ausgesetzte Grate und Gipfel aus Fels und Eis \u2013 die Auswahl an Hochtouren scheint hier unersch\u00f6pflich zu sein. Das Buch \u00bbHochtouren Westalpen Band 1\u00ab ist der aktuelle Auswahlf\u00fchrer f\u00fcr die gro\u00dfen Gipfel der Schweiz und von Italien. Die 90 Fels- und Eistouren zeigen: Auch die sich ver\u00e4ndernde Bergwelt hat zahlreiche gro\u00dfartige M\u00f6glichkeiten f\u00fcr Bergsteiger parat. Vorgestellt werden die herausragenden Gipfel in den Urner, Glarner und Adula Alpen, ein besonderer Schwerpunkt liegt auf den Berner und Walliser Alpen.<\/span><\/p>\n<p>Die Tourenauswahl beschr\u00e4nkt sich nicht nur auf die gro\u00dfen Ber\u00fchmtheiten zwischen T\u00f6di und Grand Combin. Auch weniger bekannte, aber absolut lohnenswerte Hochtouren werden vorgestellt. Das Niveau orientiert sich vornehmlich am ambitionierten Hochtourengeher. Doch auch Hochtouren-Einsteiger finden darin leichtere Firnanstiege und extreme Alpinisten werden mit Touren \u00e1 la Eiger-Nordwand f\u00fcndig.<\/p>\n<p>Jede Tour wird mit allen wichtigen Informationen, die zur Planung und Durchf\u00fchrung n\u00f6tig sind, vorgestellt: Es gibt jeweils Anstiegsfotos mit Routeneintrag, detaillierte Kartenausschnitte und genaue, aktuell recherchierte Wegeschreibungen (verfasst nach den Richtlinien der UIAA). Viele gro\u00dfformatige und stimmungsvolle Bilder machen die aufw\u00e4ndige Ausstattung komplett.<\/p>\n<p>\u00bbHochtouren Westalpen\u00ab ist ein Standardwerk f\u00fcr ambitionierte Einsteiger als auch f\u00fcr eis- und felserprobte Hochalpinisten.<\/p>\n<p>368 Seiten; 256 Bilder; 42 Tourenkarten im Ma\u00dfstab 1:50.000, Verfasst nach den Richtlinien der UIAA<br \/>\n6., vollst\u00e4ndig \u00fcberarbeitete Auflage 2022<\/p>","protected":false},"excerpt":{"rendered":"<p>Kein anderes Gebiet in Europa bietet Hochalpinisten mehr M\u00f6glichkeiten als die Westalpen. Steile W\u00e4nde, ausgesetzte Grate und Gipfel aus Fels und Eis \u2013 die Auswahl an Hochtouren scheint hier unersch\u00f6pflich zu sein. Das Buch \u00bbHochtouren Westalpen Band 1\u00ab ist der aktuelle Auswahlf\u00fchrer f\u00fcr die gro\u00dfen Gipfel der Schweiz und von Italien. Die 90 Fels- und [&#8230;]\n","protected":false},"featured_media":161191,"template":"","meta":[],"product_brand":[],"product_cat":[21544],"product_tag":[],"class_list":{"0":"post-150328","1":"product","2":"type-product","3":"status-publish","4":"has-post-thumbnail","6":"product_cat-fuehrerliteratur-alpin-sommer","7":"pa_autor-gantzhorn","8":"pa_erscheinungsjahr-27013","9":"pa_region-schweiz","10":"pa_sprache-de","12":"first","13":"instock","14":"taxable","15":"shipping-taxable","16":"purchasable","17":"product-type-simple"},"_links":{"self":[{"href":"https:\/\/pizbube.ch\/en\/wp-json\/wp\/v2\/product\/150328","targetHints":{"allow":["GET"]}}],"collection":[{"href":"https:\/\/pizbube.ch\/en\/wp-json\/wp\/v2\/product"}],"about":[{"href":"https:\/\/pizbube.ch\/en\/wp-json\/wp\/v2\/types\/product"}],"wp:featuredmedia":[{"embeddable":true,"href":"https:\/\/pizbube.ch\/en\/wp-json\/wp\/v2\/media\/161191"}],"wp:attachment":[{"href":"https:\/\/pizbube.ch\/en\/wp-json\/wp\/v2\/media?parent=150328"}],"wp:term":[{"taxonomy":"product_brand","embeddable":true,"href":"https:\/\/pizbube.ch\/en\/wp-json\/wp\/v2\/product_brand?post=150328"},{"taxonomy":"product_cat","embeddable":true,"href":"https:\/\/pizbube.ch\/en\/wp-json\/wp\/v2\/product_cat?post=150328"},{"taxonomy":"product_tag","embeddable":true,"href":"https:\/\/pizbube.ch\/en\/wp-json\/wp\/v2\/product_tag?post=150328"}],"curies":[{"name":"wp","href":"https:\/\/api.w.org\/{rel}","templated":true}]}}