{"id":150329,"date":"2021-01-15T11:02:04","date_gmt":"2021-01-15T11:02:04","guid":{"rendered":"https:\/\/codengine3.ch\/?product=import-placeholder-for-207067"},"modified":"2021-01-15T14:54:48","modified_gmt":"2021-01-15T14:54:48","slug":"walliser-alpen","status":"publish","type":"product","link":"https:\/\/pizbube.ch\/en\/shop\/walliser-alpen\/","title":{"rendered":"Walliser Alpen"},"content":{"rendered":"<p>Gebietsf\u00fchrer f\u00fcr Wanderer, Bergsteiger und Kletterer  <\/p>\n<p>Der Rother Gebietsf\u00fchrer Walliser Alpen beschreibt nicht nur die Anstiege auf<br \/>\nBer\u00fchmtheiten oder die Viertausender dieser Region, sondern bietet auch eine<br \/>\nF\u00fclle an hochinteressanten Touren abseits der vielbegangenen Routen. Dies sind<br \/>\nz. B. die Dreitausender in direkter Nachbarschaft der h\u00f6chsten Gipfel, auf<br \/>\ndenen man selbst in der Hochsaison fast alleine unterwegs sein kann, oder die<br \/>\nvielen Berge in den langen Seitenk\u00e4mmen: sie bieten ebenfalls gro\u00dfartige<br \/>\nM\u00f6glichkeiten f\u00fcr Hochtouren oder f\u00fcr Bergwanderungen und gew\u00e4hren oft die<br \/>\nallerbesten Aussichten auf die gro\u00dfen Gipfel.  <\/p>\n<p>Damit wendet sich dieser Gebietsf\u00fchrer an Alpinisten mit Ambitionen auf die<br \/>\nklassischen Hochtouren, genauso wie an \u00bbnormale\u00ab Bergsteiger und erfahrene<br \/>\nBergwanderer, die hier auf hohe Ziele wie kaum sonst wo in den Alpen gelangen<br \/>\nk\u00f6nnen \u2013 einige markierte Bergwege f\u00fchren sogar auf Gipfel von \u00fcber 3500<br \/>\nMeter! Dazu ist dieser Gebietsf\u00fchrer nach wie vor noch immer das einzige<br \/>\ndeutschsprachige Werk, das auch die Berge auf der italienischen Seite bis<br \/>\nhinunter ins Aostatal ausf\u00fchrlich beschreibt.  <\/p>\n<p>Der Gebietsf\u00fchrer Walliser Alpen wurde f\u00fcr die 14. Auflage komplett<br \/>\n\u00fcberarbeitet und aktualisiert. Er ber\u00fccksichtigt insbesondere die<br \/>\nVer\u00e4nderungen im alpinen Gel\u00e4nde, speziell in Folge der zur\u00fcckschmelzenden<br \/>\nGletscher. Zudem wurde er auf ein durchgehend farbiges Layout umgestellt. Die<br \/>\nFarbbilder mit eingetragenen Routenverl\u00e4ufen und die ausf\u00fchrlichen<br \/>\nBeschreibungen bieten dem Bergsteiger ein H\u00f6chstma\u00df an Information.  <\/p>","protected":false},"excerpt":{"rendered":"<p>Gebietsf\u00fchrer f\u00fcr Wanderer, Bergsteiger und Kletterer Der Rother Gebietsf\u00fchrer Walliser Alpen beschreibt nicht nur die Anstiege auf Ber\u00fchmtheiten oder die Viertausender dieser Region, sondern bietet auch eine F\u00fclle an hochinteressanten Touren abseits der vielbegangenen Routen. Dies sind z. B. die Dreitausender in direkter Nachbarschaft der h\u00f6chsten Gipfel, auf denen man selbst in der Hochsaison fast [&#8230;]\n","protected":false},"featured_media":36650,"template":"","meta":[],"product_brand":[],"product_cat":[21544],"product_tag":[],"class_list":{"0":"post-150329","1":"product","2":"type-product","3":"status-publish","4":"has-post-thumbnail","6":"product_cat-fuehrerliteratur-alpin-sommer","7":"pa_autor-waeber","8":"pa_erscheinungsjahr-21621","9":"pa_region-schweiz","10":"pa_sprache-de","12":"first","13":"instock","14":"taxable","15":"shipping-taxable","16":"purchasable","17":"product-type-simple"},"_links":{"self":[{"href":"https:\/\/pizbube.ch\/en\/wp-json\/wp\/v2\/product\/150329","targetHints":{"allow":["GET"]}}],"collection":[{"href":"https:\/\/pizbube.ch\/en\/wp-json\/wp\/v2\/product"}],"about":[{"href":"https:\/\/pizbube.ch\/en\/wp-json\/wp\/v2\/types\/product"}],"wp:featuredmedia":[{"embeddable":true,"href":"https:\/\/pizbube.ch\/en\/wp-json\/wp\/v2\/media\/36650"}],"wp:attachment":[{"href":"https:\/\/pizbube.ch\/en\/wp-json\/wp\/v2\/media?parent=150329"}],"wp:term":[{"taxonomy":"product_brand","embeddable":true,"href":"https:\/\/pizbube.ch\/en\/wp-json\/wp\/v2\/product_brand?post=150329"},{"taxonomy":"product_cat","embeddable":true,"href":"https:\/\/pizbube.ch\/en\/wp-json\/wp\/v2\/product_cat?post=150329"},{"taxonomy":"product_tag","embeddable":true,"href":"https:\/\/pizbube.ch\/en\/wp-json\/wp\/v2\/product_tag?post=150329"}],"curies":[{"name":"wp","href":"https:\/\/api.w.org\/{rel}","templated":true}]}}