{"id":150331,"date":"2021-01-15T11:02:04","date_gmt":"2021-01-15T11:02:04","guid":{"rendered":"https:\/\/codengine3.ch\/?product=import-placeholder-for-201845"},"modified":"2023-01-20T17:29:02","modified_gmt":"2023-01-20T16:29:02","slug":"hochtouren-berner-alpen-vom-sanetschpass-zur-grimsel","status":"publish","type":"product","link":"https:\/\/pizbube.ch\/en\/shop\/hochtouren-berner-alpen-vom-sanetschpass-zur-grimsel\/","title":{"rendered":"Hochtouren Berner Alpen &#8211; Vom Sanetschpass zur Grimsel"},"content":{"rendered":"<p>Hochtouren Auswahlf\u00fchrer Berner Alpen<br \/>\n500 Routenbeschreibungen von ausgew\u00e4hlten Kletterrouten und kombinierten<br \/>\nTouren vom Sanetschpass zur Grimsel.<\/p>\n<p>Routenbeschreibung:<br \/>\nVom Sanetschpass zur Gemmi<br \/>\nVom Gemmipass zum Tschingelgrat<br \/>\nVom L\u00f6schental zum Grossen Aletschgletscher<br \/>\nVom Tschingelhorn zum Finsteraarhorn<br \/>\nVon Grindelwald zum Grimselpass<\/p>\n<p>Ausgew\u00e4hlte Touren zwischen Sanetsch- und Grimselpass<\/p>\n<p>Hochtouren in den Berner Alpen, da schl\u00e4gt das Herz des Alpinisten h\u00f6her, denn<br \/>\nvon Gipfeln wie Balmhorn, Eiger, M\u00f6nch, Jungfrau oder Finsteraarhorn tr\u00e4umen<br \/>\nviele. Die Berner Alpen sind ein Synonym f\u00fcr atemberaubende Besteigungen.<\/p>\n<p>Dieser aktualisierte Auswahlf\u00fchrer enth\u00e4lt rund 500 detaillierte<br \/>\nRoutenbeschreibungen mit Fotos, Skizzen und Topos von ausgew\u00e4hlten klassischen<br \/>\nKletter- und Hochtouren.<\/p>\n<p>576 Seiten, 16 Farbfotos, 1 Fotos schwarz-weiss, 10 \u00dcbersichtskarten, 93<br \/>\nRoutenfotos, 10 Routentopos, 19 Zeichnungen, 5 Tabellen,<br \/>\nHardcover, 3. Auflage<\/p>","protected":false},"excerpt":{"rendered":"<p>Hochtouren Auswahlf\u00fchrer Berner Alpen 500 Routenbeschreibungen von ausgew\u00e4hlten Kletterrouten und kombinierten Touren vom Sanetschpass zur Grimsel. Routenbeschreibung: Vom Sanetschpass zur Gemmi Vom Gemmipass zum Tschingelgrat Vom L\u00f6schental zum Grossen Aletschgletscher Vom Tschingelhorn zum Finsteraarhorn Von Grindelwald zum Grimselpass Ausgew\u00e4hlte Touren zwischen Sanetsch- und Grimselpass Hochtouren in den Berner Alpen, da schl\u00e4gt das Herz des Alpinisten [&#8230;]\n","protected":false},"featured_media":165749,"template":"","meta":[],"product_brand":[],"product_cat":[21544],"product_tag":[],"class_list":{"0":"post-150331","1":"product","2":"type-product","3":"status-publish","4":"has-post-thumbnail","6":"product_cat-fuehrerliteratur-alpin-sommer","7":"pa_autor-mosimann","8":"pa_erscheinungsjahr-21568","9":"pa_region-schweiz","10":"pa_sprache-de","12":"first","13":"instock","14":"taxable","15":"shipping-taxable","16":"purchasable","17":"product-type-simple"},"_links":{"self":[{"href":"https:\/\/pizbube.ch\/en\/wp-json\/wp\/v2\/product\/150331","targetHints":{"allow":["GET"]}}],"collection":[{"href":"https:\/\/pizbube.ch\/en\/wp-json\/wp\/v2\/product"}],"about":[{"href":"https:\/\/pizbube.ch\/en\/wp-json\/wp\/v2\/types\/product"}],"wp:featuredmedia":[{"embeddable":true,"href":"https:\/\/pizbube.ch\/en\/wp-json\/wp\/v2\/media\/165749"}],"wp:attachment":[{"href":"https:\/\/pizbube.ch\/en\/wp-json\/wp\/v2\/media?parent=150331"}],"wp:term":[{"taxonomy":"product_brand","embeddable":true,"href":"https:\/\/pizbube.ch\/en\/wp-json\/wp\/v2\/product_brand?post=150331"},{"taxonomy":"product_cat","embeddable":true,"href":"https:\/\/pizbube.ch\/en\/wp-json\/wp\/v2\/product_cat?post=150331"},{"taxonomy":"product_tag","embeddable":true,"href":"https:\/\/pizbube.ch\/en\/wp-json\/wp\/v2\/product_tag?post=150331"}],"curies":[{"name":"wp","href":"https:\/\/api.w.org\/{rel}","templated":true}]}}