{"id":150332,"date":"2021-01-15T11:02:04","date_gmt":"2021-01-15T11:02:04","guid":{"rendered":"https:\/\/codengine3.ch\/?product=import-placeholder-for-200924"},"modified":"2021-01-15T11:02:08","modified_gmt":"2021-01-15T11:02:08","slug":"buendner-alpen-1-tamina-und-plessurgebirge","status":"publish","type":"product","link":"https:\/\/pizbube.ch\/en\/shop\/buendner-alpen-1-tamina-und-plessurgebirge\/","title":{"rendered":"B\u00fcndner Alpen 1 &#8211; Tamina- und Plessurgebirge"},"content":{"rendered":"<p>SAC Clubf\u00fchrer (Tamina- und Plessurgebirge)  <\/p>\n<p>In der Gegend zwischen Flims und Davos, zwischen Sargans und Tiefencastel,<br \/>\nrund um Chur, Arosa und Lenzerheide finden sich nicht nur ber\u00fchmte<br \/>\nBergwanderwege, wie die F\u00fcnfseenroute im Pizol- oder der H\u00f6henweg im Parsenn-<br \/>\nGebiet, sondern auch zahlreiche nicht minder lohnende leichte Routen, die weit<br \/>\nweniger \u00fcberlaufen sind. Sie sind in diesem F\u00fchrer ebenso dargestellt, wie die<br \/>\nanspruchsvollen, dem t\u00fcchtigen Alpinisten vorbehaltenen Routen auf die<br \/>\nGletscherkuppen von Piz Sardona und Piz Segnas oder auf den h\u00f6chsten Berg des<br \/>\nKanton St. Gallen, den 3245 m hohen Ringelspitz.<br \/>\nRoutenbeschreibungen:<br \/>\nGrauen H\u00f6rner Sazmartinhorn-\u00c4lplichopf-Kette Sardonamassiv<br \/>\nRingel-Gebirge<br \/>\nCalandakette<br \/>\nSt\u00e4tzer Horn-Kette<br \/>\nHochwang-Kette<br \/>\nWeissfluh-Gruppe<br \/>\nStrelakette<br \/>\nLenzer Horn-Erzhorn-Kette<br \/>\nZentralen Plessurberge  <\/p>","protected":false},"excerpt":{"rendered":"<p>SAC Clubf\u00fchrer (Tamina- und Plessurgebirge) In der Gegend zwischen Flims und Davos, zwischen Sargans und Tiefencastel, rund um Chur, Arosa und Lenzerheide finden sich nicht nur ber\u00fchmte Bergwanderwege, wie die F\u00fcnfseenroute im Pizol- oder der H\u00f6henweg im Parsenn- Gebiet, sondern auch zahlreiche nicht minder lohnende leichte Routen, die weit weniger \u00fcberlaufen sind. Sie sind in [&#8230;]\n","protected":false},"featured_media":28049,"template":"","meta":[],"product_brand":[],"product_cat":[21544],"product_tag":[],"class_list":{"0":"post-150332","1":"product","2":"type-product","3":"status-publish","4":"has-post-thumbnail","6":"product_cat-fuehrerliteratur-alpin-sommer","7":"pa_autor-condrau-hunziker","8":"pa_erscheinungsjahr-22295","9":"pa_region-schweiz","10":"pa_sprache-de","12":"first","13":"outofstock","14":"taxable","15":"shipping-taxable","16":"purchasable","17":"product-type-simple"},"_links":{"self":[{"href":"https:\/\/pizbube.ch\/en\/wp-json\/wp\/v2\/product\/150332","targetHints":{"allow":["GET"]}}],"collection":[{"href":"https:\/\/pizbube.ch\/en\/wp-json\/wp\/v2\/product"}],"about":[{"href":"https:\/\/pizbube.ch\/en\/wp-json\/wp\/v2\/types\/product"}],"wp:featuredmedia":[{"embeddable":true,"href":"https:\/\/pizbube.ch\/en\/wp-json\/wp\/v2\/media\/28049"}],"wp:attachment":[{"href":"https:\/\/pizbube.ch\/en\/wp-json\/wp\/v2\/media?parent=150332"}],"wp:term":[{"taxonomy":"product_brand","embeddable":true,"href":"https:\/\/pizbube.ch\/en\/wp-json\/wp\/v2\/product_brand?post=150332"},{"taxonomy":"product_cat","embeddable":true,"href":"https:\/\/pizbube.ch\/en\/wp-json\/wp\/v2\/product_cat?post=150332"},{"taxonomy":"product_tag","embeddable":true,"href":"https:\/\/pizbube.ch\/en\/wp-json\/wp\/v2\/product_tag?post=150332"}],"curies":[{"name":"wp","href":"https:\/\/api.w.org\/{rel}","templated":true}]}}