{"id":150333,"date":"2021-01-15T11:02:04","date_gmt":"2021-01-15T11:02:04","guid":{"rendered":"https:\/\/codengine3.ch\/?product=import-placeholder-for-206127"},"modified":"2021-01-15T14:46:37","modified_gmt":"2021-01-15T14:46:37","slug":"ringelspitz-arosa-raetikon-alpine-touren-buendner-alpen","status":"publish","type":"product","link":"https:\/\/pizbube.ch\/en\/shop\/ringelspitz-arosa-raetikon-alpine-touren-buendner-alpen\/","title":{"rendered":"Ringelspitz Arosa \/ R\u00e4tikon &#8211; Alpine Touren B\u00fcndner Alpen"},"content":{"rendered":"<p>Vom Pass dil Segnas zum Schlappiner Joch  <\/p>\n<p>Dieser Alpinf\u00fchrer beschreibt die Berge im weiten Umkreis um Chur, von Elm im<br \/>\nGlarnerland bis nach Gargellen im obersten Montafon, vom \u00f6sterreichischen<br \/>\nFeldkirch bis zum b\u00fcndnerischen Tiefencastel. Im Westen dieses Gebiets erhebt<br \/>\nsich das Sardonamassiv, als Teil der Glarner Haupt\u00fcberschiebung ein UNESCO-<br \/>\nWeltnaturerbe, im S\u00fcden und Osten liegen die Tourismuszentren Flims, Arosa,<br \/>\nDavos und die Lenzerheide, im Nordosten ist das Gebiet des R\u00e4tikons, eine<br \/>\nBerggruppe, die sich auf die drei L\u00e4nder, Schweiz Liechtenstein und<br \/>\nOesterreich verteilt.<\/p>\n<p>Zu jedem einzelnen der \u00fcber 500 Berggipfel wie auch zu vielen \u00dcberg\u00e4ngen und<br \/>\nden Bergunterk\u00fcnften finden sich Angaben: Die 915 Routenbeschreibungen, viele<br \/>\nauch auf Abbildungen dargestellt, richten sich an Bergwanderer und Alpinisten.<br \/>\nEine geologische Einf\u00fchrung stellt den ausserordentlich vielgestaltigen<br \/>\nGebirgsbau in aller K\u00fcrze dar.  <\/p>","protected":false},"excerpt":{"rendered":"<p>Vom Pass dil Segnas zum Schlappiner Joch Dieser Alpinf\u00fchrer beschreibt die Berge im weiten Umkreis um Chur, von Elm im Glarnerland bis nach Gargellen im obersten Montafon, vom \u00f6sterreichischen Feldkirch bis zum b\u00fcndnerischen Tiefencastel. Im Westen dieses Gebiets erhebt sich das Sardonamassiv, als Teil der Glarner Haupt\u00fcberschiebung ein UNESCO- Weltnaturerbe, im S\u00fcden und Osten liegen [&#8230;]\n","protected":false},"featured_media":35050,"template":"","meta":[],"product_brand":[],"product_cat":[21544],"product_tag":[],"class_list":{"0":"post-150333","1":"product","2":"type-product","3":"status-publish","4":"has-post-thumbnail","6":"product_cat-fuehrerliteratur-alpin-sommer","7":"pa_autor-hunziker","8":"pa_erscheinungsjahr-21830","9":"pa_region-schweiz","10":"pa_sprache-de","12":"first","13":"instock","14":"taxable","15":"shipping-taxable","16":"purchasable","17":"product-type-simple"},"_links":{"self":[{"href":"https:\/\/pizbube.ch\/en\/wp-json\/wp\/v2\/product\/150333","targetHints":{"allow":["GET"]}}],"collection":[{"href":"https:\/\/pizbube.ch\/en\/wp-json\/wp\/v2\/product"}],"about":[{"href":"https:\/\/pizbube.ch\/en\/wp-json\/wp\/v2\/types\/product"}],"wp:featuredmedia":[{"embeddable":true,"href":"https:\/\/pizbube.ch\/en\/wp-json\/wp\/v2\/media\/35050"}],"wp:attachment":[{"href":"https:\/\/pizbube.ch\/en\/wp-json\/wp\/v2\/media?parent=150333"}],"wp:term":[{"taxonomy":"product_brand","embeddable":true,"href":"https:\/\/pizbube.ch\/en\/wp-json\/wp\/v2\/product_brand?post=150333"},{"taxonomy":"product_cat","embeddable":true,"href":"https:\/\/pizbube.ch\/en\/wp-json\/wp\/v2\/product_cat?post=150333"},{"taxonomy":"product_tag","embeddable":true,"href":"https:\/\/pizbube.ch\/en\/wp-json\/wp\/v2\/product_tag?post=150333"}],"curies":[{"name":"wp","href":"https:\/\/api.w.org\/{rel}","templated":true}]}}