{"id":150334,"date":"2021-01-15T11:02:04","date_gmt":"2021-01-15T11:02:04","guid":{"rendered":"https:\/\/codengine3.ch\/?product=import-placeholder-for-200925"},"modified":"2021-01-15T11:02:08","modified_gmt":"2021-01-15T11:02:08","slug":"buendner-alpen-2-vom-lukmanier-zum-domleschg","status":"publish","type":"product","link":"https:\/\/pizbube.ch\/en\/shop\/buendner-alpen-2-vom-lukmanier-zum-domleschg\/","title":{"rendered":"B\u00fcndner Alpen 2 &#8211; Vom Lukmanier zum Domleschg"},"content":{"rendered":"<p>SAC Clubf\u00fchrer (Lukmanier-Domleschg). Alpine Routenbeschreibungen:<br \/>\nScopi Cima di Garina<br \/>\nPiz Medel- Piz Vial<br \/>\nPiz Caschleglia- Piz Muraun<br \/>\nPiz Mundaun- Piz Terri<br \/>\nPiz Aul- Piz Scharboda<br \/>\nAdula<br \/>\nZervreilahorn- G\u00fcferhorn- Fanellhorn<br \/>\nB\u00e4renhorn- Piz Signina<br \/>\nSpl\u00fcgener Kalkberge und Piz Beverin  <\/p>","protected":false},"excerpt":{"rendered":"<p>SAC Clubf\u00fchrer (Lukmanier-Domleschg). Alpine Routenbeschreibungen: Scopi Cima di Garina Piz Medel- Piz Vial Piz Caschleglia- Piz Muraun Piz Mundaun- Piz Terri Piz Aul- Piz Scharboda Adula Zervreilahorn- G\u00fcferhorn- Fanellhorn B\u00e4renhorn- Piz Signina Spl\u00fcgener Kalkberge und Piz Beverin<\/p>","protected":false},"featured_media":28051,"template":"","meta":[],"product_brand":[],"product_cat":[21544],"product_tag":[],"class_list":{"0":"post-150334","1":"product","2":"type-product","3":"status-publish","4":"has-post-thumbnail","6":"product_cat-fuehrerliteratur-alpin-sommer","7":"pa_autor-hunziker","8":"pa_erscheinungsjahr-22151","9":"pa_region-schweiz","10":"pa_sprache-de","12":"first","13":"instock","14":"taxable","15":"shipping-taxable","16":"purchasable","17":"product-type-simple"},"_links":{"self":[{"href":"https:\/\/pizbube.ch\/en\/wp-json\/wp\/v2\/product\/150334","targetHints":{"allow":["GET"]}}],"collection":[{"href":"https:\/\/pizbube.ch\/en\/wp-json\/wp\/v2\/product"}],"about":[{"href":"https:\/\/pizbube.ch\/en\/wp-json\/wp\/v2\/types\/product"}],"wp:featuredmedia":[{"embeddable":true,"href":"https:\/\/pizbube.ch\/en\/wp-json\/wp\/v2\/media\/28051"}],"wp:attachment":[{"href":"https:\/\/pizbube.ch\/en\/wp-json\/wp\/v2\/media?parent=150334"}],"wp:term":[{"taxonomy":"product_brand","embeddable":true,"href":"https:\/\/pizbube.ch\/en\/wp-json\/wp\/v2\/product_brand?post=150334"},{"taxonomy":"product_cat","embeddable":true,"href":"https:\/\/pizbube.ch\/en\/wp-json\/wp\/v2\/product_cat?post=150334"},{"taxonomy":"product_tag","embeddable":true,"href":"https:\/\/pizbube.ch\/en\/wp-json\/wp\/v2\/product_tag?post=150334"}],"curies":[{"name":"wp","href":"https:\/\/api.w.org\/{rel}","templated":true}]}}