{"id":150336,"date":"2021-01-15T11:02:04","date_gmt":"2021-01-15T11:02:04","guid":{"rendered":"https:\/\/codengine3.ch\/?product=import-placeholder-for-200926"},"modified":"2025-11-29T10:04:48","modified_gmt":"2025-11-29T09:04:48","slug":"buendner-alpen-3-avers-san-bernadino-bis-septimer","status":"publish","type":"product","link":"https:\/\/pizbube.ch\/en\/shop\/buendner-alpen-3-avers-san-bernadino-bis-septimer\/","title":{"rendered":"B\u00fcndner Alpen 3 &#8211; Avers (San Bernadino bis Septimer)"},"content":{"rendered":"<p>SAC Clubf\u00fchrer (San Bernardino- Septimer)<\/p>\n<p>Mit dieser Neuausgabe wird nun endlich eine alte L\u00fccke in der Reihe der<br \/>\nB\u00fcndner-F\u00fchrer geschlossen. Er beschreibt die Routen \u00fcber die Berggruppen<br \/>\ns\u00fcdlich des Rheinwald-Tales beidseits des Spl\u00fcgenpasses, in der Valle di Lei,<br \/>\nauf der n\u00f6rdlichen Talseite des Bergells, im Avers und in seinen Nebent\u00e4lern<br \/>\nsowie im Gebiet zwischen Schons, Viamala und Oberhalbstein.<\/p>\n<p>_Routenbeschreibungen:_<br \/>\n\u2022 Gruppe Einshorn &#8211; Piz de la Lumbreida<br \/>\n\u2022 Kette Piz di Pian &#8211; Pizzo Tambo<br \/>\n\u2022 Suretta &#8211; Gruppe<br \/>\n\u2022 Piz Timun &#8211; Kette<br \/>\n\u2022 Pizzo Stella-Gruppe<br \/>\n\u2022 Kette Schiahorn &#8211; Piz Gallagiun<br \/>\n\u2022 Piz Duan &#8211; Gruppe<br \/>\n\u2022 Tscheischhorn &#8211; Kette<br \/>\n\u2022 Kette Gletscherhorn &#8211; Piz Piot<br \/>\n\u2022 Kette Piz Turba &#8211; Piz Scalotta<br \/>\n\u2022 Piz Platta-Gruppe<br \/>\n\u2022 Forbesch &#8211; Arblatsch-Massiv<br \/>\n\u2022 Piz Grisch &#8211; Gruppe<br \/>\n\u2022 Piz Curv\u00e9r- Gruppe<\/p>","protected":false},"excerpt":{"rendered":"<p>SAC Clubf\u00fchrer (San Bernardino- Septimer) Mit dieser Neuausgabe wird nun endlich eine alte L\u00fccke in der Reihe der B\u00fcndner-F\u00fchrer geschlossen. Er beschreibt die Routen \u00fcber die Berggruppen s\u00fcdlich des Rheinwald-Tales beidseits des Spl\u00fcgenpasses, in der Valle di Lei, auf der n\u00f6rdlichen Talseite des Bergells, im Avers und in seinen Nebent\u00e4lern sowie im Gebiet zwischen Schons, [&#8230;]\n","protected":false},"featured_media":35954,"template":"","meta":[],"product_brand":[],"product_cat":[21544],"product_tag":[],"class_list":{"0":"post-150336","1":"product","2":"type-product","3":"status-publish","4":"has-post-thumbnail","6":"product_cat-fuehrerliteratur-alpin-sommer","7":"pa_autor-hunziker","8":"pa_erscheinungsjahr-22137","9":"pa_region-schweiz","10":"pa_sprache-de","12":"first","13":"instock","14":"taxable","15":"shipping-taxable","16":"purchasable","17":"product-type-simple"},"_links":{"self":[{"href":"https:\/\/pizbube.ch\/en\/wp-json\/wp\/v2\/product\/150336","targetHints":{"allow":["GET"]}}],"collection":[{"href":"https:\/\/pizbube.ch\/en\/wp-json\/wp\/v2\/product"}],"about":[{"href":"https:\/\/pizbube.ch\/en\/wp-json\/wp\/v2\/types\/product"}],"wp:featuredmedia":[{"embeddable":true,"href":"https:\/\/pizbube.ch\/en\/wp-json\/wp\/v2\/media\/35954"}],"wp:attachment":[{"href":"https:\/\/pizbube.ch\/en\/wp-json\/wp\/v2\/media?parent=150336"}],"wp:term":[{"taxonomy":"product_brand","embeddable":true,"href":"https:\/\/pizbube.ch\/en\/wp-json\/wp\/v2\/product_brand?post=150336"},{"taxonomy":"product_cat","embeddable":true,"href":"https:\/\/pizbube.ch\/en\/wp-json\/wp\/v2\/product_cat?post=150336"},{"taxonomy":"product_tag","embeddable":true,"href":"https:\/\/pizbube.ch\/en\/wp-json\/wp\/v2\/product_tag?post=150336"}],"curies":[{"name":"wp","href":"https:\/\/api.w.org\/{rel}","templated":true}]}}