{"id":150337,"date":"2021-01-15T11:02:04","date_gmt":"2021-01-15T11:02:04","guid":{"rendered":"https:\/\/codengine3.ch\/?product=import-placeholder-for-202099"},"modified":"2021-01-15T12:33:21","modified_gmt":"2021-01-15T12:33:21","slug":"buendner-alpen-6-vom-septimer-zum-flueela","status":"publish","type":"product","link":"https:\/\/pizbube.ch\/en\/shop\/buendner-alpen-6-vom-septimer-zum-flueela\/","title":{"rendered":"B\u00fcndner Alpen 6 &#8211; Vom Septimer zum Fl\u00fcela"},"content":{"rendered":"<p>\nVom Septimer zum Fl\u00fcela:<\/p>\n<p>beschrieben sind s\u00e4mtliche Berge zwischen Davos und Oberengadin, Savognin und<br \/>\nZernez. Angaben zu Pass\u00fcberg\u00e4ngen, H\u00fctten und Geologie.  <\/p>\n<p>Routenbeschreibungen:<br \/>\nLagrev-Gruppe<br \/>\nPiz Ot-Gruppe<br \/>\nG\u00fcglia- und Bever-Gruppe<br \/>\nErr-Gebiet<br \/>\nPizs da Bravuogn (Berg\u00fcner St\u00f6cke)<br \/>\nBleis Marscha-Gruppe und Crasta Mora  <\/p>\n<p>Kesch Gebiet<br \/>\nDucan-Kette und Monsteiner-Kette<br \/>\nCh\u00fcealphorn-Kette<br \/>\nSchwarzhorn-Kette<br \/>\nGrialetsch-Gebiet  <\/p>","protected":false},"excerpt":{"rendered":"<p>Vom Septimer zum Fl\u00fcela: beschrieben sind s\u00e4mtliche Berge zwischen Davos und Oberengadin, Savognin und Zernez. Angaben zu Pass\u00fcberg\u00e4ngen, H\u00fctten und Geologie. Routenbeschreibungen: Lagrev-Gruppe Piz Ot-Gruppe G\u00fcglia- und Bever-Gruppe Err-Gebiet Pizs da Bravuogn (Berg\u00fcner St\u00f6cke) Bleis Marscha-Gruppe und Crasta Mora Kesch Gebiet Ducan-Kette und Monsteiner-Kette Ch\u00fcealphorn-Kette Schwarzhorn-Kette Grialetsch-Gebiet<\/p>","protected":false},"featured_media":29488,"template":"","meta":[],"product_brand":[],"product_cat":[21544],"product_tag":[],"class_list":{"0":"post-150337","1":"product","2":"type-product","3":"status-publish","4":"has-post-thumbnail","6":"product_cat-fuehrerliteratur-alpin-sommer","7":"pa_autor-hunziker","8":"pa_erscheinungsjahr-21750","9":"pa_region-schweiz","10":"pa_sprache-de","12":"first","13":"instock","14":"taxable","15":"shipping-taxable","16":"purchasable","17":"product-type-simple"},"_links":{"self":[{"href":"https:\/\/pizbube.ch\/en\/wp-json\/wp\/v2\/product\/150337","targetHints":{"allow":["GET"]}}],"collection":[{"href":"https:\/\/pizbube.ch\/en\/wp-json\/wp\/v2\/product"}],"about":[{"href":"https:\/\/pizbube.ch\/en\/wp-json\/wp\/v2\/types\/product"}],"wp:featuredmedia":[{"embeddable":true,"href":"https:\/\/pizbube.ch\/en\/wp-json\/wp\/v2\/media\/29488"}],"wp:attachment":[{"href":"https:\/\/pizbube.ch\/en\/wp-json\/wp\/v2\/media?parent=150337"}],"wp:term":[{"taxonomy":"product_brand","embeddable":true,"href":"https:\/\/pizbube.ch\/en\/wp-json\/wp\/v2\/product_brand?post=150337"},{"taxonomy":"product_cat","embeddable":true,"href":"https:\/\/pizbube.ch\/en\/wp-json\/wp\/v2\/product_cat?post=150337"},{"taxonomy":"product_tag","embeddable":true,"href":"https:\/\/pizbube.ch\/en\/wp-json\/wp\/v2\/product_tag?post=150337"}],"curies":[{"name":"wp","href":"https:\/\/api.w.org\/{rel}","templated":true}]}}