{"id":150338,"date":"2021-01-15T11:02:04","date_gmt":"2021-01-15T11:02:04","guid":{"rendered":"https:\/\/codengine3.ch\/?product=import-placeholder-for-200927"},"modified":"2021-01-15T11:02:09","modified_gmt":"2021-01-15T11:02:09","slug":"buendner-alpen-4-suedliches-bergell-disgrazia","status":"publish","type":"product","link":"https:\/\/pizbube.ch\/en\/shop\/buendner-alpen-4-suedliches-bergell-disgrazia\/","title":{"rendered":"B\u00fcndner Alpen 4 &#8211; S\u00fcdliches Bergell &#8211; Disgrazia"},"content":{"rendered":"<p>\nS\u00fcdlicher Bergeller Berge und Monte Disgrazia:  <\/p>\n<p>Ein komplett neu \u00fcberarbeiteter F\u00fchrer, der den ver\u00e4nderten Verh\u00e4ltnissen am<br \/>\nBerg und den Anforderungen der heutigen Bergsteiger Rechnung tr\u00e4gt. Eine<br \/>\ngrosse Zahl neuer Kletterrouten sind darin aufgenommen worden, aber auch die<br \/>\nBeschreibung grossartiger, eher anspruchsvoller alpiner Wanderungen. Neue Wege<br \/>\nsind f\u00fcr die Beschreibungen beschritten worden: der Schwerpunkt verlagert sich<br \/>\nvom Text zu den Illustrationen.  <\/p>\n<p>Routenbeschreibungen:<br \/>\nPizzi dei Rossi &#8211; Monte Sissone &#8211; Monte Disgrazia<br \/>\nTorrone Orientale &#8211; Punta Rasica<br \/>\nPiz Salacina &#8211; Piz Bacun &#8211; Piz Balzet<br \/>\nPiz Casnil &#8211; Cima di Castello &#8211; Punta Allievi  <\/p>\n<p>Pizzo di Zocca &#8211; Pizzi del Ferro<br \/>\nSpazzacaldeira &#8211; Pizzi Cacciabella &#8211; Piz Grand<br \/>\nSciora-Gruppe<br \/>\nPizzi Gemelli &#8211; Pizzo Cengalo &#8211; Pizzo Badile<br \/>\nTrubinasca-Gruppe &#8211; Pizzi dei Vanni  <\/p>","protected":false},"excerpt":{"rendered":"<p>S\u00fcdlicher Bergeller Berge und Monte Disgrazia: Ein komplett neu \u00fcberarbeiteter F\u00fchrer, der den ver\u00e4nderten Verh\u00e4ltnissen am Berg und den Anforderungen der heutigen Bergsteiger Rechnung tr\u00e4gt. Eine grosse Zahl neuer Kletterrouten sind darin aufgenommen worden, aber auch die Beschreibung grossartiger, eher anspruchsvoller alpiner Wanderungen. Neue Wege sind f\u00fcr die Beschreibungen beschritten worden: der Schwerpunkt verlagert sich [&#8230;]\n","protected":false},"featured_media":28053,"template":"","meta":[],"product_brand":[],"product_cat":[21544],"product_tag":[],"class_list":{"0":"post-150338","1":"product","2":"type-product","3":"status-publish","4":"has-post-thumbnail","6":"product_cat-fuehrerliteratur-alpin-sommer","7":"pa_autor-meier-alig","8":"pa_erscheinungsjahr-21763","9":"pa_region-schweiz","10":"pa_sprache-de","12":"first","13":"instock","14":"taxable","15":"shipping-taxable","16":"purchasable","17":"product-type-simple"},"_links":{"self":[{"href":"https:\/\/pizbube.ch\/en\/wp-json\/wp\/v2\/product\/150338","targetHints":{"allow":["GET"]}}],"collection":[{"href":"https:\/\/pizbube.ch\/en\/wp-json\/wp\/v2\/product"}],"about":[{"href":"https:\/\/pizbube.ch\/en\/wp-json\/wp\/v2\/types\/product"}],"wp:featuredmedia":[{"embeddable":true,"href":"https:\/\/pizbube.ch\/en\/wp-json\/wp\/v2\/media\/28053"}],"wp:attachment":[{"href":"https:\/\/pizbube.ch\/en\/wp-json\/wp\/v2\/media?parent=150338"}],"wp:term":[{"taxonomy":"product_brand","embeddable":true,"href":"https:\/\/pizbube.ch\/en\/wp-json\/wp\/v2\/product_brand?post=150338"},{"taxonomy":"product_cat","embeddable":true,"href":"https:\/\/pizbube.ch\/en\/wp-json\/wp\/v2\/product_cat?post=150338"},{"taxonomy":"product_tag","embeddable":true,"href":"https:\/\/pizbube.ch\/en\/wp-json\/wp\/v2\/product_tag?post=150338"}],"curies":[{"name":"wp","href":"https:\/\/api.w.org\/{rel}","templated":true}]}}