{"id":150339,"date":"2021-01-15T11:02:04","date_gmt":"2021-01-15T11:02:04","guid":{"rendered":"https:\/\/codengine3.ch\/?product=import-placeholder-for-204021"},"modified":"2021-01-15T14:28:56","modified_gmt":"2021-01-15T14:28:56","slug":"badile-kathedrale-aus-granit","status":"publish","type":"product","link":"https:\/\/pizbube.ch\/en\/shop\/badile-kathedrale-aus-granit\/","title":{"rendered":"Badile &#8211; Kathedrale aus Granit"},"content":{"rendered":"<p>\nBergmonografie; Der Pizzo Badile im Bergell, die &#8218;Schaufel&#8216; aus Granit, geh\u00f6rt<br \/>\nzu den auff\u00e4lligsten Berggestalten der Alpen. Unter Kletterern ist er wegen<br \/>\nseiner Felsqualit\u00e4t beliebt &#8211; heute noch genauso wie vor mehr als hundert<br \/>\nJahren. An seinen Graten und W\u00e4nden l\u00e4sst sich l\u00fcckenlos die Entwicklung des<br \/>\nFelskletterns verfolgen.  <\/p>\n<p>Die Liste der M\u00e4nner und Frauen, die an diesem Berg ihre Spuren hinterlassen<br \/>\nund Erfolge wie Trag\u00f6dien erlebt haben, liest sich wie ein Who&#8217;s who des<br \/>\nAlpinismus: Cassin, Bonatti, Klucker, R\u00e9buffat, Terray, Lachenal, Buhl, L.<br \/>\nBoulaz, A. Hargreaves, Y. Vaucher, I. Koller, M. Kosterlitz und viele weitere.  <\/p>\n<p>Der Badile steht aber auch f\u00fcr andere grosse Pionierleistungen: einige der<br \/>\nersten Helikopter Direktrettungen, die Entwicklung der weltber\u00fchmten<br \/>\nVibramsohlen, atemberaubend ausgesetzte und dramatische Bergfilme.  <\/p>","protected":false},"excerpt":{"rendered":"<p>Bergmonografie; Der Pizzo Badile im Bergell, die &#8218;Schaufel&#8216; aus Granit, geh\u00f6rt zu den auff\u00e4lligsten Berggestalten der Alpen. Unter Kletterern ist er wegen seiner Felsqualit\u00e4t beliebt &#8211; heute noch genauso wie vor mehr als hundert Jahren. An seinen Graten und W\u00e4nden l\u00e4sst sich l\u00fcckenlos die Entwicklung des Felskletterns verfolgen. Die Liste der M\u00e4nner und Frauen, die [&#8230;]\n","protected":false},"featured_media":31752,"template":"","meta":[],"product_brand":[],"product_cat":[21542],"product_tag":[],"class_list":{"0":"post-150339","1":"product","2":"type-product","3":"status-publish","4":"has-post-thumbnail","6":"product_cat-sachbuecher-dokumentationen","7":"pa_autor-volken","8":"pa_erscheinungsjahr-21763","9":"pa_region-schweiz","10":"pa_sprache-de","12":"first","13":"instock","14":"taxable","15":"shipping-taxable","16":"purchasable","17":"product-type-simple"},"_links":{"self":[{"href":"https:\/\/pizbube.ch\/en\/wp-json\/wp\/v2\/product\/150339","targetHints":{"allow":["GET"]}}],"collection":[{"href":"https:\/\/pizbube.ch\/en\/wp-json\/wp\/v2\/product"}],"about":[{"href":"https:\/\/pizbube.ch\/en\/wp-json\/wp\/v2\/types\/product"}],"wp:featuredmedia":[{"embeddable":true,"href":"https:\/\/pizbube.ch\/en\/wp-json\/wp\/v2\/media\/31752"}],"wp:attachment":[{"href":"https:\/\/pizbube.ch\/en\/wp-json\/wp\/v2\/media?parent=150339"}],"wp:term":[{"taxonomy":"product_brand","embeddable":true,"href":"https:\/\/pizbube.ch\/en\/wp-json\/wp\/v2\/product_brand?post=150339"},{"taxonomy":"product_cat","embeddable":true,"href":"https:\/\/pizbube.ch\/en\/wp-json\/wp\/v2\/product_cat?post=150339"},{"taxonomy":"product_tag","embeddable":true,"href":"https:\/\/pizbube.ch\/en\/wp-json\/wp\/v2\/product_tag?post=150339"}],"curies":[{"name":"wp","href":"https:\/\/api.w.org\/{rel}","templated":true}]}}