{"id":150340,"date":"2021-01-15T11:02:04","date_gmt":"2021-01-15T11:02:04","guid":{"rendered":"https:\/\/codengine3.ch\/?product=import-placeholder-for-204464"},"modified":"2023-08-31T15:28:06","modified_gmt":"2023-08-31T13:28:06","slug":"nichts-als-granit-band-2","status":"publish","type":"product","link":"https:\/\/pizbube.ch\/en\/shop\/nichts-als-granit-band-2\/","title":{"rendered":"NICHTS ALS GRANIT Band 2"},"content":{"rendered":"<p>Masino-Bergell- Disgrazia; Klassische und moderne Routen<br \/>\nBand 2 \u2013 T\u00e4ler des Bondasca Albigna Forno Schiesone Codera Ratti<\/p>\n<p>In dieser Auflage \u2013 nach dem Erscheinen des ersten Teils, der sich mit den<br \/>\nT\u00e4lern von Masino und Disgrazia befasst \u2013 geht es ins Innere des Massivs,<br \/>\nhinauf in die tiefen Seitent\u00e4ler, die von den T\u00e4lern Bergell und Chiavenna<br \/>\nabzweigen. Die Neuauflage erscheint acht Jahre nach der Erstauflage und wurde<br \/>\num zwei T\u00e4ler erweitert: das Val del Forno und das Val Schiesone, etwas<br \/>\nabseits gelegen und dennoch sehr interessant.<\/p>\n<p>Au\u00dferdem wurde der beschreibende Teil ausf\u00fchrlicher gestaltet, besonders was die Zustiege, Abstiege und den<br \/>\nVerlauf der Routen betrifft. Alle Zeichnungen wurden \u00fcberarbeitet und<br \/>\ngro\u00dfformatige Panoramafotos hinzugef\u00fcgt.<\/p>\n<p>Viele Neuerungen erwarten den Kletterer, von den Kletterg\u00e4rten der H\u00fctten<br \/>\nForno, Sciora und Sasc Fur\u00e4 bis zu den traumhaften modernen Routen am<br \/>\nSpazzacaldera, Badile und Ferro da Stiro, nur um ein paar Namen zu nennen.<\/p>\n<p>Dieses Gebiet war seit jeher Ziel f\u00fcr Generationen von Alpinisten, von den<br \/>\nAnf\u00e4ngen des Alpinismus bis heute. Ber\u00fchmte und gefeierte W\u00e4nde, wie die<br \/>\nNordost des Badile sahen Kletterer aus der ganzen Welt vor\u00fcberziehen, jedoch<br \/>\nauch entlegenere W\u00e4nde wie die Nordwest der Sfinge oder der etwas d\u00fcstere<br \/>\nPizzo di Prata fanden ihre Liebhaber.<\/p>\n<p>Es bleibt nichts als die Qual der Wahl zwischen schier unendlich vielen Routen, die jede Menge Kletterspa\u00df und<br \/>\ntraumhaften Fels in diesem vertikalen Paradies versprechen.<\/p>","protected":false},"excerpt":{"rendered":"<p>Masino-Bergell- Disgrazia; Klassische und moderne Routen Band 2 \u2013 T\u00e4ler des Bondasca Albigna Forno Schiesone Codera Ratti In dieser Auflage \u2013 nach dem Erscheinen des ersten Teils, der sich mit den T\u00e4lern von Masino und Disgrazia befasst \u2013 geht es ins Innere des Massivs, hinauf in die tiefen Seitent\u00e4ler, die von den T\u00e4lern Bergell und [&#8230;]\n","protected":false},"featured_media":158419,"template":"","meta":[],"product_brand":[],"product_cat":[21539],"product_tag":[],"class_list":{"0":"post-150340","1":"product","2":"type-product","3":"status-publish","4":"has-post-thumbnail","6":"product_cat-fuehrerliteratur-sportklettern-bouldern","7":"pa_autor-sertori","8":"pa_erscheinungsjahr-21597","9":"pa_region-schweiz","10":"pa_sprache-de","12":"first","13":"instock","14":"taxable","15":"shipping-taxable","16":"purchasable","17":"product-type-simple"},"_links":{"self":[{"href":"https:\/\/pizbube.ch\/en\/wp-json\/wp\/v2\/product\/150340","targetHints":{"allow":["GET"]}}],"collection":[{"href":"https:\/\/pizbube.ch\/en\/wp-json\/wp\/v2\/product"}],"about":[{"href":"https:\/\/pizbube.ch\/en\/wp-json\/wp\/v2\/types\/product"}],"wp:featuredmedia":[{"embeddable":true,"href":"https:\/\/pizbube.ch\/en\/wp-json\/wp\/v2\/media\/158419"}],"wp:attachment":[{"href":"https:\/\/pizbube.ch\/en\/wp-json\/wp\/v2\/media?parent=150340"}],"wp:term":[{"taxonomy":"product_brand","embeddable":true,"href":"https:\/\/pizbube.ch\/en\/wp-json\/wp\/v2\/product_brand?post=150340"},{"taxonomy":"product_cat","embeddable":true,"href":"https:\/\/pizbube.ch\/en\/wp-json\/wp\/v2\/product_cat?post=150340"},{"taxonomy":"product_tag","embeddable":true,"href":"https:\/\/pizbube.ch\/en\/wp-json\/wp\/v2\/product_tag?post=150340"}],"curies":[{"name":"wp","href":"https:\/\/api.w.org\/{rel}","templated":true}]}}