{"id":150341,"date":"2021-01-15T11:02:04","date_gmt":"2021-01-15T11:02:04","guid":{"rendered":"https:\/\/codengine3.ch\/?product=import-placeholder-for-203225"},"modified":"2022-09-04T14:06:15","modified_gmt":"2022-09-04T12:06:15","slug":"bergell-gebietsfuehrer","status":"publish","type":"product","link":"https:\/\/pizbube.ch\/en\/shop\/bergell-gebietsfuehrer\/","title":{"rendered":"Bergell (Gebietsf\u00fchrer)"},"content":{"rendered":"<p>Paul Nigg, der Leiter der Bergsteigerschule Bernina-Bergell in Pontresina, ist<br \/>\nwohl einer der kompetentesten Autoren f\u00fcr die Bergeller Berge. Er kennt das<br \/>\nGebiet seit Jahrzehnten und hat dort einige der schwierigsten Klettertouren<br \/>\nselbst erstbegangen. In Zusammenarbeit mit vielen Bergf\u00fchrerkollegen konnte er<br \/>\nden bisherigen Bergellf\u00fchrer in Form und Inhalt weiter den Anforderungen eines<br \/>\nmodernen Kletterf\u00fchrers angleichen.<\/p>\n<p>Zahlreiche neue Abbildungen und vor allem mehr als 60 detaillierte<br \/>\nAnstiegsskizzen liefern dem Bergsteiger und Kletterer unabdingbare<br \/>\nInformationen zu Graten und W\u00e4nden. Der Wanderer hingegen wird vor allem aus<br \/>\nden farbigen \u00dcbersichtskarten zus\u00e4tzlichen Nutzen ziehen k\u00f6nnen.<br \/>\nDer Bereich des Bergell-F\u00fchrers erstreckt sich s\u00fcd\u00f6stlich des Val Bregaglia<br \/>\nvon der Berninagruppe im Nordosten bis zum Pizzo Ligoncio im S\u00fcdwesten.<br \/>\nObgleich das Hauptaugenmerk des F\u00fchrers auf den Gipfelanstiegen liegt, kommt<br \/>\nauch der Wanderer auf seine Kosten; besondere Aufmerksamkeit wurde der<br \/>\nmehrt\u00e4gigen Wanderung \u00fcber den Sentiero Roma auf der S\u00fcdseite des Bergeller<br \/>\nHauptkammes gewidmet.<\/p>\n<p>Die Bergeller Berge sind vor allem wegen ihres zuverl\u00e4ssigen, meist<br \/>\neisenharten Granits bekannt und somit zu einem Mekka der Kletterer avanciert.<br \/>\nNeben vielen kurzen und mittelschweren Touren sind gerade in den letzten<br \/>\nJahren zahlreiche Sportklettereien an den Felsen von Biopfeiler,<br \/>\nSpazzacaldeira und Sfinge getreten. Die ber\u00fchmtesten Anstiege \u00fcber wuchtige<br \/>\nKanten und durch plattige W\u00e4nde befinden sich jedoch im Bondascatal, an der<br \/>\nScioragruppe, dem Pizzi Gemelli, dem Pizzo Cengalo und vor allem im<br \/>\nKlettereldorado am Piz Badile. Neu hinzugekommen sind in dieser vollst\u00e4ndig<br \/>\naktualisierten und neu bearbeiteten Auflage die als Geheimtipps geltenden<br \/>\nKlettergebiete im Val Codera und im Val di Mello.<\/p>\n<p>360 Seiten mit 65 Schwarz-Wei\u00df-Abbildungen<br \/>\n62 Anstiegsskizzen, vier Kartenskizzen, zwei \u00dcbersichtskarten im Ma\u00dfstab<br \/>\n1:100.000<\/p>","protected":false},"excerpt":{"rendered":"<p>Paul Nigg, der Leiter der Bergsteigerschule Bernina-Bergell in Pontresina, ist wohl einer der kompetentesten Autoren f\u00fcr die Bergeller Berge. Er kennt das Gebiet seit Jahrzehnten und hat dort einige der schwierigsten Klettertouren selbst erstbegangen. In Zusammenarbeit mit vielen Bergf\u00fchrerkollegen konnte er den bisherigen Bergellf\u00fchrer in Form und Inhalt weiter den Anforderungen eines modernen Kletterf\u00fchrers angleichen. [&#8230;]\n","protected":false},"featured_media":30785,"template":"","meta":[],"product_brand":[],"product_cat":[21544],"product_tag":[],"class_list":{"0":"post-150341","1":"product","2":"type-product","3":"status-publish","4":"has-post-thumbnail","6":"product_cat-fuehrerliteratur-alpin-sommer","7":"pa_autor-nigg","8":"pa_erscheinungsjahr-21920","9":"pa_region-schweiz","10":"pa_sprache-de","12":"first","13":"onbackorder","14":"taxable","15":"shipping-taxable","16":"purchasable","17":"product-type-simple"},"_links":{"self":[{"href":"https:\/\/pizbube.ch\/en\/wp-json\/wp\/v2\/product\/150341","targetHints":{"allow":["GET"]}}],"collection":[{"href":"https:\/\/pizbube.ch\/en\/wp-json\/wp\/v2\/product"}],"about":[{"href":"https:\/\/pizbube.ch\/en\/wp-json\/wp\/v2\/types\/product"}],"wp:featuredmedia":[{"embeddable":true,"href":"https:\/\/pizbube.ch\/en\/wp-json\/wp\/v2\/media\/30785"}],"wp:attachment":[{"href":"https:\/\/pizbube.ch\/en\/wp-json\/wp\/v2\/media?parent=150341"}],"wp:term":[{"taxonomy":"product_brand","embeddable":true,"href":"https:\/\/pizbube.ch\/en\/wp-json\/wp\/v2\/product_brand?post=150341"},{"taxonomy":"product_cat","embeddable":true,"href":"https:\/\/pizbube.ch\/en\/wp-json\/wp\/v2\/product_cat?post=150341"},{"taxonomy":"product_tag","embeddable":true,"href":"https:\/\/pizbube.ch\/en\/wp-json\/wp\/v2\/product_tag?post=150341"}],"curies":[{"name":"wp","href":"https:\/\/api.w.org\/{rel}","templated":true}]}}