{"id":150343,"date":"2021-01-15T11:02:05","date_gmt":"2021-01-15T11:02:05","guid":{"rendered":"https:\/\/codengine3.ch\/?product=import-placeholder-for-200928"},"modified":"2021-01-15T11:02:10","modified_gmt":"2021-01-15T11:02:10","slug":"alpinfuehrer-buendner-alpen-5-bernina-gruppe-und-valposchiavo","status":"publish","type":"product","link":"https:\/\/pizbube.ch\/en\/shop\/alpinfuehrer-buendner-alpen-5-bernina-gruppe-und-valposchiavo\/","title":{"rendered":"Alpinf\u00fchrer B\u00fcndner Alpen 5 Bernina-Gruppe und Valposchiavo"},"content":{"rendered":"<p>Bernina-Gruppe und Valposchiavo  <\/p>\n<p>Die 6. Auflage des SAC-Clubf\u00fchrers Bernina- Gruppe ist vom Puschlaver<br \/>\nBergf\u00fchrer Pierino Giuliani vollst\u00e4ndig \u00fcberarbeitet worden. Nebst der<br \/>\nAktualisierung des Routenangebots sind s\u00e4mtliche Bergtouren mit den<br \/>\nSchwierigkeitsgraden der neuen SAC-Bewertungsskala versehen. Erg\u00e4nzt wird der<br \/>\nBand mit Kapiteln \u00fcber Geschichte und Natur des Berggebietes. Entstanden ist<br \/>\nschliesslich ein informativer F\u00fchrer, der sich sowohl an Alpinisten und<br \/>\nKletterer als auch an Alpinwandern richtet.  <\/p>\n<p>Routenbeschreibungen:<br \/>\nMargna-Tremoggi-Gruppe<br \/>\nCorvatsch-Gruppe<br \/>\nSella-Gruppe<br \/>\nGruppe des Piz Bernina<br \/>\nGruppe des Piz Pal\u00fc<br \/>\nS\u00fcdliche Ausl\u00e4ufer (Piz Varuna-Gruppe und Ausl\u00e4ufer der Zup\u00f2-Gruppe)<\/p>","protected":false},"excerpt":{"rendered":"<p>Bernina-Gruppe und Valposchiavo Die 6. Auflage des SAC-Clubf\u00fchrers Bernina- Gruppe ist vom Puschlaver Bergf\u00fchrer Pierino Giuliani vollst\u00e4ndig \u00fcberarbeitet worden. Nebst der Aktualisierung des Routenangebots sind s\u00e4mtliche Bergtouren mit den Schwierigkeitsgraden der neuen SAC-Bewertungsskala versehen. Erg\u00e4nzt wird der Band mit Kapiteln \u00fcber Geschichte und Natur des Berggebietes. Entstanden ist schliesslich ein informativer F\u00fchrer, der sich sowohl [&#8230;]\n","protected":false},"featured_media":28055,"template":"","meta":[],"product_brand":[],"product_cat":[21544],"product_tag":[],"class_list":{"0":"post-150343","1":"product","2":"type-product","3":"status-publish","4":"has-post-thumbnail","6":"product_cat-fuehrerliteratur-alpin-sommer","7":"pa_autor-giuliani","8":"pa_erscheinungsjahr-21842","9":"pa_region-schweiz","10":"pa_sprache-de","12":"first","13":"instock","14":"taxable","15":"shipping-taxable","16":"purchasable","17":"product-type-simple"},"_links":{"self":[{"href":"https:\/\/pizbube.ch\/en\/wp-json\/wp\/v2\/product\/150343","targetHints":{"allow":["GET"]}}],"collection":[{"href":"https:\/\/pizbube.ch\/en\/wp-json\/wp\/v2\/product"}],"about":[{"href":"https:\/\/pizbube.ch\/en\/wp-json\/wp\/v2\/types\/product"}],"wp:featuredmedia":[{"embeddable":true,"href":"https:\/\/pizbube.ch\/en\/wp-json\/wp\/v2\/media\/28055"}],"wp:attachment":[{"href":"https:\/\/pizbube.ch\/en\/wp-json\/wp\/v2\/media?parent=150343"}],"wp:term":[{"taxonomy":"product_brand","embeddable":true,"href":"https:\/\/pizbube.ch\/en\/wp-json\/wp\/v2\/product_brand?post=150343"},{"taxonomy":"product_cat","embeddable":true,"href":"https:\/\/pizbube.ch\/en\/wp-json\/wp\/v2\/product_cat?post=150343"},{"taxonomy":"product_tag","embeddable":true,"href":"https:\/\/pizbube.ch\/en\/wp-json\/wp\/v2\/product_tag?post=150343"}],"curies":[{"name":"wp","href":"https:\/\/api.w.org\/{rel}","templated":true}]}}