{"id":150345,"date":"2021-01-15T11:02:05","date_gmt":"2021-01-15T11:02:05","guid":{"rendered":"https:\/\/codengine3.ch\/?product=import-placeholder-for-200929"},"modified":"2024-08-14T09:40:04","modified_gmt":"2024-08-14T07:40:04","slug":"buendner-alpen-10","status":"publish","type":"product","link":"https:\/\/pizbube.ch\/en\/shop\/buendner-alpen-10\/","title":{"rendered":"B\u00fcndner Alpen 10"},"content":{"rendered":"<p>SAC Clubf\u00fchrer (Mittleres Engadin- Puschlav)<\/p>\n<p>Der Inhalt dieses Clubf\u00fchrers umfasst die Gebirgsgruppen \u00f6stlich der<br \/>\nBerninapasstrasse bis zum Schweizerischen Nationalpark und diejenigen<br \/>\nbeidseits des Puschlavs.<\/p>\n<p>\u00d6stlich von Pontresina erhebt sich der Piz Languard mit der Vadret-Gruppe im<br \/>\nNorden und der Albris-Pischa-Gruppe im S\u00fcden und Osten. Nach den Erhebungen<br \/>\nder Val Minor beginnt das Puschlav in der \u00f6stlichen Grenzkette mit dem Corn da<br \/>\nCamp und dem Paradisin n\u00f6rdlich, dem Corno di Dosd\u00e8, der Scima da Saoseo und<br \/>\ndem Piz dal Teo s\u00fcdlich der Val da Camp.<\/p>\n<p>Weiter s\u00fcdlich liegt der Sassalb, welcher den Hauptort Poschiavo pr\u00e4gt. Auf<br \/>\nder westlichen Grenzkette erheben sich die Gruppen des Combul und des Piz<br \/>\nCancian. Ein besonderes Interesse wecken die verschiednen Pass\u00fcberg\u00e4nge in die<br \/>\nitalienischen Nachbart\u00e4ler.<\/p>\n<p>Routenbeschreibungen:<br \/>\n. Piz Cancian-Kette<br \/>\n. Grenzkette \u00f6stlich des Lago di Poschiavo<br \/>\n. Scima da Saoseo-Kette<br \/>\n. Piz Paradisin-Gruppe<br \/>\n. Piz Minor- und Piz Campasc-Gruppe<br \/>\n. Piz Languard-Gruppe<br \/>\n. Piz Vadret-Gruppe<br \/>\n. Piz Lavirun-Gruppe<br \/>\n. Piz Chaschauna-Gruppe<br \/>\n. Piz Quattervals-Gruppe<br \/>\n. Piz dal Diavel-Gruppe<\/p>","protected":false},"excerpt":{"rendered":"<p>SAC Clubf\u00fchrer (Mittleres Engadin- Puschlav) Der Inhalt dieses Clubf\u00fchrers umfasst die Gebirgsgruppen \u00f6stlich der Berninapasstrasse bis zum Schweizerischen Nationalpark und diejenigen beidseits des Puschlavs. \u00d6stlich von Pontresina erhebt sich der Piz Languard mit der Vadret-Gruppe im Norden und der Albris-Pischa-Gruppe im S\u00fcden und Osten. Nach den Erhebungen der Val Minor beginnt das Puschlav in der [&#8230;]\n","protected":false},"featured_media":168166,"template":"","meta":[],"product_brand":[],"product_cat":[21544],"product_tag":[],"class_list":{"0":"post-150345","1":"product","2":"type-product","3":"status-publish","4":"has-post-thumbnail","6":"product_cat-fuehrerliteratur-alpin-sommer","7":"pa_autor-condrau-candinas","8":"pa_erscheinungsjahr-22397","9":"pa_region-schweiz","10":"pa_sprache-de","12":"first","13":"instock","14":"taxable","15":"shipping-taxable","16":"purchasable","17":"product-type-simple"},"_links":{"self":[{"href":"https:\/\/pizbube.ch\/en\/wp-json\/wp\/v2\/product\/150345","targetHints":{"allow":["GET"]}}],"collection":[{"href":"https:\/\/pizbube.ch\/en\/wp-json\/wp\/v2\/product"}],"about":[{"href":"https:\/\/pizbube.ch\/en\/wp-json\/wp\/v2\/types\/product"}],"wp:featuredmedia":[{"embeddable":true,"href":"https:\/\/pizbube.ch\/en\/wp-json\/wp\/v2\/media\/168166"}],"wp:attachment":[{"href":"https:\/\/pizbube.ch\/en\/wp-json\/wp\/v2\/media?parent=150345"}],"wp:term":[{"taxonomy":"product_brand","embeddable":true,"href":"https:\/\/pizbube.ch\/en\/wp-json\/wp\/v2\/product_brand?post=150345"},{"taxonomy":"product_cat","embeddable":true,"href":"https:\/\/pizbube.ch\/en\/wp-json\/wp\/v2\/product_cat?post=150345"},{"taxonomy":"product_tag","embeddable":true,"href":"https:\/\/pizbube.ch\/en\/wp-json\/wp\/v2\/product_tag?post=150345"}],"curies":[{"name":"wp","href":"https:\/\/api.w.org\/{rel}","templated":true}]}}